{"id":139,"date":"2021-03-22T14:05:52","date_gmt":"2021-03-22T14:05:52","guid":{"rendered":"https:\/\/www.ib-caddy.com\/ibwp-faro-dev\/?page_id=139"},"modified":"2024-11-14T10:42:37","modified_gmt":"2024-11-14T10:42:37","slug":"focus-series","status":"publish","type":"page","link":"https:\/\/faro.ib-caddy.com\/hr-bih-sr-cg\/focus-series\/","title":{"rendered":"FOCUS serija"},"content":{"rendered":"<div data-elementor-type=\"wp-page\" data-elementor-id=\"139\" class=\"elementor elementor-139\" data-elementor-settings=\"{&quot;ha_cmc_init_switcher&quot;:&quot;no&quot;}\" data-elementor-post-type=\"page\">\n\t\t\t\t\t\t<section class=\"elementor-section elementor-top-section elementor-element elementor-element-3902959f elementor-section-boxed elementor-section-height-default elementor-section-height-default\" data-id=\"3902959f\" data-element_type=\"section\" data-e-type=\"section\" data-settings=\"{&quot;background_background&quot;:&quot;classic&quot;,&quot;_ha_eqh_enable&quot;:false}\">\n\t\t\t\t\t\t<div class=\"elementor-container elementor-column-gap-default\">\n\t\t\t\t\t<div class=\"elementor-column elementor-col-50 elementor-top-column elementor-element elementor-element-47802cbe\" data-id=\"47802cbe\" data-element_type=\"column\" data-e-type=\"column\">\n\t\t\t<div class=\"elementor-widget-wrap elementor-element-populated\">\n\t\t\t\t\t\t<div class=\"elementor-element elementor-element-5c9b2939 elementor-widget elementor-widget-spacer\" data-id=\"5c9b2939\" data-element_type=\"widget\" data-e-type=\"widget\" data-widget_type=\"spacer.default\">\n\t\t\t\t<div class=\"elementor-widget-container\">\n\t\t\t\t\t\t\t<div class=\"elementor-spacer\">\n\t\t\t<div class=\"elementor-spacer-inner\"><\/div>\n\t\t<\/div>\n\t\t\t\t\t\t<\/div>\n\t\t\t\t<\/div>\n\t\t\t\t<div class=\"elementor-element elementor-element-6ced2978 elementor-widget elementor-widget-text-editor\" data-id=\"6ced2978\" data-element_type=\"widget\" data-e-type=\"widget\" data-widget_type=\"text-editor.default\">\n\t\t\t\t<div class=\"elementor-widget-container\">\n\t\t\t\t\t\t\t\t\t<h1>Focus serija<\/h1>\n<p class=\"translation-block\"><strong>FARO Focus<\/strong> serija skenera, uz intuitivni softver za brzo prikupljanje podataka i efikasno dono\u0161enje odluka, nudi sveobuhvatno re\u0161enje za 3D lasersko skeniranje. Ulaganjem u Focus paket, br\u017ee dolazite do podataka i pobolj\u0161ane produktivnosti, \u0161to je idealno za oblasti kao \u0161to su geoprostorna industrija, gra\u0111evinarstvo i javna bezbednost.<\/p>\n<p><strong>Glavne karakteristike:<\/strong><\/p>\n<ul>\n<li><strong>Pobolj\u0161an domet skeniranja:<\/strong> Focus Premium Max (400 m), Focus Premium (200 m) i Focus Core (100 m).<\/li>\n<li><strong>Brzina i efikasnost:<\/strong> Flash Technology\u2122 povec\u0301ava produktivnost na terenu za 50%.<\/li>\n<li><strong>FARO Stream\u2122 aplikacija:<\/strong> Uvid u skeniranje u realnom vremenu i predregistracija na terenu.<\/li>\n<li><strong>FARO Sphere\u00ae XG:<\/strong> Objedinjuje podatke za lako deljenje i saradnju.<\/li>\n<li><strong>FARO SCENE softver:<\/strong> Br\u017ea obrada podataka i pojednostavljeni proces rada.<\/li>\n<\/ul>\n<p>Izaberite model koji najbolje odgovara Va\u0161im potrebama i u\u017eivajte u pobolj\u0161anoj preciznosti, brzini i upravljanju podacima.<\/p>\t\t\t\t\t\t\t\t<\/div>\n\t\t\t\t<\/div>\n\t\t\t\t<div class=\"elementor-element elementor-element-7d23cc5b elementor-widget elementor-widget-spacer\" data-id=\"7d23cc5b\" data-element_type=\"widget\" data-e-type=\"widget\" data-widget_type=\"spacer.default\">\n\t\t\t\t<div class=\"elementor-widget-container\">\n\t\t\t\t\t\t\t<div class=\"elementor-spacer\">\n\t\t\t<div class=\"elementor-spacer-inner\"><\/div>\n\t\t<\/div>\n\t\t\t\t\t\t<\/div>\n\t\t\t\t<\/div>\n\t\t\t\t\t<\/div>\n\t\t<\/div>\n\t\t\t\t<div class=\"elementor-column elementor-col-50 elementor-top-column elementor-element elementor-element-bd2a211\" data-id=\"bd2a211\" data-element_type=\"column\" data-e-type=\"column\">\n\t\t\t<div class=\"elementor-widget-wrap elementor-element-populated\">\n\t\t\t\t\t\t<div class=\"elementor-element elementor-element-f7b8ada elementor-widget elementor-widget-video\" data-id=\"f7b8ada\" data-element_type=\"widget\" data-e-type=\"widget\" data-settings=\"{&quot;youtube_url&quot;:&quot;https:\\\/\\\/www.youtube.com\\\/watch?v=C_rX486oig4&quot;,&quot;video_type&quot;:&quot;youtube&quot;,&quot;controls&quot;:&quot;yes&quot;}\" data-widget_type=\"video.default\">\n\t\t\t\t<div class=\"elementor-widget-container\">\n\t\t\t\t\t\t\t<div class=\"elementor-wrapper elementor-open-inline\">\n\t\t\t<div class=\"elementor-video\"><\/div>\t\t<\/div>\n\t\t\t\t\t\t<\/div>\n\t\t\t\t<\/div>\n\t\t\t\t\t<\/div>\n\t\t<\/div>\n\t\t\t\t\t<\/div>\n\t\t<\/section>\n\t\t\t\t<section class=\"elementor-section elementor-top-section elementor-element elementor-element-349c8673 elementor-section-boxed elementor-section-height-default elementor-section-height-default\" data-id=\"349c8673\" data-element_type=\"section\" data-e-type=\"section\" data-settings=\"{&quot;_ha_eqh_enable&quot;:false}\">\n\t\t\t\t\t\t<div class=\"elementor-container elementor-column-gap-default\">\n\t\t\t\t\t<div class=\"elementor-column elementor-col-100 elementor-top-column elementor-element elementor-element-281d840b\" data-id=\"281d840b\" data-element_type=\"column\" data-e-type=\"column\">\n\t\t\t<div class=\"elementor-widget-wrap elementor-element-populated\">\n\t\t\t\t\t\t<div class=\"elementor-element elementor-element-763d9929 elementor-widget elementor-widget-spacer\" data-id=\"763d9929\" data-element_type=\"widget\" data-e-type=\"widget\" data-widget_type=\"spacer.default\">\n\t\t\t\t<div class=\"elementor-widget-container\">\n\t\t\t\t\t\t\t<div class=\"elementor-spacer\">\n\t\t\t<div class=\"elementor-spacer-inner\"><\/div>\n\t\t<\/div>\n\t\t\t\t\t\t<\/div>\n\t\t\t\t<\/div>\n\t\t\t\t\t<\/div>\n\t\t<\/div>\n\t\t\t\t\t<\/div>\n\t\t<\/section>\n\t\t\t\t<section class=\"elementor-section elementor-top-section elementor-element elementor-element-e80ca92 elementor-section-boxed elementor-section-height-default elementor-section-height-default\" data-id=\"e80ca92\" data-element_type=\"section\" data-e-type=\"section\" data-settings=\"{&quot;_ha_eqh_enable&quot;:false}\">\n\t\t\t\t\t\t<div class=\"elementor-container elementor-column-gap-default\">\n\t\t\t\t\t<div class=\"elementor-column elementor-col-50 elementor-top-column elementor-element elementor-element-14fc74b4\" data-id=\"14fc74b4\" data-element_type=\"column\" data-e-type=\"column\">\n\t\t\t<div class=\"elementor-widget-wrap elementor-element-populated\">\n\t\t\t\t\t\t<div class=\"elementor-element elementor-element-dc760b0 elementor-widget elementor-widget-image\" data-id=\"dc760b0\" data-element_type=\"widget\" data-e-type=\"widget\" data-widget_type=\"image.default\">\n\t\t\t\t<div class=\"elementor-widget-container\">\n\t\t\t\t\t\t\t\t\t\t\t\t\t\t\t<img fetchpriority=\"high\" decoding=\"async\" width=\"500\" height=\"700\" src=\"https:\/\/faro.ib-caddy.com\/\/wp-content\/uploads\/faro\/\/2024\/10\/FARO-Focus-Email-Image.png\" class=\"attachment-large size-large wp-image-1118\" alt=\"\" srcset=\"https:\/\/faro.ib-caddy.com\/\/wp-content\/uploads\/faro\/2024\/10\/FARO-Focus-Email-Image.png 500w, https:\/\/faro.ib-caddy.com\/\/wp-content\/uploads\/faro\/2024\/10\/FARO-Focus-Email-Image-214x300.png 214w, https:\/\/faro.ib-caddy.com\/\/wp-content\/uploads\/faro\/2024\/10\/FARO-Focus-Email-Image-9x12.png 9w\" sizes=\"(max-width: 500px) 100vw, 500px\" \/>\t\t\t\t\t\t\t\t\t\t\t\t\t\t\t<\/div>\n\t\t\t\t<\/div>\n\t\t\t\t\t<\/div>\n\t\t<\/div>\n\t\t\t\t<div class=\"elementor-column elementor-col-50 elementor-top-column elementor-element elementor-element-9361961\" data-id=\"9361961\" data-element_type=\"column\" data-e-type=\"column\">\n\t\t\t<div class=\"elementor-widget-wrap elementor-element-populated\">\n\t\t\t\t\t\t<div class=\"elementor-element elementor-element-12d842a6 elementor-widget elementor-widget-text-editor\" data-id=\"12d842a6\" data-element_type=\"widget\" data-e-type=\"widget\" data-widget_type=\"text-editor.default\">\n\t\t\t\t<div class=\"elementor-widget-container\">\n\t\t\t\t\t\t\t\t\t<h3 class=\"no-margin\"><strong>Focus Premium Max<\/strong><\/h3><h5 class=\"no-margin\">Laserski 3D skener<\/h5><p class=\"MsoNormal\">Izuzetna efikasnost snimanja, kvalitet podataka i ta\u010dnost.<\/p><p class=\"MsoNormal\"><strong>Focus Premium Max<\/strong> se mo\u017ee pohvaliti pro\u0161irenim dometom do 400 metara. Ovo zna\u010dajno povec\u0301anje dometa u odnosu na prethodne Focus modele, omoguc\u0301ava Vam da snimite podatke vec\u0301ih struktura i koristite skener za \u0161ire geoprostorne aplikacije, kao \u0161to su infrastrukturna istra\u017eivanja, topografsko mapiranje, prora\u010duni zapremine zaliha i jo\u0161 mnogo toga.<\/p><p class=\"MsoNormal\">Do 50% br\u017ee vreme skeniranja uz Flash Technology.<\/p><p class=\"MsoNormal\">Sa montiranom panoramskom kamerom i uklju\u010denim  Hybrid Reality Capture, Focus Premium Max mo\u017ee da snima Flash Technology skenove.\n* Imate fleksibilnost da kombinujete Flash skeniranje (koje traje samo 28 sekundi) i tradicionalno skeniranje \u2014 povec\u0301avajuc\u0301i produktivnost na terenu za preko 50% i smanjujuc\u0301i vreme provedeno na licu mesta.<\/p><p class=\"MsoNormal\">Super visoka kolor rezolucija.<\/p><p class=\"MsoNormal\">Najnovija tehnologija kolor kamerei Focus skenerima omogu\u0107ava  snimanje skenova do 266 megapiksela informacija o boji.<\/p><p class=\"MsoNormal\">Sveobuhvatno re\u0161enje za skeniranje.<\/p><p class=\"MsoNormal\"><span style=\"font-family: var( --e-global-typography-text-font-family ), Sans-serif; font-weight: var( --e-global-typography-text-font-weight ); font-size: 1rem;\">Nadovezujuc\u0301i se na istoriju ta\u010dnosti i pouzdanosti, Focus Premium Max je brz, precizan i mo\u017ee se upariti sa paketom softvera koji je savr\u0161en za efikasno prikupljanje podataka i njihovo brzo deljenje sa klju\u010dnim zainteresovanim stranama radi pobolj\u0161anja ishoda projekta.<\/span><\/p>\t\t\t\t\t\t\t\t<\/div>\n\t\t\t\t<\/div>\n\t\t\t\t\t<\/div>\n\t\t<\/div>\n\t\t\t\t\t<\/div>\n\t\t<\/section>\n\t\t\t\t<section class=\"elementor-section elementor-top-section elementor-element elementor-element-8300a05 elementor-section-boxed elementor-section-height-default elementor-section-height-default\" data-id=\"8300a05\" data-element_type=\"section\" data-e-type=\"section\" data-settings=\"{&quot;_ha_eqh_enable&quot;:false}\">\n\t\t\t\t\t\t<div class=\"elementor-container elementor-column-gap-default\">\n\t\t\t\t\t<div class=\"elementor-column elementor-col-100 elementor-top-column elementor-element elementor-element-d6604d1\" data-id=\"d6604d1\" data-element_type=\"column\" data-e-type=\"column\">\n\t\t\t<div class=\"elementor-widget-wrap elementor-element-populated\">\n\t\t\t\t\t\t<div class=\"elementor-element elementor-element-17cbfc8 elementor-align-right elementor-widget__width-auto elementor-widget elementor-widget-button\" data-id=\"17cbfc8\" data-element_type=\"widget\" data-e-type=\"widget\" data-widget_type=\"button.default\">\n\t\t\t\t<div class=\"elementor-widget-container\">\n\t\t\t\t\t\t\t\t\t<div class=\"elementor-button-wrapper\">\n\t\t\t\t\t<a class=\"elementor-button elementor-button-link elementor-size-sm\" href=\"https:\/\/faro.ib-caddy.com\/\/wp-content\/uploads\/faro\/\/2024\/11\/Brochure_FocusPremiumMax_AECO_ENG_LT.pdf\" target=\"_blank\">\n\t\t\t\t\t\t<span class=\"elementor-button-content-wrapper\">\n\t\t\t\t\t\t\t\t\t<span class=\"elementor-button-text\">PREUZMITE TEHNI\u010cKE SPECIFIKACIJE<\/span>\n\t\t\t\t\t<\/span>\n\t\t\t\t\t<\/a>\n\t\t\t\t<\/div>\n\t\t\t\t\t\t\t\t<\/div>\n\t\t\t\t<\/div>\n\t\t\t\t\t<\/div>\n\t\t<\/div>\n\t\t\t\t\t<\/div>\n\t\t<\/section>\n\t\t\t\t<section class=\"elementor-section elementor-top-section elementor-element elementor-element-47bb69b elementor-section-boxed elementor-section-height-default elementor-section-height-default\" data-id=\"47bb69b\" data-element_type=\"section\" data-e-type=\"section\" data-settings=\"{&quot;_ha_eqh_enable&quot;:false}\">\n\t\t\t\t\t\t<div class=\"elementor-container elementor-column-gap-default\">\n\t\t\t\t\t<div class=\"elementor-column elementor-col-100 elementor-top-column elementor-element elementor-element-e360763\" data-id=\"e360763\" data-element_type=\"column\" data-e-type=\"column\">\n\t\t\t<div class=\"elementor-widget-wrap elementor-element-populated\">\n\t\t\t\t\t\t<div class=\"elementor-element elementor-element-724079a elementor-widget elementor-widget-spacer\" data-id=\"724079a\" data-element_type=\"widget\" data-e-type=\"widget\" data-widget_type=\"spacer.default\">\n\t\t\t\t<div class=\"elementor-widget-container\">\n\t\t\t\t\t\t\t<div class=\"elementor-spacer\">\n\t\t\t<div class=\"elementor-spacer-inner\"><\/div>\n\t\t<\/div>\n\t\t\t\t\t\t<\/div>\n\t\t\t\t<\/div>\n\t\t\t\t\t<\/div>\n\t\t<\/div>\n\t\t\t\t\t<\/div>\n\t\t<\/section>\n\t\t\t\t<section class=\"elementor-section elementor-top-section elementor-element elementor-element-00d95f9 elementor-section-boxed elementor-section-height-default elementor-section-height-default\" data-id=\"00d95f9\" data-element_type=\"section\" data-e-type=\"section\" data-settings=\"{&quot;_ha_eqh_enable&quot;:false}\">\n\t\t\t\t\t\t<div class=\"elementor-container elementor-column-gap-default\">\n\t\t\t\t\t<div class=\"elementor-column elementor-col-50 elementor-top-column elementor-element elementor-element-da43aec\" data-id=\"da43aec\" data-element_type=\"column\" data-e-type=\"column\">\n\t\t\t<div class=\"elementor-widget-wrap elementor-element-populated\">\n\t\t\t\t\t\t<div class=\"elementor-element elementor-element-591e4d0 elementor-widget elementor-widget-image\" data-id=\"591e4d0\" data-element_type=\"widget\" data-e-type=\"widget\" data-widget_type=\"image.default\">\n\t\t\t\t<div class=\"elementor-widget-container\">\n\t\t\t\t\t\t\t\t\t\t\t\t\t\t\t<img fetchpriority=\"high\" decoding=\"async\" width=\"500\" height=\"700\" src=\"https:\/\/faro.ib-caddy.com\/\/wp-content\/uploads\/faro\/\/2024\/10\/FARO-Focus-Email-Image.png\" class=\"attachment-large size-large wp-image-1118\" alt=\"\" srcset=\"https:\/\/faro.ib-caddy.com\/\/wp-content\/uploads\/faro\/2024\/10\/FARO-Focus-Email-Image.png 500w, https:\/\/faro.ib-caddy.com\/\/wp-content\/uploads\/faro\/2024\/10\/FARO-Focus-Email-Image-214x300.png 214w, https:\/\/faro.ib-caddy.com\/\/wp-content\/uploads\/faro\/2024\/10\/FARO-Focus-Email-Image-9x12.png 9w\" sizes=\"(max-width: 500px) 100vw, 500px\" \/>\t\t\t\t\t\t\t\t\t\t\t\t\t\t\t<\/div>\n\t\t\t\t<\/div>\n\t\t\t\t\t<\/div>\n\t\t<\/div>\n\t\t\t\t<div class=\"elementor-column elementor-col-50 elementor-top-column elementor-element elementor-element-1a22693\" data-id=\"1a22693\" data-element_type=\"column\" data-e-type=\"column\">\n\t\t\t<div class=\"elementor-widget-wrap elementor-element-populated\">\n\t\t\t\t\t\t<div class=\"elementor-element elementor-element-9f2279b elementor-widget elementor-widget-text-editor\" data-id=\"9f2279b\" data-element_type=\"widget\" data-e-type=\"widget\" data-widget_type=\"text-editor.default\">\n\t\t\t\t<div class=\"elementor-widget-container\">\n\t\t\t\t\t\t\t\t\t<h3 class=\"no-margin\"><strong>Focus Premium<\/strong><\/h3><h5 class=\"no-margin\">Laserski 3D skener<\/h5><p class=\"MsoNormal\">Smanjuje doradu i \u0161tedi vreme.<\/p><p class=\"MsoNormal\"><strong>Focus Premium<\/strong> sa dometom od 200 m i opcijom skeniranja u re\u017eimu Hybrid Reality Capture, savr\u0161en je za prikupljanje napravljene dokumentacije, podataka za MEP projektovanje i instalacije, kontrolu kvaliteta gradnje, premeravanja konstrukcija i jo\u0161 mnogo toga.<\/p><p class=\"MsoNormal\">Smanjuje izgubljeno vreme i materijal.<\/p><p class=\"MsoNormal\">Snimanje merenja velike zgrade ili objekta sa konvencionalnom dokumentacijom mo\u017ee potrajati danima ili nedeljama \u2014 pa \u010dak i tada podaci mogu biti nepotpuni. FARO Focus Premium stvara precizne, fotorealisti\u010dne 3D prezentacije bilo kog okru\u017eenja ili objekta za samo nekoliko minuta, \u010dak i u najekstremnijim uslovima na otvorenom prostoru.<\/p><p class=\"MsoNormal\">Nema vi\u0161e slepog skeniranja.<\/p><p class=\"MsoNormal\">Za efikasno, sveobuhvatno prikupljanje podataka na licu mesta, Focus Premium se povezuje sa novom FARO Stream aplikacijom, povezujuc\u0301i FARO hardver sa oblakom. Skenovi pre registracije se \u0161alju direktno u oblak, tako da se poslovi mogu obavljati efikasnije.<\/p><p class=\"MsoNormal\">Vi\u0161e skeniranja za manje vremena.<\/p><p class=\"MsoNormal\"><span style=\"font-family: var( --e-global-typography-text-font-family ), Sans-serif; font-weight: var( --e-global-typography-text-font-weight ); font-size: 1rem;\">Sa opcionim nosa\u010dem za panoramsku kameru i jednogodi\u0161njom pretplatom na Hybrid Reality Capture, mo\u017eete u\u0161tedeti do 2,5 dana skeniranja za projekte koji zahtevaju pet dana skeniranja. Ovo u\u0161te\u0111eno vreme Vam omoguc\u0301ava da razmislite o dodatnim skeniranjima koja mo\u017eda niste uradili pod sporijim sistemima skeniranja, obezbe\u0111ujuc\u0301i pobolj\u0161anu produktivnost na licu mesta, jo\u0161 predvidljiviju preciznost, a sve to se posti\u017ee izuzetnom obojenom vizuelnom jasnoc\u0301om.<\/span><\/p>\t\t\t\t\t\t\t\t<\/div>\n\t\t\t\t<\/div>\n\t\t\t\t\t<\/div>\n\t\t<\/div>\n\t\t\t\t\t<\/div>\n\t\t<\/section>\n\t\t\t\t<section class=\"elementor-section elementor-top-section elementor-element elementor-element-bb5ed44 elementor-section-boxed elementor-section-height-default elementor-section-height-default\" data-id=\"bb5ed44\" data-element_type=\"section\" data-e-type=\"section\" data-settings=\"{&quot;_ha_eqh_enable&quot;:false}\">\n\t\t\t\t\t\t<div class=\"elementor-container elementor-column-gap-default\">\n\t\t\t\t\t<div class=\"elementor-column elementor-col-100 elementor-top-column elementor-element elementor-element-bf78220\" data-id=\"bf78220\" data-element_type=\"column\" data-e-type=\"column\">\n\t\t\t<div class=\"elementor-widget-wrap elementor-element-populated\">\n\t\t\t\t\t\t<div class=\"elementor-element elementor-element-4e44a69 elementor-align-right elementor-widget__width-auto elementor-widget elementor-widget-button\" data-id=\"4e44a69\" data-element_type=\"widget\" data-e-type=\"widget\" data-widget_type=\"button.default\">\n\t\t\t\t<div class=\"elementor-widget-container\">\n\t\t\t\t\t\t\t\t\t<div class=\"elementor-button-wrapper\">\n\t\t\t\t\t<a class=\"elementor-button elementor-button-link elementor-size-sm\" href=\"https:\/\/faro.ib-caddy.com\/\/wp-content\/uploads\/faro\/\/2024\/11\/Brochure_FocusPremiumMax_AECO_ENG_LT.pdf\" target=\"_blank\">\n\t\t\t\t\t\t<span class=\"elementor-button-content-wrapper\">\n\t\t\t\t\t\t\t\t\t<span class=\"elementor-button-text\">PREUZMITE TEHNI\u010cKE SPECIFIKACIJE<\/span>\n\t\t\t\t\t<\/span>\n\t\t\t\t\t<\/a>\n\t\t\t\t<\/div>\n\t\t\t\t\t\t\t\t<\/div>\n\t\t\t\t<\/div>\n\t\t\t\t\t<\/div>\n\t\t<\/div>\n\t\t\t\t\t<\/div>\n\t\t<\/section>\n\t\t\t\t<section class=\"elementor-section elementor-top-section elementor-element elementor-element-6fb78f4 elementor-section-boxed elementor-section-height-default elementor-section-height-default\" data-id=\"6fb78f4\" data-element_type=\"section\" data-e-type=\"section\" data-settings=\"{&quot;_ha_eqh_enable&quot;:false}\">\n\t\t\t\t\t\t<div class=\"elementor-container elementor-column-gap-default\">\n\t\t\t\t\t<div class=\"elementor-column elementor-col-100 elementor-top-column elementor-element elementor-element-0b6b1e1\" data-id=\"0b6b1e1\" data-element_type=\"column\" data-e-type=\"column\">\n\t\t\t<div class=\"elementor-widget-wrap elementor-element-populated\">\n\t\t\t\t\t\t<div class=\"elementor-element elementor-element-7199f42 elementor-widget elementor-widget-spacer\" data-id=\"7199f42\" data-element_type=\"widget\" data-e-type=\"widget\" data-widget_type=\"spacer.default\">\n\t\t\t\t<div class=\"elementor-widget-container\">\n\t\t\t\t\t\t\t<div class=\"elementor-spacer\">\n\t\t\t<div class=\"elementor-spacer-inner\"><\/div>\n\t\t<\/div>\n\t\t\t\t\t\t<\/div>\n\t\t\t\t<\/div>\n\t\t\t\t\t<\/div>\n\t\t<\/div>\n\t\t\t\t\t<\/div>\n\t\t<\/section>\n\t\t\t\t<section class=\"elementor-section elementor-top-section elementor-element elementor-element-0bdfe3d elementor-section-boxed elementor-section-height-default elementor-section-height-default\" data-id=\"0bdfe3d\" data-element_type=\"section\" data-e-type=\"section\" data-settings=\"{&quot;_ha_eqh_enable&quot;:false}\">\n\t\t\t\t\t\t<div class=\"elementor-container elementor-column-gap-default\">\n\t\t\t\t\t<div class=\"elementor-column elementor-col-50 elementor-top-column elementor-element elementor-element-7fbcc9c\" data-id=\"7fbcc9c\" data-element_type=\"column\" data-e-type=\"column\">\n\t\t\t<div class=\"elementor-widget-wrap elementor-element-populated\">\n\t\t\t\t\t\t<div class=\"elementor-element elementor-element-e480692 elementor-widget elementor-widget-image\" data-id=\"e480692\" data-element_type=\"widget\" data-e-type=\"widget\" data-widget_type=\"image.default\">\n\t\t\t\t<div class=\"elementor-widget-container\">\n\t\t\t\t\t\t\t\t\t\t\t\t\t\t\t<img fetchpriority=\"high\" decoding=\"async\" width=\"500\" height=\"700\" src=\"https:\/\/faro.ib-caddy.com\/\/wp-content\/uploads\/faro\/\/2024\/10\/FARO-Focus-Email-Image.png\" class=\"attachment-large size-large wp-image-1118\" alt=\"\" srcset=\"https:\/\/faro.ib-caddy.com\/\/wp-content\/uploads\/faro\/2024\/10\/FARO-Focus-Email-Image.png 500w, https:\/\/faro.ib-caddy.com\/\/wp-content\/uploads\/faro\/2024\/10\/FARO-Focus-Email-Image-214x300.png 214w, https:\/\/faro.ib-caddy.com\/\/wp-content\/uploads\/faro\/2024\/10\/FARO-Focus-Email-Image-9x12.png 9w\" sizes=\"(max-width: 500px) 100vw, 500px\" \/>\t\t\t\t\t\t\t\t\t\t\t\t\t\t\t<\/div>\n\t\t\t\t<\/div>\n\t\t\t\t\t<\/div>\n\t\t<\/div>\n\t\t\t\t<div class=\"elementor-column elementor-col-50 elementor-top-column elementor-element elementor-element-866ee63\" data-id=\"866ee63\" data-element_type=\"column\" data-e-type=\"column\">\n\t\t\t<div class=\"elementor-widget-wrap elementor-element-populated\">\n\t\t\t\t\t\t<div class=\"elementor-element elementor-element-a3f6038 elementor-widget elementor-widget-text-editor\" data-id=\"a3f6038\" data-element_type=\"widget\" data-e-type=\"widget\" data-widget_type=\"text-editor.default\">\n\t\t\t\t<div class=\"elementor-widget-container\">\n\t\t\t\t\t\t\t\t\t<h3 class=\"no-margin\" style=\"font-family: Roboto, sans-serif; color: #00416a;\"><span style=\"font-weight: bolder;\">Focus Core<\/span><\/h3>\n<h5 class=\"no-margin\">Laserski 3D skener<\/h5>\n<p class=\"MsoNormal\">Svestrano snimanje 3D stvarnosti.<\/p>\n<p class=\"MsoNormal\"><strong>Focus Core<\/strong> ima domet od 100 m \u0161to je veoma pogodno za upravljanje industrijskim postrojenjima, o\u010duvanje kulturne ba\u0161tine, prikupljanje napravljene dokumentacije i jo\u0161 mnogo toga. Idealan za projekte niskog profila, 3D ure\u0111aj za snimanje realnosti sa dobrim poslovnim znanjem, sa odli\u010dnim odnosom cene i performansi, sa \u0161irokim spektrom profesionalnih primena u gra\u0111evinarstvu, javnoj bezbednosti i gra\u0111evinskim poslovima.<\/p>\n<p class=\"MsoNormal\">Izuzetna efikasnost snimanja.&nbsp;<\/p>\n<p class=\"MsoNormal\">U\u017eivajte u brzini skeniranja do jednog minuta po skenu i br\u017eem u\u010ditavanju\/odzivu sistema. Vec\u0301a efikasnost upravljanja podacima kada se upari sa Stream i otpremi u Sphere XG.\n* Sa opcijom montiranja panoramske kamere, Focus Core pru\u017ea moguc\u0301nost nadogradnje i skeniranja u re\u017eimu Hybrid Reality, ako je ova moguc\u0301nost izabrana.<\/p>\n<p class=\"MsoNormal\"><span style=\"font-family: var( --e-global-typography-text-font-family ), Sans-serif; font-weight: var( --e-global-typography-text-font-weight ); font-size: 1rem;\">Daljinski pristup za globalnu saradnju.&nbsp;<\/span><\/p><p class=\"MsoNormal\"><span style=\"font-family: var( --e-global-typography-text-font-family ), Sans-serif; font-weight: var( --e-global-typography-text-font-weight ); font-size: 1rem;\">Domet skeniranja od 100 metara, mogu\u0107nost daljinskog upravljanja pametnim telefonom i pobolj\u0161ani be\u017ei\u010dni proces rada uz br\u017ei WiFi.<\/span><\/p>\t\t\t\t\t\t\t\t<\/div>\n\t\t\t\t<\/div>\n\t\t\t\t\t<\/div>\n\t\t<\/div>\n\t\t\t\t\t<\/div>\n\t\t<\/section>\n\t\t\t\t<section class=\"elementor-section elementor-top-section elementor-element elementor-element-32686b6b elementor-section-boxed elementor-section-height-default elementor-section-height-default\" data-id=\"32686b6b\" data-element_type=\"section\" data-e-type=\"section\" data-settings=\"{&quot;_ha_eqh_enable&quot;:false}\">\n\t\t\t\t\t\t<div class=\"elementor-container elementor-column-gap-default\">\n\t\t\t\t\t<div class=\"elementor-column elementor-col-100 elementor-top-column elementor-element elementor-element-30f0a3d7\" data-id=\"30f0a3d7\" data-element_type=\"column\" data-e-type=\"column\">\n\t\t\t<div class=\"elementor-widget-wrap elementor-element-populated\">\n\t\t\t\t\t\t<div class=\"elementor-element elementor-element-6fbeb03e elementor-align-right elementor-widget__width-auto elementor-widget elementor-widget-button\" data-id=\"6fbeb03e\" data-element_type=\"widget\" data-e-type=\"widget\" data-widget_type=\"button.default\">\n\t\t\t\t<div class=\"elementor-widget-container\">\n\t\t\t\t\t\t\t\t\t<div class=\"elementor-button-wrapper\">\n\t\t\t\t\t<a class=\"elementor-button elementor-button-link elementor-size-sm\" href=\"https:\/\/faro.ib-caddy.com\/\/wp-content\/uploads\/faro\/\/2024\/11\/Brochure_FocusPremiumMax_AECO_ENG_LT.pdf\" target=\"_blank\">\n\t\t\t\t\t\t<span class=\"elementor-button-content-wrapper\">\n\t\t\t\t\t\t\t\t\t<span class=\"elementor-button-text\">PREUZMITE TEHNI\u010cKE SPECIFIKACIJE<\/span>\n\t\t\t\t\t<\/span>\n\t\t\t\t\t<\/a>\n\t\t\t\t<\/div>\n\t\t\t\t\t\t\t\t<\/div>\n\t\t\t\t<\/div>\n\t\t\t\t\t<\/div>\n\t\t<\/div>\n\t\t\t\t\t<\/div>\n\t\t<\/section>\n\t\t\t\t<\/div>","protected":false},"excerpt":{"rendered":"<p>Focus Series The FARO Focus product line offers a comprehensive 3D laser scanning solution with intuitive software for fast data acquisition and efficient decision-making. By investing in a Focus package, you gain faster time-to-data and enhanced productivity, ideal for industries like geospatial, construction, and public safety. Key Features: Improved Scanning Range: Focus Premium Max (400m), [&hellip;]<\/p>","protected":false},"author":8,"featured_media":0,"parent":0,"menu_order":0,"comment_status":"closed","ping_status":"closed","template":"","meta":{"footnotes":""},"class_list":["post-139","page","type-page","status-publish","hentry"],"_links":{"self":[{"href":"https:\/\/faro.ib-caddy.com\/hr-bih-sr-cg\/wp-json\/wp\/v2\/pages\/139","targetHints":{"allow":["GET"]}}],"collection":[{"href":"https:\/\/faro.ib-caddy.com\/hr-bih-sr-cg\/wp-json\/wp\/v2\/pages"}],"about":[{"href":"https:\/\/faro.ib-caddy.com\/hr-bih-sr-cg\/wp-json\/wp\/v2\/types\/page"}],"author":[{"embeddable":true,"href":"https:\/\/faro.ib-caddy.com\/hr-bih-sr-cg\/wp-json\/wp\/v2\/users\/8"}],"replies":[{"embeddable":true,"href":"https:\/\/faro.ib-caddy.com\/hr-bih-sr-cg\/wp-json\/wp\/v2\/comments?post=139"}],"version-history":[{"count":55,"href":"https:\/\/faro.ib-caddy.com\/hr-bih-sr-cg\/wp-json\/wp\/v2\/pages\/139\/revisions"}],"predecessor-version":[{"id":1195,"href":"https:\/\/faro.ib-caddy.com\/hr-bih-sr-cg\/wp-json\/wp\/v2\/pages\/139\/revisions\/1195"}],"wp:attachment":[{"href":"https:\/\/faro.ib-caddy.com\/hr-bih-sr-cg\/wp-json\/wp\/v2\/media?parent=139"}],"curies":[{"name":"wp","href":"https:\/\/api.w.org\/{rel}","templated":true}]}}