{"id":176,"date":"2021-03-22T15:13:09","date_gmt":"2021-03-22T15:13:09","guid":{"rendered":"https:\/\/www.ib-caddy.com\/ibwp-faro-dev\/?page_id=176"},"modified":"2021-03-26T14:00:38","modified_gmt":"2021-03-26T14:00:38","slug":"focus-swift","status":"publish","type":"page","link":"https:\/\/faro.ib-caddy.com\/hr-bih-sr-cg\/focus-swift\/","title":{"rendered":"Focus Swift"},"content":{"rendered":"<div data-elementor-type=\"wp-page\" data-elementor-id=\"176\" class=\"elementor elementor-176\" data-elementor-settings=\"{&quot;ha_cmc_init_switcher&quot;:&quot;no&quot;}\" data-elementor-post-type=\"page\">\n\t\t\t\t\t\t<section class=\"elementor-section elementor-top-section elementor-element elementor-element-3d0ec3e7 elementor-section-boxed elementor-section-height-default elementor-section-height-default\" data-id=\"3d0ec3e7\" data-element_type=\"section\" data-e-type=\"section\" data-settings=\"{&quot;background_background&quot;:&quot;classic&quot;,&quot;_ha_eqh_enable&quot;:false}\">\n\t\t\t\t\t\t<div class=\"elementor-container elementor-column-gap-default\">\n\t\t\t\t\t<div class=\"elementor-column elementor-col-50 elementor-top-column elementor-element elementor-element-31bcfa84\" data-id=\"31bcfa84\" data-element_type=\"column\" data-e-type=\"column\">\n\t\t\t<div class=\"elementor-widget-wrap elementor-element-populated\">\n\t\t\t\t\t\t<div class=\"elementor-element elementor-element-30b8be57 elementor-widget elementor-widget-spacer\" data-id=\"30b8be57\" data-element_type=\"widget\" data-e-type=\"widget\" data-widget_type=\"spacer.default\">\n\t\t\t\t<div class=\"elementor-widget-container\">\n\t\t\t\t\t\t\t<div class=\"elementor-spacer\">\n\t\t\t<div class=\"elementor-spacer-inner\"><\/div>\n\t\t<\/div>\n\t\t\t\t\t\t<\/div>\n\t\t\t\t<\/div>\n\t\t\t\t<div class=\"elementor-element elementor-element-519eae9a elementor-widget elementor-widget-text-editor\" data-id=\"519eae9a\" data-element_type=\"widget\" data-e-type=\"widget\" data-widget_type=\"text-editor.default\">\n\t\t\t\t<div class=\"elementor-widget-container\">\n\t\t\t\t\t\t\t\t\t<h1>Focus Swift<\/h1><p><strong>Focus Swift<\/strong><strong> <\/strong>je prvo potpuno integrisano re\u0161enje za 3D mobilno mapiranje zatvorenih prostora i idealno je za korisnike koji \u017eele da obezbede najbr\u017ee i najta\u010dnije skeniranje.<\/p>\t\t\t\t\t\t\t\t<\/div>\n\t\t\t\t<\/div>\n\t\t\t\t<div class=\"elementor-element elementor-element-525f9d23 elementor-widget elementor-widget-spacer\" data-id=\"525f9d23\" data-element_type=\"widget\" data-e-type=\"widget\" data-widget_type=\"spacer.default\">\n\t\t\t\t<div class=\"elementor-widget-container\">\n\t\t\t\t\t\t\t<div class=\"elementor-spacer\">\n\t\t\t<div class=\"elementor-spacer-inner\"><\/div>\n\t\t<\/div>\n\t\t\t\t\t\t<\/div>\n\t\t\t\t<\/div>\n\t\t\t\t\t<\/div>\n\t\t<\/div>\n\t\t\t\t<div class=\"elementor-column elementor-col-50 elementor-top-column elementor-element elementor-element-316ac5cd\" data-id=\"316ac5cd\" data-element_type=\"column\" data-e-type=\"column\">\n\t\t\t<div class=\"elementor-widget-wrap elementor-element-populated\">\n\t\t\t\t\t\t<div class=\"elementor-element elementor-element-52e8f95f elementor-widget elementor-widget-video\" data-id=\"52e8f95f\" data-element_type=\"widget\" data-e-type=\"widget\" data-settings=\"{&quot;youtube_url&quot;:&quot;https:\\\/\\\/youtu.be\\\/MWd8N24wxKw&quot;,&quot;video_type&quot;:&quot;youtube&quot;,&quot;controls&quot;:&quot;yes&quot;}\" data-widget_type=\"video.default\">\n\t\t\t\t<div class=\"elementor-widget-container\">\n\t\t\t\t\t\t\t<div class=\"elementor-wrapper elementor-open-inline\">\n\t\t\t<div class=\"elementor-video\"><\/div>\t\t<\/div>\n\t\t\t\t\t\t<\/div>\n\t\t\t\t<\/div>\n\t\t\t\t\t<\/div>\n\t\t<\/div>\n\t\t\t\t\t<\/div>\n\t\t<\/section>\n\t\t\t\t<section class=\"elementor-section elementor-top-section elementor-element elementor-element-5b64c233 elementor-section-boxed elementor-section-height-default elementor-section-height-default\" data-id=\"5b64c233\" data-element_type=\"section\" data-e-type=\"section\" data-settings=\"{&quot;_ha_eqh_enable&quot;:false}\">\n\t\t\t\t\t\t<div class=\"elementor-container elementor-column-gap-default\">\n\t\t\t\t\t<div class=\"elementor-column elementor-col-100 elementor-top-column elementor-element elementor-element-5d1d9214\" data-id=\"5d1d9214\" data-element_type=\"column\" data-e-type=\"column\">\n\t\t\t<div class=\"elementor-widget-wrap elementor-element-populated\">\n\t\t\t\t\t\t<div class=\"elementor-element elementor-element-6de69a4 elementor-widget elementor-widget-spacer\" data-id=\"6de69a4\" data-element_type=\"widget\" data-e-type=\"widget\" data-widget_type=\"spacer.default\">\n\t\t\t\t<div class=\"elementor-widget-container\">\n\t\t\t\t\t\t\t<div class=\"elementor-spacer\">\n\t\t\t<div class=\"elementor-spacer-inner\"><\/div>\n\t\t<\/div>\n\t\t\t\t\t\t<\/div>\n\t\t\t\t<\/div>\n\t\t\t\t\t<\/div>\n\t\t<\/div>\n\t\t\t\t\t<\/div>\n\t\t<\/section>\n\t\t\t\t<section class=\"elementor-section elementor-top-section elementor-element elementor-element-1908cf21 elementor-section-boxed elementor-section-height-default elementor-section-height-default\" data-id=\"1908cf21\" data-element_type=\"section\" data-e-type=\"section\" data-settings=\"{&quot;_ha_eqh_enable&quot;:false}\">\n\t\t\t\t\t\t<div class=\"elementor-container elementor-column-gap-default\">\n\t\t\t\t\t<div class=\"elementor-column elementor-col-50 elementor-top-column elementor-element elementor-element-1be4201e\" data-id=\"1be4201e\" data-element_type=\"column\" data-e-type=\"column\">\n\t\t\t<div class=\"elementor-widget-wrap elementor-element-populated\">\n\t\t\t\t\t\t<div class=\"elementor-element elementor-element-4b2565ad elementor-widget elementor-widget-image\" data-id=\"4b2565ad\" data-element_type=\"widget\" data-e-type=\"widget\" data-widget_type=\"image.default\">\n\t\t\t\t<div class=\"elementor-widget-container\">\n\t\t\t\t\t\t\t\t\t\t\t\t\t\t\t<img fetchpriority=\"high\" decoding=\"async\" width=\"400\" height=\"400\" src=\"https:\/\/faro.ib-caddy.com\/\/wp-content\/uploads\/faro\/\/2021\/03\/focus-swift.jpg\" class=\"attachment-large size-large wp-image-178\" alt=\"\" srcset=\"https:\/\/faro.ib-caddy.com\/\/wp-content\/uploads\/faro\/2021\/03\/focus-swift.jpg 400w, https:\/\/faro.ib-caddy.com\/\/wp-content\/uploads\/faro\/2021\/03\/focus-swift-300x300.jpg 300w, https:\/\/faro.ib-caddy.com\/\/wp-content\/uploads\/faro\/2021\/03\/focus-swift-150x150.jpg 150w, https:\/\/faro.ib-caddy.com\/\/wp-content\/uploads\/faro\/2021\/03\/focus-swift-12x12.jpg 12w\" sizes=\"(max-width: 400px) 100vw, 400px\" \/>\t\t\t\t\t\t\t\t\t\t\t\t\t\t\t<\/div>\n\t\t\t\t<\/div>\n\t\t\t\t\t<\/div>\n\t\t<\/div>\n\t\t\t\t<div class=\"elementor-column elementor-col-50 elementor-top-column elementor-element elementor-element-277f64e1\" data-id=\"277f64e1\" data-element_type=\"column\" data-e-type=\"column\">\n\t\t\t<div class=\"elementor-widget-wrap elementor-element-populated\">\n\t\t\t\t\t\t<div class=\"elementor-element elementor-element-77fd74b8 elementor-widget elementor-widget-text-editor\" data-id=\"77fd74b8\" data-element_type=\"widget\" data-e-type=\"widget\" data-widget_type=\"text-editor.default\">\n\t\t\t\t<div class=\"elementor-widget-container\">\n\t\t\t\t\t\t\t\t\t<h3 class=\"no-margin\"><strong>Focus Swift<\/strong><\/h3><h5 class=\"no-margin\">Re\u0161enje za 3D mobilno mapiranje zatvorenih prostora<\/h5><p><strong>Focus Swift<\/strong><strong> <\/strong>je prvo potpuno integrisano re\u0161enje za 3D mobilno mapiranje u zatvorenom prostoru i dizajnirano je da izvr\u0161i zadatke snimanja velikih povr\u0161ina uz minimalno vreme i napor. To je inovativan proizvod koji br\u017ee daje bolje podatke i pru\u017ea najta\u010dnija merenja gde god je to potrebno. Kao \u0161to mu samo ime govori, Swift je brz. U zavisnosti od zahteva za ta\u010dno\u0161c\u0301u, inovativni ure\u0111aj je sposoban da skenira u pokretu velika slo\u017eena podru\u010dja, do 10 puta br\u017ee od tradicionalnih stati\u010dkih skeniranja. Tako\u0111e, korisnici mogu direktno da uvoze podatke u bilo koji CAD sistem sa moguc\u0301nostima 3D oblaka ta\u010daka, dok pojednostavljuju svoje modele pomoc\u0301u automatizovanih procesa i optimizuju svoje skeniranje u BIM proces rada. Lagan i prenosiv, Swift je idealan za unutra\u0161nje skeniranje fabrika, poslovnih zgrada, bolnica i maloprodajnih objekata. Njegova intuitivna, jednostavna funkcionalnost kombinuje najbolje od FARO Focus laserskog skenera sa FARO ScanPlan 2D maperom i revolucionarnim SCENE softverom za mobilno lasersko skeniranje.<\/p><p><strong>FARO\u00ae ScanPlan\u2122<\/strong><strong> <\/strong>kombinuje brzinu i preciznost i jo\u0161 mnogo funkcija za pojednostavljivanje svakodnevnih 2D procesa rada. FARO ScanPlan je inovativan ru\u010dni ure\u0111aj koji omoguc\u0301ava brzo merenje i dokumentovanje tlocrta zgrada u 2D. Jednostavno pro\u0111ite kroz zgradu normalnom brzinom i usmerite ScanPlan na zidove. Tokom hodanja, tlocrt se kreira u realnom vremenu na pametnom telefonu (Android ili iPhone). Pretvorite 2D mape snimljene sa ScanPlan u kompletne tlocrte izvozom podataka u DXF datoteku, ili koristite FARO Zone 2D softver za dijagramiranje.<\/p>\t\t\t\t\t\t\t\t<\/div>\n\t\t\t\t<\/div>\n\t\t\t\t\t<\/div>\n\t\t<\/div>\n\t\t\t\t\t<\/div>\n\t\t<\/section>\n\t\t\t\t<section class=\"elementor-section elementor-top-section elementor-element elementor-element-eb51f36 elementor-section-boxed elementor-section-height-default elementor-section-height-default\" data-id=\"eb51f36\" data-element_type=\"section\" data-e-type=\"section\" data-settings=\"{&quot;_ha_eqh_enable&quot;:false}\">\n\t\t\t\t\t\t<div class=\"elementor-container elementor-column-gap-default\">\n\t\t\t\t\t<div class=\"elementor-column elementor-col-100 elementor-top-column elementor-element elementor-element-4f9cffbb\" data-id=\"4f9cffbb\" data-element_type=\"column\" data-e-type=\"column\">\n\t\t\t<div class=\"elementor-widget-wrap elementor-element-populated\">\n\t\t\t\t\t\t<div class=\"elementor-element elementor-element-5247247d elementor-align-right elementor-widget__width-auto elementor-widget elementor-widget-button\" data-id=\"5247247d\" data-element_type=\"widget\" data-e-type=\"widget\" data-widget_type=\"button.default\">\n\t\t\t\t<div class=\"elementor-widget-container\">\n\t\t\t\t\t\t\t\t\t<div class=\"elementor-button-wrapper\">\n\t\t\t\t\t<a class=\"elementor-button elementor-button-link elementor-size-sm\" href=\"https:\/\/faro.ib-caddy.com\/\/wp-content\/uploads\/faro\/\/2021\/03\/FARO-FocusSwift-TechSheet.pdf\" target=\"_blank\">\n\t\t\t\t\t\t<span class=\"elementor-button-content-wrapper\">\n\t\t\t\t\t\t\t\t\t<span class=\"elementor-button-text\">PREUZMITE TEHNI\u010cKE SPECIFIKACIJE<\/span>\n\t\t\t\t\t<\/span>\n\t\t\t\t\t<\/a>\n\t\t\t\t<\/div>\n\t\t\t\t\t\t\t\t<\/div>\n\t\t\t\t<\/div>\n\t\t\t\t\t<\/div>\n\t\t<\/div>\n\t\t\t\t\t<\/div>\n\t\t<\/section>\n\t\t\t\t<\/div>","protected":false},"excerpt":{"rendered":"<p>Focus Swift The Focus Swift is the first fully integrated indoor 3D mobile mapping solution and is ideal for users who want to ensure the fastest and most accurate scans. Focus Swift Indoor 3D mobile mapping solution The Focus Swift is the first fully integrated indoor mobile mapping solution and is designed to accomplish large-area [&hellip;]<\/p>","protected":false},"author":8,"featured_media":0,"parent":0,"menu_order":0,"comment_status":"closed","ping_status":"closed","template":"","meta":{"footnotes":""},"class_list":["post-176","page","type-page","status-publish","hentry"],"_links":{"self":[{"href":"https:\/\/faro.ib-caddy.com\/hr-bih-sr-cg\/wp-json\/wp\/v2\/pages\/176","targetHints":{"allow":["GET"]}}],"collection":[{"href":"https:\/\/faro.ib-caddy.com\/hr-bih-sr-cg\/wp-json\/wp\/v2\/pages"}],"about":[{"href":"https:\/\/faro.ib-caddy.com\/hr-bih-sr-cg\/wp-json\/wp\/v2\/types\/page"}],"author":[{"embeddable":true,"href":"https:\/\/faro.ib-caddy.com\/hr-bih-sr-cg\/wp-json\/wp\/v2\/users\/8"}],"replies":[{"embeddable":true,"href":"https:\/\/faro.ib-caddy.com\/hr-bih-sr-cg\/wp-json\/wp\/v2\/comments?post=176"}],"version-history":[{"count":3,"href":"https:\/\/faro.ib-caddy.com\/hr-bih-sr-cg\/wp-json\/wp\/v2\/pages\/176\/revisions"}],"predecessor-version":[{"id":449,"href":"https:\/\/faro.ib-caddy.com\/hr-bih-sr-cg\/wp-json\/wp\/v2\/pages\/176\/revisions\/449"}],"wp:attachment":[{"href":"https:\/\/faro.ib-caddy.com\/hr-bih-sr-cg\/wp-json\/wp\/v2\/media?parent=176"}],"curies":[{"name":"wp","href":"https:\/\/api.w.org\/{rel}","templated":true}]}}