{"id":776,"date":"2022-05-30T06:32:08","date_gmt":"2022-05-30T06:32:08","guid":{"rendered":"https:\/\/faro.ib-caddy.com\/?page_id=776"},"modified":"2025-06-24T12:42:56","modified_gmt":"2025-06-24T12:42:56","slug":"sphere","status":"publish","type":"page","link":"https:\/\/faro.ib-caddy.com\/hr-bih-sr-cg\/sphere\/","title":{"rendered":"Sphere"},"content":{"rendered":"<div data-elementor-type=\"wp-page\" data-elementor-id=\"776\" class=\"elementor elementor-776\" data-elementor-settings=\"{&quot;ha_cmc_init_switcher&quot;:&quot;no&quot;}\" data-elementor-post-type=\"page\">\n\t\t\t\t\t\t<section class=\"elementor-section elementor-top-section elementor-element elementor-element-48488dd8 elementor-section-boxed elementor-section-height-default elementor-section-height-default\" data-id=\"48488dd8\" data-element_type=\"section\" data-e-type=\"section\" data-settings=\"{&quot;background_background&quot;:&quot;classic&quot;,&quot;_ha_eqh_enable&quot;:false}\">\n\t\t\t\t\t\t<div class=\"elementor-container elementor-column-gap-default\">\n\t\t\t\t\t<div class=\"elementor-column elementor-col-50 elementor-top-column elementor-element elementor-element-6ac9dbbb\" data-id=\"6ac9dbbb\" data-element_type=\"column\" data-e-type=\"column\">\n\t\t\t<div class=\"elementor-widget-wrap elementor-element-populated\">\n\t\t\t\t\t\t<div class=\"elementor-element elementor-element-588ee630 elementor-widget elementor-widget-spacer\" data-id=\"588ee630\" data-element_type=\"widget\" data-e-type=\"widget\" data-widget_type=\"spacer.default\">\n\t\t\t\t<div class=\"elementor-widget-container\">\n\t\t\t\t\t\t\t<div class=\"elementor-spacer\">\n\t\t\t<div class=\"elementor-spacer-inner\"><\/div>\n\t\t<\/div>\n\t\t\t\t\t\t<\/div>\n\t\t\t\t<\/div>\n\t\t\t\t<div class=\"elementor-element elementor-element-a4cbb12 elementor-widget elementor-widget-text-editor\" data-id=\"a4cbb12\" data-element_type=\"widget\" data-e-type=\"widget\" data-widget_type=\"text-editor.default\">\n\t\t\t\t<div class=\"elementor-widget-container\">\n\t\t\t\t\t\t\t\t\t<h1>FARO Sphere XG<\/h1><p>With FARO Sphere XG, the 3D world is at your fingertips. FARO Sphere provides a single point of truth for all reality data collected on a job site, accessible on your web browser in real time. By eliminating data silos and speeding up data capture and processing, this solution ensures that your project team has access to up to date information at any time from anywhere so you can make better decisions faster. As the hub for all your service, training and technical documentation needs, you\u2019ll always know where to go to get the answers you need.<\/p>\t\t\t\t\t\t\t\t<\/div>\n\t\t\t\t<\/div>\n\t\t\t\t<div class=\"elementor-element elementor-element-7f137ce0 elementor-widget elementor-widget-spacer\" data-id=\"7f137ce0\" data-element_type=\"widget\" data-e-type=\"widget\" data-widget_type=\"spacer.default\">\n\t\t\t\t<div class=\"elementor-widget-container\">\n\t\t\t\t\t\t\t<div class=\"elementor-spacer\">\n\t\t\t<div class=\"elementor-spacer-inner\"><\/div>\n\t\t<\/div>\n\t\t\t\t\t\t<\/div>\n\t\t\t\t<\/div>\n\t\t\t\t\t<\/div>\n\t\t<\/div>\n\t\t\t\t<div class=\"elementor-column elementor-col-50 elementor-top-column elementor-element elementor-element-1b23598\" data-id=\"1b23598\" data-element_type=\"column\" data-e-type=\"column\">\n\t\t\t<div class=\"elementor-widget-wrap elementor-element-populated\">\n\t\t\t\t\t\t<div class=\"elementor-element elementor-element-e812cca elementor-widget elementor-widget-video\" data-id=\"e812cca\" data-element_type=\"widget\" data-e-type=\"widget\" data-settings=\"{&quot;youtube_url&quot;:&quot;https:\\\/\\\/www.youtube.com\\\/watch?v=9TdolIWmUQ8&amp;list=PLwtLtkFM7RprJGth2bmDmRQhWH9-MsdAm&amp;index=9&quot;,&quot;video_type&quot;:&quot;youtube&quot;,&quot;controls&quot;:&quot;yes&quot;}\" data-widget_type=\"video.default\">\n\t\t\t\t<div class=\"elementor-widget-container\">\n\t\t\t\t\t\t\t<div class=\"elementor-wrapper elementor-open-inline\">\n\t\t\t<div class=\"elementor-video\"><\/div>\t\t<\/div>\n\t\t\t\t\t\t<\/div>\n\t\t\t\t<\/div>\n\t\t\t\t\t<\/div>\n\t\t<\/div>\n\t\t\t\t\t<\/div>\n\t\t<\/section>\n\t\t\t\t<section class=\"elementor-section elementor-top-section elementor-element elementor-element-43690c26 elementor-section-boxed elementor-section-height-default elementor-section-height-default\" data-id=\"43690c26\" data-element_type=\"section\" data-e-type=\"section\" data-settings=\"{&quot;_ha_eqh_enable&quot;:false}\">\n\t\t\t\t\t\t<div class=\"elementor-container elementor-column-gap-default\">\n\t\t\t\t\t<div class=\"elementor-column elementor-col-100 elementor-top-column elementor-element elementor-element-ddfeea3\" data-id=\"ddfeea3\" data-element_type=\"column\" data-e-type=\"column\">\n\t\t\t<div class=\"elementor-widget-wrap elementor-element-populated\">\n\t\t\t\t\t\t<div class=\"elementor-element elementor-element-250400ec elementor-widget elementor-widget-spacer\" data-id=\"250400ec\" data-element_type=\"widget\" data-e-type=\"widget\" data-widget_type=\"spacer.default\">\n\t\t\t\t<div class=\"elementor-widget-container\">\n\t\t\t\t\t\t\t<div class=\"elementor-spacer\">\n\t\t\t<div class=\"elementor-spacer-inner\"><\/div>\n\t\t<\/div>\n\t\t\t\t\t\t<\/div>\n\t\t\t\t<\/div>\n\t\t\t\t\t<\/div>\n\t\t<\/div>\n\t\t\t\t\t<\/div>\n\t\t<\/section>\n\t\t\t\t<section class=\"elementor-section elementor-top-section elementor-element elementor-element-464f77fa elementor-section-boxed elementor-section-height-default elementor-section-height-default\" data-id=\"464f77fa\" data-element_type=\"section\" data-e-type=\"section\" data-settings=\"{&quot;_ha_eqh_enable&quot;:false}\">\n\t\t\t\t\t\t<div class=\"elementor-container elementor-column-gap-default\">\n\t\t\t\t\t<div class=\"elementor-column elementor-col-50 elementor-top-column elementor-element elementor-element-31201ba4\" data-id=\"31201ba4\" data-element_type=\"column\" data-e-type=\"column\">\n\t\t\t<div class=\"elementor-widget-wrap elementor-element-populated\">\n\t\t\t\t\t\t<div class=\"elementor-element elementor-element-58dcc1f4 elementor-widget elementor-widget-text-editor\" data-id=\"58dcc1f4\" data-element_type=\"widget\" data-e-type=\"widget\" data-widget_type=\"text-editor.default\">\n\t\t\t\t<div class=\"elementor-widget-container\">\n\t\t\t\t\t\t\t\t\t<h3 class=\"no-margin\"><strong>Sphere XG<\/strong><\/h3><h5 class=\"no-margin\">Platforma u oblaku za realne podatke<\/h5><p><strong>FARO Sphere<\/strong><strong> <\/strong>je informaciona platforma u oblaku koja svojim korisnicima pru\u017ea centralizovanu saradnju u aplikacijama za snimanje i alate za korisni\u010dku podr\u0161ku putem bezbednog procesa prijave na jednom mestu koji, u kombinaciji sa mobilnom aplikacijom <strong>Stream<\/strong><strong> <\/strong>, omoguc\u0301ava br\u017ee 3D snimanje podataka, obradu i vo\u0111enje projekata bilo gde u svetu.<\/p><p>Sphere sistematizuje svaku aktivnost dok ostaje intuitivan za navigaciju, omoguc\u0301avajuc\u0301i korisnicima da bolje organizuju svoje 3D skenove i upravljaju ovim podacima u razli\u010ditim grupama \u0161irom sveta. Sa <strong>FARO WebShare<\/strong><strong> <\/strong>aplikacijom u okviru Sphere, korisnici mogu da pregledaju i istra\u017euju podatke zasnovane na projektu sa neuporedivom lakoc\u0301om i efikasno\u0161c\u0301u.<\/p>\t\t\t\t\t\t\t\t<\/div>\n\t\t\t\t<\/div>\n\t\t\t\t\t<\/div>\n\t\t<\/div>\n\t\t\t\t<div class=\"elementor-column elementor-col-50 elementor-top-column elementor-element elementor-element-1f77f2d7\" data-id=\"1f77f2d7\" data-element_type=\"column\" data-e-type=\"column\">\n\t\t\t<div class=\"elementor-widget-wrap elementor-element-populated\">\n\t\t\t\t\t\t<div class=\"elementor-element elementor-element-385a5069 elementor-widget elementor-widget-image\" data-id=\"385a5069\" data-element_type=\"widget\" data-e-type=\"widget\" data-widget_type=\"image.default\">\n\t\t\t\t<div class=\"elementor-widget-container\">\n\t\t\t\t\t\t\t\t\t\t\t\t\t\t\t<img fetchpriority=\"high\" decoding=\"async\" width=\"400\" height=\"242\" src=\"https:\/\/faro.ib-caddy.com\/\/wp-content\/uploads\/faro\/\/2025\/06\/The-blue-themed-FARO-Sphere-XG-logo.jpg\" class=\"attachment-large size-large wp-image-1738\" alt=\"\" srcset=\"https:\/\/faro.ib-caddy.com\/\/wp-content\/uploads\/faro\/2025\/06\/The-blue-themed-FARO-Sphere-XG-logo.jpg 400w, https:\/\/faro.ib-caddy.com\/\/wp-content\/uploads\/faro\/2025\/06\/The-blue-themed-FARO-Sphere-XG-logo-300x182.jpg 300w, https:\/\/faro.ib-caddy.com\/\/wp-content\/uploads\/faro\/2025\/06\/The-blue-themed-FARO-Sphere-XG-logo-18x12.jpg 18w\" sizes=\"(max-width: 400px) 100vw, 400px\" \/>\t\t\t\t\t\t\t\t\t\t\t\t\t\t\t<\/div>\n\t\t\t\t<\/div>\n\t\t\t\t\t<\/div>\n\t\t<\/div>\n\t\t\t\t\t<\/div>\n\t\t<\/section>\n\t\t\t\t<section class=\"elementor-section elementor-top-section elementor-element elementor-element-2f1df6c4 elementor-section-boxed elementor-section-height-default elementor-section-height-default\" data-id=\"2f1df6c4\" data-element_type=\"section\" data-e-type=\"section\" data-settings=\"{&quot;_ha_eqh_enable&quot;:false}\">\n\t\t\t\t\t\t<div class=\"elementor-container elementor-column-gap-default\">\n\t\t\t\t\t<div class=\"elementor-column elementor-col-100 elementor-top-column elementor-element elementor-element-5f6cd63b\" data-id=\"5f6cd63b\" data-element_type=\"column\" data-e-type=\"column\">\n\t\t\t<div class=\"elementor-widget-wrap elementor-element-populated\">\n\t\t\t\t\t\t<div class=\"elementor-element elementor-element-abb0340 elementor-align-left elementor-widget__width-initial elementor-mobile-align-left elementor-widget elementor-widget-button\" data-id=\"abb0340\" data-element_type=\"widget\" data-e-type=\"widget\" data-widget_type=\"button.default\">\n\t\t\t\t<div class=\"elementor-widget-container\">\n\t\t\t\t\t\t\t\t\t<div class=\"elementor-button-wrapper\">\n\t\t\t\t\t<a class=\"elementor-button elementor-button-link elementor-size-sm\" href=\"https:\/\/faro.ib-caddy.com\/hr-bih-sr-cg\/sphere-xg\/\">\n\t\t\t\t\t\t<span class=\"elementor-button-content-wrapper\">\n\t\t\t\t\t\t\t\t\t<span class=\"elementor-button-text\">Read More<\/span>\n\t\t\t\t\t<\/span>\n\t\t\t\t\t<\/a>\n\t\t\t\t<\/div>\n\t\t\t\t\t\t\t\t<\/div>\n\t\t\t\t<\/div>\n\t\t\t\t\t<\/div>\n\t\t<\/div>\n\t\t\t\t\t<\/div>\n\t\t<\/section>\n\t\t\t\t<section class=\"elementor-section elementor-top-section elementor-element elementor-element-415d6846 elementor-section-boxed elementor-section-height-default elementor-section-height-default\" data-id=\"415d6846\" data-element_type=\"section\" data-e-type=\"section\" data-settings=\"{&quot;_ha_eqh_enable&quot;:false}\">\n\t\t\t\t\t\t<div class=\"elementor-container elementor-column-gap-default\">\n\t\t\t\t\t<div class=\"elementor-column elementor-col-100 elementor-top-column elementor-element elementor-element-761c20d5\" data-id=\"761c20d5\" data-element_type=\"column\" data-e-type=\"column\">\n\t\t\t<div class=\"elementor-widget-wrap elementor-element-populated\">\n\t\t\t\t\t\t<div class=\"elementor-element elementor-element-55d60881 elementor-widget elementor-widget-spacer\" data-id=\"55d60881\" data-element_type=\"widget\" data-e-type=\"widget\" data-widget_type=\"spacer.default\">\n\t\t\t\t<div class=\"elementor-widget-container\">\n\t\t\t\t\t\t\t<div class=\"elementor-spacer\">\n\t\t\t<div class=\"elementor-spacer-inner\"><\/div>\n\t\t<\/div>\n\t\t\t\t\t\t<\/div>\n\t\t\t\t<\/div>\n\t\t\t\t\t<\/div>\n\t\t<\/div>\n\t\t\t\t\t<\/div>\n\t\t<\/section>\n\t\t\t\t<\/div>","protected":false},"excerpt":{"rendered":"<p>FARO Sphere XG With FARO Sphere XG, the 3D world is at your fingertips. FARO Sphere provides a single point of truth for all reality data collected on a job site, accessible on your web browser in real time. By eliminating data silos and speeding up data capture and processing, this solution ensures that your [&hellip;]<\/p>","protected":false},"author":8,"featured_media":0,"parent":0,"menu_order":0,"comment_status":"closed","ping_status":"closed","template":"","meta":{"footnotes":""},"class_list":["post-776","page","type-page","status-publish","hentry"],"_links":{"self":[{"href":"https:\/\/faro.ib-caddy.com\/hr-bih-sr-cg\/wp-json\/wp\/v2\/pages\/776","targetHints":{"allow":["GET"]}}],"collection":[{"href":"https:\/\/faro.ib-caddy.com\/hr-bih-sr-cg\/wp-json\/wp\/v2\/pages"}],"about":[{"href":"https:\/\/faro.ib-caddy.com\/hr-bih-sr-cg\/wp-json\/wp\/v2\/types\/page"}],"author":[{"embeddable":true,"href":"https:\/\/faro.ib-caddy.com\/hr-bih-sr-cg\/wp-json\/wp\/v2\/users\/8"}],"replies":[{"embeddable":true,"href":"https:\/\/faro.ib-caddy.com\/hr-bih-sr-cg\/wp-json\/wp\/v2\/comments?post=776"}],"version-history":[{"count":23,"href":"https:\/\/faro.ib-caddy.com\/hr-bih-sr-cg\/wp-json\/wp\/v2\/pages\/776\/revisions"}],"predecessor-version":[{"id":1745,"href":"https:\/\/faro.ib-caddy.com\/hr-bih-sr-cg\/wp-json\/wp\/v2\/pages\/776\/revisions\/1745"}],"wp:attachment":[{"href":"https:\/\/faro.ib-caddy.com\/hr-bih-sr-cg\/wp-json\/wp\/v2\/media?parent=776"}],"curies":[{"name":"wp","href":"https:\/\/api.w.org\/{rel}","templated":true}]}}