{"id":139,"date":"2021-03-22T14:05:52","date_gmt":"2021-03-22T14:05:52","guid":{"rendered":"https:\/\/www.ib-caddy.com\/ibwp-faro-dev\/?page_id=139"},"modified":"2024-11-14T10:42:37","modified_gmt":"2024-11-14T10:42:37","slug":"focus-series","status":"publish","type":"page","link":"https:\/\/faro.ib-caddy.com\/sl\/focus-series\/","title":{"rendered":"FOCUS serija"},"content":{"rendered":"<div data-elementor-type=\"wp-page\" data-elementor-id=\"139\" class=\"elementor elementor-139\" data-elementor-settings=\"{&quot;ha_cmc_init_switcher&quot;:&quot;no&quot;}\" data-elementor-post-type=\"page\">\n\t\t\t\t\t\t<section class=\"elementor-section elementor-top-section elementor-element elementor-element-3902959f elementor-section-boxed elementor-section-height-default elementor-section-height-default\" data-id=\"3902959f\" data-element_type=\"section\" data-e-type=\"section\" data-settings=\"{&quot;background_background&quot;:&quot;classic&quot;,&quot;_ha_eqh_enable&quot;:false}\">\n\t\t\t\t\t\t<div class=\"elementor-container elementor-column-gap-default\">\n\t\t\t\t\t<div class=\"elementor-column elementor-col-50 elementor-top-column elementor-element elementor-element-47802cbe\" data-id=\"47802cbe\" data-element_type=\"column\" data-e-type=\"column\">\n\t\t\t<div class=\"elementor-widget-wrap elementor-element-populated\">\n\t\t\t\t\t\t<div class=\"elementor-element elementor-element-5c9b2939 elementor-widget elementor-widget-spacer\" data-id=\"5c9b2939\" data-element_type=\"widget\" data-e-type=\"widget\" data-widget_type=\"spacer.default\">\n\t\t\t\t<div class=\"elementor-widget-container\">\n\t\t\t\t\t\t\t<div class=\"elementor-spacer\">\n\t\t\t<div class=\"elementor-spacer-inner\"><\/div>\n\t\t<\/div>\n\t\t\t\t\t\t<\/div>\n\t\t\t\t<\/div>\n\t\t\t\t<div class=\"elementor-element elementor-element-6ced2978 elementor-widget elementor-widget-text-editor\" data-id=\"6ced2978\" data-element_type=\"widget\" data-e-type=\"widget\" data-widget_type=\"text-editor.default\">\n\t\t\t\t<div class=\"elementor-widget-container\">\n\t\t\t\t\t\t\t\t\t<h1>Focus serija<\/h1>\n<p class=\"translation-block\"><span style=\"font-family: var( --e-global-typography-text-font-family ), Sans-serif; font-weight: var( --e-global-typography-text-font-weight ); font-size: 1rem;\">The <\/span><strong style=\"font-family: var( --e-global-typography-text-font-family ), Sans-serif; font-size: 1rem;\">FARO Focus<\/strong><span style=\"font-family: var( --e-global-typography-text-font-family ), Sans-serif; font-weight: var( --e-global-typography-text-font-weight ); font-size: 1rem;\"> product line offers a comprehensive 3D laser scanning solution with intuitive software for fast data acquisition and efficient decision-making. By investing in a Focus package, you gain faster time-to-data and enhanced productivity, ideal for industries like geospatial, construction, and public safety.<\/span><\/p>\n<p><strong>Klju\u010dne zna\u010dilnosti:<\/strong><\/p>\n<ul>\n<li><strong>Izbolj\u0161an doseg skeniranja:<\/strong> Focus Premium Max (400 m), Focus Premium (200 m) in Focus Core (100 m).<\/li>\n<li><strong>Hitrost in u\u010dinkovitost:<\/strong> Flash Technology\u2122 pove\u010da produktivnost na terenu za 50 %.<\/li>\n<li><strong>Aplikacija FARO Stream\u2122:<\/strong> Pregled podatkov v realnem \u010dasu in predregistracija na terenu.<\/li>\n<li><strong>FARO Sphere\u00ae XG:<\/strong> Zdru\u017euje podatke za la\u017eje deljenje in sodelovanje.<\/li>\n<li><strong>FARO SCENE programska oprema:<\/strong> Hitrej\u0161a obdelava podatkov in poenostavljeni poteki dela.<\/li>\n<\/ul>\n<p>Izberite model, ki najbolj ustreza va\u0161im potrebam, in u\u017eivajte v izbolj\u0161ani natan\u010dnosti, hitrosti in upravljanju podatkov.<\/p>\t\t\t\t\t\t\t\t<\/div>\n\t\t\t\t<\/div>\n\t\t\t\t<div class=\"elementor-element elementor-element-7d23cc5b elementor-widget elementor-widget-spacer\" data-id=\"7d23cc5b\" data-element_type=\"widget\" data-e-type=\"widget\" data-widget_type=\"spacer.default\">\n\t\t\t\t<div class=\"elementor-widget-container\">\n\t\t\t\t\t\t\t<div class=\"elementor-spacer\">\n\t\t\t<div class=\"elementor-spacer-inner\"><\/div>\n\t\t<\/div>\n\t\t\t\t\t\t<\/div>\n\t\t\t\t<\/div>\n\t\t\t\t\t<\/div>\n\t\t<\/div>\n\t\t\t\t<div class=\"elementor-column elementor-col-50 elementor-top-column elementor-element elementor-element-bd2a211\" data-id=\"bd2a211\" data-element_type=\"column\" data-e-type=\"column\">\n\t\t\t<div class=\"elementor-widget-wrap elementor-element-populated\">\n\t\t\t\t\t\t<div class=\"elementor-element elementor-element-f7b8ada elementor-widget elementor-widget-video\" data-id=\"f7b8ada\" data-element_type=\"widget\" data-e-type=\"widget\" data-settings=\"{&quot;youtube_url&quot;:&quot;https:\\\/\\\/www.youtube.com\\\/watch?v=C_rX486oig4&quot;,&quot;video_type&quot;:&quot;youtube&quot;,&quot;controls&quot;:&quot;yes&quot;}\" data-widget_type=\"video.default\">\n\t\t\t\t<div class=\"elementor-widget-container\">\n\t\t\t\t\t\t\t<div class=\"elementor-wrapper elementor-open-inline\">\n\t\t\t<div class=\"elementor-video\"><\/div>\t\t<\/div>\n\t\t\t\t\t\t<\/div>\n\t\t\t\t<\/div>\n\t\t\t\t\t<\/div>\n\t\t<\/div>\n\t\t\t\t\t<\/div>\n\t\t<\/section>\n\t\t\t\t<section class=\"elementor-section elementor-top-section elementor-element elementor-element-349c8673 elementor-section-boxed elementor-section-height-default elementor-section-height-default\" data-id=\"349c8673\" data-element_type=\"section\" data-e-type=\"section\" data-settings=\"{&quot;_ha_eqh_enable&quot;:false}\">\n\t\t\t\t\t\t<div class=\"elementor-container elementor-column-gap-default\">\n\t\t\t\t\t<div class=\"elementor-column elementor-col-100 elementor-top-column elementor-element elementor-element-281d840b\" data-id=\"281d840b\" data-element_type=\"column\" data-e-type=\"column\">\n\t\t\t<div class=\"elementor-widget-wrap elementor-element-populated\">\n\t\t\t\t\t\t<div class=\"elementor-element elementor-element-763d9929 elementor-widget elementor-widget-spacer\" data-id=\"763d9929\" data-element_type=\"widget\" data-e-type=\"widget\" data-widget_type=\"spacer.default\">\n\t\t\t\t<div class=\"elementor-widget-container\">\n\t\t\t\t\t\t\t<div class=\"elementor-spacer\">\n\t\t\t<div class=\"elementor-spacer-inner\"><\/div>\n\t\t<\/div>\n\t\t\t\t\t\t<\/div>\n\t\t\t\t<\/div>\n\t\t\t\t\t<\/div>\n\t\t<\/div>\n\t\t\t\t\t<\/div>\n\t\t<\/section>\n\t\t\t\t<section class=\"elementor-section elementor-top-section elementor-element elementor-element-e80ca92 elementor-section-boxed elementor-section-height-default elementor-section-height-default\" data-id=\"e80ca92\" data-element_type=\"section\" data-e-type=\"section\" data-settings=\"{&quot;_ha_eqh_enable&quot;:false}\">\n\t\t\t\t\t\t<div class=\"elementor-container elementor-column-gap-default\">\n\t\t\t\t\t<div class=\"elementor-column elementor-col-50 elementor-top-column elementor-element elementor-element-14fc74b4\" data-id=\"14fc74b4\" data-element_type=\"column\" data-e-type=\"column\">\n\t\t\t<div class=\"elementor-widget-wrap elementor-element-populated\">\n\t\t\t\t\t\t<div class=\"elementor-element elementor-element-dc760b0 elementor-widget elementor-widget-image\" data-id=\"dc760b0\" data-element_type=\"widget\" data-e-type=\"widget\" data-widget_type=\"image.default\">\n\t\t\t\t<div class=\"elementor-widget-container\">\n\t\t\t\t\t\t\t\t\t\t\t\t\t\t\t<img fetchpriority=\"high\" decoding=\"async\" width=\"500\" height=\"700\" src=\"https:\/\/faro.ib-caddy.com\/\/wp-content\/uploads\/faro\/\/2024\/10\/FARO-Focus-Email-Image.png\" class=\"attachment-large size-large wp-image-1118\" alt=\"\" srcset=\"https:\/\/faro.ib-caddy.com\/\/wp-content\/uploads\/faro\/2024\/10\/FARO-Focus-Email-Image.png 500w, https:\/\/faro.ib-caddy.com\/\/wp-content\/uploads\/faro\/2024\/10\/FARO-Focus-Email-Image-214x300.png 214w, https:\/\/faro.ib-caddy.com\/\/wp-content\/uploads\/faro\/2024\/10\/FARO-Focus-Email-Image-9x12.png 9w\" sizes=\"(max-width: 500px) 100vw, 500px\" \/>\t\t\t\t\t\t\t\t\t\t\t\t\t\t\t<\/div>\n\t\t\t\t<\/div>\n\t\t\t\t\t<\/div>\n\t\t<\/div>\n\t\t\t\t<div class=\"elementor-column elementor-col-50 elementor-top-column elementor-element elementor-element-9361961\" data-id=\"9361961\" data-element_type=\"column\" data-e-type=\"column\">\n\t\t\t<div class=\"elementor-widget-wrap elementor-element-populated\">\n\t\t\t\t\t\t<div class=\"elementor-element elementor-element-12d842a6 elementor-widget elementor-widget-text-editor\" data-id=\"12d842a6\" data-element_type=\"widget\" data-e-type=\"widget\" data-widget_type=\"text-editor.default\">\n\t\t\t\t<div class=\"elementor-widget-container\">\n\t\t\t\t\t\t\t\t\t<h3 class=\"no-margin\"><strong>Focus Max<\/strong><\/h3><h5 class=\"no-margin\">3D laserski skener<\/h5><p class=\"MsoNormal\">Izjemna u\u010dinkovitost zajema, kakovost podatkov in natan\u010dnost<\/p><p class=\"MsoNormal\">Focus Premium Max skenira do 400 metrov. Ta pomembna izbolj\u0161ava v primerjavi s prej\u0161njimi modeli Focus omogo\u010da zajem podatkov ve\u010djih struktur in uporabo skenerja za \u0161ir\u0161e geodetske aplikacije, kot so pregled infrastrukture, topografsko kartiranje, izra\u010dun volumna zalog in \u0161e ve\u010d.<\/p><p class=\"MsoNormal\">Do 50 % hitrej\u0161i \u010dasi skeniranja s Flash Technology<\/p><p class=\"MsoNormal\">Z nosilcem za panoramsko kamero in vklju\u010denim Hybrid Reality Capture lahko Focus Premium Max izvaja Flash Technology skene.* Omogo\u010da vam kombinacijo Flash skenov (ki trajajo le 28 sekund) in tradicionalnih skenov \u2013 kar pove\u010da produktivnost na terenu za ve\u010d kot 50 % in skraj\u0161a \u010das, na lokaciji.<\/p><p class=\"MsoNormal\">Izjemno visoka barvna lo\u010dljivost<\/p><p class=\"MsoNormal\">Najnovej\u0161a tehnologija kamere omogo\u010da skenerjem Focus zajem skenov z do 266 megapiksli barvnih informacij.<\/p><p class=\"MsoNormal\">Celovita re\u0161itev za skeniranje<\/p><p class=\"MsoNormal\"><span style=\"font-family: var( --e-global-typography-text-font-family ), Sans-serif; font-weight: var( --e-global-typography-text-font-weight ); font-size: 1rem;\">Na\u0161a dolgoletna tradicija natan\u010dnosti in zanesljivosti se nadaljuje s Focus Premium Max, ki je hiter, natan\u010den in ga je mogo\u010de povezati z naborom programske opreme, idealne za u\u010dinkovito zbiranje podatkov in hitro deljenje s klju\u010dnimi dele\u017eniki za bolj\u0161e projektne rezultate.<\/span><\/p>\t\t\t\t\t\t\t\t<\/div>\n\t\t\t\t<\/div>\n\t\t\t\t\t<\/div>\n\t\t<\/div>\n\t\t\t\t\t<\/div>\n\t\t<\/section>\n\t\t\t\t<section class=\"elementor-section elementor-top-section elementor-element elementor-element-8300a05 elementor-section-boxed elementor-section-height-default elementor-section-height-default\" data-id=\"8300a05\" data-element_type=\"section\" data-e-type=\"section\" data-settings=\"{&quot;_ha_eqh_enable&quot;:false}\">\n\t\t\t\t\t\t<div class=\"elementor-container elementor-column-gap-default\">\n\t\t\t\t\t<div class=\"elementor-column elementor-col-100 elementor-top-column elementor-element elementor-element-d6604d1\" data-id=\"d6604d1\" data-element_type=\"column\" data-e-type=\"column\">\n\t\t\t<div class=\"elementor-widget-wrap elementor-element-populated\">\n\t\t\t\t\t\t<div class=\"elementor-element elementor-element-17cbfc8 elementor-align-right elementor-widget__width-auto elementor-widget elementor-widget-button\" data-id=\"17cbfc8\" data-element_type=\"widget\" data-e-type=\"widget\" data-widget_type=\"button.default\">\n\t\t\t\t<div class=\"elementor-widget-container\">\n\t\t\t\t\t\t\t\t\t<div class=\"elementor-button-wrapper\">\n\t\t\t\t\t<a class=\"elementor-button elementor-button-link elementor-size-sm\" href=\"https:\/\/faro.ib-caddy.com\/\/wp-content\/uploads\/faro\/\/2024\/11\/Brochure_FocusPremiumMax_AECO_ENG_LT.pdf\" target=\"_blank\">\n\t\t\t\t\t\t<span class=\"elementor-button-content-wrapper\">\n\t\t\t\t\t\t\t\t\t<span class=\"elementor-button-text\">PRENESITE SPECIFIKACIJE<\/span>\n\t\t\t\t\t<\/span>\n\t\t\t\t\t<\/a>\n\t\t\t\t<\/div>\n\t\t\t\t\t\t\t\t<\/div>\n\t\t\t\t<\/div>\n\t\t\t\t\t<\/div>\n\t\t<\/div>\n\t\t\t\t\t<\/div>\n\t\t<\/section>\n\t\t\t\t<section class=\"elementor-section elementor-top-section elementor-element elementor-element-47bb69b elementor-section-boxed elementor-section-height-default elementor-section-height-default\" data-id=\"47bb69b\" data-element_type=\"section\" data-e-type=\"section\" data-settings=\"{&quot;_ha_eqh_enable&quot;:false}\">\n\t\t\t\t\t\t<div class=\"elementor-container elementor-column-gap-default\">\n\t\t\t\t\t<div class=\"elementor-column elementor-col-100 elementor-top-column elementor-element elementor-element-e360763\" data-id=\"e360763\" data-element_type=\"column\" data-e-type=\"column\">\n\t\t\t<div class=\"elementor-widget-wrap elementor-element-populated\">\n\t\t\t\t\t\t<div class=\"elementor-element elementor-element-724079a elementor-widget elementor-widget-spacer\" data-id=\"724079a\" data-element_type=\"widget\" data-e-type=\"widget\" data-widget_type=\"spacer.default\">\n\t\t\t\t<div class=\"elementor-widget-container\">\n\t\t\t\t\t\t\t<div class=\"elementor-spacer\">\n\t\t\t<div class=\"elementor-spacer-inner\"><\/div>\n\t\t<\/div>\n\t\t\t\t\t\t<\/div>\n\t\t\t\t<\/div>\n\t\t\t\t\t<\/div>\n\t\t<\/div>\n\t\t\t\t\t<\/div>\n\t\t<\/section>\n\t\t\t\t<section class=\"elementor-section elementor-top-section elementor-element elementor-element-00d95f9 elementor-section-boxed elementor-section-height-default elementor-section-height-default\" data-id=\"00d95f9\" data-element_type=\"section\" data-e-type=\"section\" data-settings=\"{&quot;_ha_eqh_enable&quot;:false}\">\n\t\t\t\t\t\t<div class=\"elementor-container elementor-column-gap-default\">\n\t\t\t\t\t<div class=\"elementor-column elementor-col-50 elementor-top-column elementor-element elementor-element-da43aec\" data-id=\"da43aec\" data-element_type=\"column\" data-e-type=\"column\">\n\t\t\t<div class=\"elementor-widget-wrap elementor-element-populated\">\n\t\t\t\t\t\t<div class=\"elementor-element elementor-element-591e4d0 elementor-widget elementor-widget-image\" data-id=\"591e4d0\" data-element_type=\"widget\" data-e-type=\"widget\" data-widget_type=\"image.default\">\n\t\t\t\t<div class=\"elementor-widget-container\">\n\t\t\t\t\t\t\t\t\t\t\t\t\t\t\t<img fetchpriority=\"high\" decoding=\"async\" width=\"500\" height=\"700\" src=\"https:\/\/faro.ib-caddy.com\/\/wp-content\/uploads\/faro\/\/2024\/10\/FARO-Focus-Email-Image.png\" class=\"attachment-large size-large wp-image-1118\" alt=\"\" srcset=\"https:\/\/faro.ib-caddy.com\/\/wp-content\/uploads\/faro\/2024\/10\/FARO-Focus-Email-Image.png 500w, https:\/\/faro.ib-caddy.com\/\/wp-content\/uploads\/faro\/2024\/10\/FARO-Focus-Email-Image-214x300.png 214w, https:\/\/faro.ib-caddy.com\/\/wp-content\/uploads\/faro\/2024\/10\/FARO-Focus-Email-Image-9x12.png 9w\" sizes=\"(max-width: 500px) 100vw, 500px\" \/>\t\t\t\t\t\t\t\t\t\t\t\t\t\t\t<\/div>\n\t\t\t\t<\/div>\n\t\t\t\t\t<\/div>\n\t\t<\/div>\n\t\t\t\t<div class=\"elementor-column elementor-col-50 elementor-top-column elementor-element elementor-element-1a22693\" data-id=\"1a22693\" data-element_type=\"column\" data-e-type=\"column\">\n\t\t\t<div class=\"elementor-widget-wrap elementor-element-populated\">\n\t\t\t\t\t\t<div class=\"elementor-element elementor-element-9f2279b elementor-widget elementor-widget-text-editor\" data-id=\"9f2279b\" data-element_type=\"widget\" data-e-type=\"widget\" data-widget_type=\"text-editor.default\">\n\t\t\t\t<div class=\"elementor-widget-container\">\n\t\t\t\t\t\t\t\t\t<h3 class=\"no-margin\"><strong>Focus Premium<\/strong><\/h3><h5 class=\"no-margin\">3D laserski skener<\/h5><p class=\"MsoNormal\">Zmanj\u0161ajte ponovitve istega dela in prihranite \u010das<\/p><p class=\"MsoNormal\">S 200-metrskim dometom in mo\u017enostjo skeniranja v na\u010dinu Hybrid Reality Capture je Focus Premium popoln za zbiranje dokumentacije izvedenih del, podatkov za na\u010drtovanje in monta\u017eo MEP (strojnih in\u0161talacij), nadzor kakovosti gradnje, strukturne preglede in ve\u010d.<\/p><p class=\"MsoNormal\">Zmanj\u0161ajte izgubo \u010dasa in materiala<\/p><p class=\"MsoNormal\">Merjenje ve\u010dje stavbe ali objekta s tradicionalno dokumentacijo lahko traja dneve ali tedne \u2013 in tudi takrat so lahko podatki nepopolni. FARO Focus Premium ustvari natan\u010dne, fotorealisti\u010dne 3D prikaze kateregakoli okolja ali predmeta v samo nekaj minutah, tudi v najbolj ekstremnih zunanjih pogojih.<\/p><p class=\"MsoNormal\">Konec skeniranja na slepo<\/p><p class=\"MsoNormal\">Za u\u010dinkovito in celovito zajemanje podatkov na terenu se Focus Premium pove\u017ee z novo aplikacijo FARO Stream, ki povezuje FARO strojno opremo z oblakom. Predregistrirani skeni se neposredno nalo\u017eijo v oblak, kar omogo\u010da bolj u\u010dinkovito opravljanje nalog.<\/p><p class=\"MsoNormal\">Skenirajte ve\u010d v kraj\u0161em \u010dasu<\/p><p class=\"MsoNormal\"><span style=\"font-family: var( --e-global-typography-text-font-family ), Sans-serif; font-weight: var( --e-global-typography-text-font-weight ); font-size: 1rem;\">Z opcijskim nosilcem za panoramsko kamero in enoletno naro\u010dnino na Hybrid Reality Capture lahko prihranite do 2,5 dni skeniranja pri projektih, ki bi sicer zahtevali pet dni skeniranja. Ta prihranjen \u010das vam omogo\u010da, da opravite dodatne skene, ki jih sicer ne bi, kar zagotavlja izbolj\u0161ano produktivnost na terenu, bolj predvidljivo natan\u010dnost in izjemno barvno jasnost.<\/span><\/p>\t\t\t\t\t\t\t\t<\/div>\n\t\t\t\t<\/div>\n\t\t\t\t\t<\/div>\n\t\t<\/div>\n\t\t\t\t\t<\/div>\n\t\t<\/section>\n\t\t\t\t<section class=\"elementor-section elementor-top-section elementor-element elementor-element-bb5ed44 elementor-section-boxed elementor-section-height-default elementor-section-height-default\" data-id=\"bb5ed44\" data-element_type=\"section\" data-e-type=\"section\" data-settings=\"{&quot;_ha_eqh_enable&quot;:false}\">\n\t\t\t\t\t\t<div class=\"elementor-container elementor-column-gap-default\">\n\t\t\t\t\t<div class=\"elementor-column elementor-col-100 elementor-top-column elementor-element elementor-element-bf78220\" data-id=\"bf78220\" data-element_type=\"column\" data-e-type=\"column\">\n\t\t\t<div class=\"elementor-widget-wrap elementor-element-populated\">\n\t\t\t\t\t\t<div class=\"elementor-element elementor-element-4e44a69 elementor-align-right elementor-widget__width-auto elementor-widget elementor-widget-button\" data-id=\"4e44a69\" data-element_type=\"widget\" data-e-type=\"widget\" data-widget_type=\"button.default\">\n\t\t\t\t<div class=\"elementor-widget-container\">\n\t\t\t\t\t\t\t\t\t<div class=\"elementor-button-wrapper\">\n\t\t\t\t\t<a class=\"elementor-button elementor-button-link elementor-size-sm\" href=\"https:\/\/faro.ib-caddy.com\/\/wp-content\/uploads\/faro\/\/2024\/11\/Brochure_FocusPremiumMax_AECO_ENG_LT.pdf\" target=\"_blank\">\n\t\t\t\t\t\t<span class=\"elementor-button-content-wrapper\">\n\t\t\t\t\t\t\t\t\t<span class=\"elementor-button-text\">PRENESITE SPECIFIKACIJE<\/span>\n\t\t\t\t\t<\/span>\n\t\t\t\t\t<\/a>\n\t\t\t\t<\/div>\n\t\t\t\t\t\t\t\t<\/div>\n\t\t\t\t<\/div>\n\t\t\t\t\t<\/div>\n\t\t<\/div>\n\t\t\t\t\t<\/div>\n\t\t<\/section>\n\t\t\t\t<section class=\"elementor-section elementor-top-section elementor-element elementor-element-6fb78f4 elementor-section-boxed elementor-section-height-default elementor-section-height-default\" data-id=\"6fb78f4\" data-element_type=\"section\" data-e-type=\"section\" data-settings=\"{&quot;_ha_eqh_enable&quot;:false}\">\n\t\t\t\t\t\t<div class=\"elementor-container elementor-column-gap-default\">\n\t\t\t\t\t<div class=\"elementor-column elementor-col-100 elementor-top-column elementor-element elementor-element-0b6b1e1\" data-id=\"0b6b1e1\" data-element_type=\"column\" data-e-type=\"column\">\n\t\t\t<div class=\"elementor-widget-wrap elementor-element-populated\">\n\t\t\t\t\t\t<div class=\"elementor-element elementor-element-7199f42 elementor-widget elementor-widget-spacer\" data-id=\"7199f42\" data-element_type=\"widget\" data-e-type=\"widget\" data-widget_type=\"spacer.default\">\n\t\t\t\t<div class=\"elementor-widget-container\">\n\t\t\t\t\t\t\t<div class=\"elementor-spacer\">\n\t\t\t<div class=\"elementor-spacer-inner\"><\/div>\n\t\t<\/div>\n\t\t\t\t\t\t<\/div>\n\t\t\t\t<\/div>\n\t\t\t\t\t<\/div>\n\t\t<\/div>\n\t\t\t\t\t<\/div>\n\t\t<\/section>\n\t\t\t\t<section class=\"elementor-section elementor-top-section elementor-element elementor-element-0bdfe3d elementor-section-boxed elementor-section-height-default elementor-section-height-default\" data-id=\"0bdfe3d\" data-element_type=\"section\" data-e-type=\"section\" data-settings=\"{&quot;_ha_eqh_enable&quot;:false}\">\n\t\t\t\t\t\t<div class=\"elementor-container elementor-column-gap-default\">\n\t\t\t\t\t<div class=\"elementor-column elementor-col-50 elementor-top-column elementor-element elementor-element-7fbcc9c\" data-id=\"7fbcc9c\" data-element_type=\"column\" data-e-type=\"column\">\n\t\t\t<div class=\"elementor-widget-wrap elementor-element-populated\">\n\t\t\t\t\t\t<div class=\"elementor-element elementor-element-e480692 elementor-widget elementor-widget-image\" data-id=\"e480692\" data-element_type=\"widget\" data-e-type=\"widget\" data-widget_type=\"image.default\">\n\t\t\t\t<div class=\"elementor-widget-container\">\n\t\t\t\t\t\t\t\t\t\t\t\t\t\t\t<img fetchpriority=\"high\" decoding=\"async\" width=\"500\" height=\"700\" src=\"https:\/\/faro.ib-caddy.com\/\/wp-content\/uploads\/faro\/\/2024\/10\/FARO-Focus-Email-Image.png\" class=\"attachment-large size-large wp-image-1118\" alt=\"\" srcset=\"https:\/\/faro.ib-caddy.com\/\/wp-content\/uploads\/faro\/2024\/10\/FARO-Focus-Email-Image.png 500w, https:\/\/faro.ib-caddy.com\/\/wp-content\/uploads\/faro\/2024\/10\/FARO-Focus-Email-Image-214x300.png 214w, https:\/\/faro.ib-caddy.com\/\/wp-content\/uploads\/faro\/2024\/10\/FARO-Focus-Email-Image-9x12.png 9w\" sizes=\"(max-width: 500px) 100vw, 500px\" \/>\t\t\t\t\t\t\t\t\t\t\t\t\t\t\t<\/div>\n\t\t\t\t<\/div>\n\t\t\t\t\t<\/div>\n\t\t<\/div>\n\t\t\t\t<div class=\"elementor-column elementor-col-50 elementor-top-column elementor-element elementor-element-866ee63\" data-id=\"866ee63\" data-element_type=\"column\" data-e-type=\"column\">\n\t\t\t<div class=\"elementor-widget-wrap elementor-element-populated\">\n\t\t\t\t\t\t<div class=\"elementor-element elementor-element-a3f6038 elementor-widget elementor-widget-text-editor\" data-id=\"a3f6038\" data-element_type=\"widget\" data-e-type=\"widget\" data-widget_type=\"text-editor.default\">\n\t\t\t\t<div class=\"elementor-widget-container\">\n\t\t\t\t\t\t\t\t\t<h3 class=\"no-margin\" style=\"font-family: Roboto, sans-serif; color: #00416a;\"><span style=\"font-weight: bolder;\">Focus Core<\/span><\/h3>\n<h5 class=\"no-margin\">3D laserski skener<\/h5>\n<p class=\"MsoNormal\">Vsestranski 3D zajem realnosti<\/p>\n<p class=\"MsoNormal\">Focus Core ima domet 100 m, kar je idealno za upravljanje industrijskih objektov, ohranjanje zgodovinskih spomenikov, zbiranje dokumentacije izvedenih del in ve\u010d. Focus Core  ima odli\u010dno razmerje med ceno in zmogljivostjo. Primeren je za manj zahtevne projekte z aplikacijami v gradbeni\u0161tvu, javni varnosti in upravljanju zgradb.<\/p>\n<p class=\"MsoNormal\">Izjemna u\u010dinkovitost zajema&nbsp;<\/p>\n<p class=\"MsoNormal\">U\u017eivajte v hitrosti skeniranja do ene minute na sken in hitrej\u0161em nalaganju ter odzivnosti sistema. Ve\u010dja u\u010dinkovitost upravljanja podatkov, \u010de ga uporabljate skupaj z aplikacijo Stream in nalagate na Sphere XG. Z opcijo namestitve panoramske kamere lahko Focus Core nadgradite in skenirate v na\u010dinu Hybrid Reality Capture, \u010de to potrebujete.*<\/p>\n<p class=\"MsoNormal\"><span style=\"font-family: var( --e-global-typography-text-font-family ), Sans-serif; font-weight: var( --e-global-typography-text-font-weight ); font-size: 1rem;\">Dostop na daljavo za globalno sodelovanje&nbsp;<\/span><\/p><p class=\"MsoNormal\"><span style=\"font-family: var( --e-global-typography-text-font-family ), Sans-serif; font-weight: var( --e-global-typography-text-font-weight ); font-size: 1rem;\">Domet skeniranja 100 metrov, mo\u017enost daljinskega upravljanja prek pametnega telefona in izbolj\u0161an brez\u017ei\u010dni potek dela s hitrej\u0161o povezavo Wi-Fi.<\/span><\/p>\t\t\t\t\t\t\t\t<\/div>\n\t\t\t\t<\/div>\n\t\t\t\t\t<\/div>\n\t\t<\/div>\n\t\t\t\t\t<\/div>\n\t\t<\/section>\n\t\t\t\t<section class=\"elementor-section elementor-top-section elementor-element elementor-element-32686b6b elementor-section-boxed elementor-section-height-default elementor-section-height-default\" data-id=\"32686b6b\" data-element_type=\"section\" data-e-type=\"section\" data-settings=\"{&quot;_ha_eqh_enable&quot;:false}\">\n\t\t\t\t\t\t<div class=\"elementor-container elementor-column-gap-default\">\n\t\t\t\t\t<div class=\"elementor-column elementor-col-100 elementor-top-column elementor-element elementor-element-30f0a3d7\" data-id=\"30f0a3d7\" data-element_type=\"column\" data-e-type=\"column\">\n\t\t\t<div class=\"elementor-widget-wrap elementor-element-populated\">\n\t\t\t\t\t\t<div class=\"elementor-element elementor-element-6fbeb03e elementor-align-right elementor-widget__width-auto elementor-widget elementor-widget-button\" data-id=\"6fbeb03e\" data-element_type=\"widget\" data-e-type=\"widget\" data-widget_type=\"button.default\">\n\t\t\t\t<div class=\"elementor-widget-container\">\n\t\t\t\t\t\t\t\t\t<div class=\"elementor-button-wrapper\">\n\t\t\t\t\t<a class=\"elementor-button elementor-button-link elementor-size-sm\" href=\"https:\/\/faro.ib-caddy.com\/\/wp-content\/uploads\/faro\/\/2024\/11\/Brochure_FocusPremiumMax_AECO_ENG_LT.pdf\" target=\"_blank\">\n\t\t\t\t\t\t<span class=\"elementor-button-content-wrapper\">\n\t\t\t\t\t\t\t\t\t<span class=\"elementor-button-text\">PRENESITE SPECIFIKACIJE<\/span>\n\t\t\t\t\t<\/span>\n\t\t\t\t\t<\/a>\n\t\t\t\t<\/div>\n\t\t\t\t\t\t\t\t<\/div>\n\t\t\t\t<\/div>\n\t\t\t\t\t<\/div>\n\t\t<\/div>\n\t\t\t\t\t<\/div>\n\t\t<\/section>\n\t\t\t\t<\/div>","protected":false},"excerpt":{"rendered":"<p>Focus Series The FARO Focus product line offers a comprehensive 3D laser scanning solution with intuitive software for fast data acquisition and efficient decision-making. By investing in a Focus package, you gain faster time-to-data and enhanced productivity, ideal for industries like geospatial, construction, and public safety. Key Features: Improved Scanning Range: Focus Premium Max (400m), [&hellip;]<\/p>","protected":false},"author":8,"featured_media":0,"parent":0,"menu_order":0,"comment_status":"closed","ping_status":"closed","template":"","meta":{"footnotes":""},"class_list":["post-139","page","type-page","status-publish","hentry"],"_links":{"self":[{"href":"https:\/\/faro.ib-caddy.com\/sl\/wp-json\/wp\/v2\/pages\/139","targetHints":{"allow":["GET"]}}],"collection":[{"href":"https:\/\/faro.ib-caddy.com\/sl\/wp-json\/wp\/v2\/pages"}],"about":[{"href":"https:\/\/faro.ib-caddy.com\/sl\/wp-json\/wp\/v2\/types\/page"}],"author":[{"embeddable":true,"href":"https:\/\/faro.ib-caddy.com\/sl\/wp-json\/wp\/v2\/users\/8"}],"replies":[{"embeddable":true,"href":"https:\/\/faro.ib-caddy.com\/sl\/wp-json\/wp\/v2\/comments?post=139"}],"version-history":[{"count":55,"href":"https:\/\/faro.ib-caddy.com\/sl\/wp-json\/wp\/v2\/pages\/139\/revisions"}],"predecessor-version":[{"id":1195,"href":"https:\/\/faro.ib-caddy.com\/sl\/wp-json\/wp\/v2\/pages\/139\/revisions\/1195"}],"wp:attachment":[{"href":"https:\/\/faro.ib-caddy.com\/sl\/wp-json\/wp\/v2\/media?parent=139"}],"curies":[{"name":"wp","href":"https:\/\/api.w.org\/{rel}","templated":true}]}}