{"id":1662,"date":"2025-04-18T10:24:19","date_gmt":"2025-04-18T10:24:19","guid":{"rendered":"https:\/\/faro.ib-caddy.com\/?page_id=1662"},"modified":"2025-04-18T12:48:07","modified_gmt":"2025-04-18T12:48:07","slug":"focus-blink","status":"publish","type":"page","link":"https:\/\/faro.ib-caddy.com\/sl\/focus-blink\/","title":{"rendered":"Blink"},"content":{"rendered":"<div data-elementor-type=\"wp-page\" data-elementor-id=\"1662\" class=\"elementor elementor-1662\" data-elementor-settings=\"{&quot;ha_cmc_init_switcher&quot;:&quot;no&quot;}\" data-elementor-post-type=\"page\">\n\t\t\t\t\t\t<section class=\"elementor-section elementor-top-section elementor-element elementor-element-3902959f elementor-section-boxed elementor-section-height-default elementor-section-height-default\" data-id=\"3902959f\" data-element_type=\"section\" data-e-type=\"section\" data-settings=\"{&quot;background_background&quot;:&quot;classic&quot;,&quot;_ha_eqh_enable&quot;:false}\">\n\t\t\t\t\t\t<div class=\"elementor-container elementor-column-gap-default\">\n\t\t\t\t\t<div class=\"elementor-column elementor-col-50 elementor-top-column elementor-element elementor-element-47802cbe\" data-id=\"47802cbe\" data-element_type=\"column\" data-e-type=\"column\">\n\t\t\t<div class=\"elementor-widget-wrap elementor-element-populated\">\n\t\t\t\t\t\t<div class=\"elementor-element elementor-element-5c9b2939 elementor-widget elementor-widget-spacer\" data-id=\"5c9b2939\" data-element_type=\"widget\" data-e-type=\"widget\" data-widget_type=\"spacer.default\">\n\t\t\t\t<div class=\"elementor-widget-container\">\n\t\t\t\t\t\t\t<div class=\"elementor-spacer\">\n\t\t\t<div class=\"elementor-spacer-inner\"><\/div>\n\t\t<\/div>\n\t\t\t\t\t\t<\/div>\n\t\t\t\t<\/div>\n\t\t\t\t<div class=\"elementor-element elementor-element-6ced2978 elementor-widget elementor-widget-text-editor\" data-id=\"6ced2978\" data-element_type=\"widget\" data-e-type=\"widget\" data-widget_type=\"text-editor.default\">\n\t\t\t\t<div class=\"elementor-widget-container\">\n\t\t\t\t\t\t\t\t\t<h1>Blink<b style=\"font-size: 1rem;\"><span style=\"font-size: 12.0pt; line-height: 115%; font-family: 'Aptos',sans-serif; mso-ascii-theme-font: minor-latin; mso-fareast-font-family: Aptos; mso-fareast-theme-font: minor-latin; mso-hansi-theme-font: minor-latin; mso-bidi-font-family: 'Times New Roman'; mso-bidi-theme-font: minor-bidi; mso-ansi-language: #2000; mso-fareast-language: EN-US; mso-bidi-language: AR-SA;\">\u2122<\/span><\/b><\/h1><p>FARO\u00ae Blink\u2122 Imaging Laser Scanner je re\u0161itev za zajemanje resni\u010dnosti, zasnovana za preprostost in dostopnost. Prina\u0161a visokokakovostno vizualizacijo in avtomatizirane poteke dela v roke arhitektov, gradbenikov, geodetov in operaterjev, s \u010dimer pomaga skupinam pri zajemanju, ogledovanju in skupni rabi podatkov brez te\u017eav, ne glede na strokovnost. Z Blinkom lahko vsak prevzame nadzor nad zajemanjem realnosti na kraju samem in u\u010dinkovito pospe\u0161i projekte.<\/p>\t\t\t\t\t\t\t\t<\/div>\n\t\t\t\t<\/div>\n\t\t\t\t<div class=\"elementor-element elementor-element-7d23cc5b elementor-widget elementor-widget-spacer\" data-id=\"7d23cc5b\" data-element_type=\"widget\" data-e-type=\"widget\" data-widget_type=\"spacer.default\">\n\t\t\t\t<div class=\"elementor-widget-container\">\n\t\t\t\t\t\t\t<div class=\"elementor-spacer\">\n\t\t\t<div class=\"elementor-spacer-inner\"><\/div>\n\t\t<\/div>\n\t\t\t\t\t\t<\/div>\n\t\t\t\t<\/div>\n\t\t\t\t\t<\/div>\n\t\t<\/div>\n\t\t\t\t<div class=\"elementor-column elementor-col-50 elementor-top-column elementor-element elementor-element-bd2a211\" data-id=\"bd2a211\" data-element_type=\"column\" data-e-type=\"column\">\n\t\t\t<div class=\"elementor-widget-wrap elementor-element-populated\">\n\t\t\t\t\t\t<div class=\"elementor-element elementor-element-f7b8ada elementor-widget elementor-widget-video\" data-id=\"f7b8ada\" data-element_type=\"widget\" data-e-type=\"widget\" data-settings=\"{&quot;youtube_url&quot;:&quot;https:\\\/\\\/www.youtube.com\\\/watch?v=XSzQfn4UZ2w&quot;,&quot;video_type&quot;:&quot;youtube&quot;,&quot;controls&quot;:&quot;yes&quot;}\" data-widget_type=\"video.default\">\n\t\t\t\t<div class=\"elementor-widget-container\">\n\t\t\t\t\t\t\t<div class=\"elementor-wrapper elementor-open-inline\">\n\t\t\t<div class=\"elementor-video\"><\/div>\t\t<\/div>\n\t\t\t\t\t\t<\/div>\n\t\t\t\t<\/div>\n\t\t\t\t\t<\/div>\n\t\t<\/div>\n\t\t\t\t\t<\/div>\n\t\t<\/section>\n\t\t\t\t<section class=\"elementor-section elementor-top-section elementor-element elementor-element-349c8673 elementor-section-boxed elementor-section-height-default elementor-section-height-default\" data-id=\"349c8673\" data-element_type=\"section\" data-e-type=\"section\" data-settings=\"{&quot;_ha_eqh_enable&quot;:false}\">\n\t\t\t\t\t\t<div class=\"elementor-container elementor-column-gap-default\">\n\t\t\t\t\t<div class=\"elementor-column elementor-col-100 elementor-top-column elementor-element elementor-element-281d840b\" data-id=\"281d840b\" data-element_type=\"column\" data-e-type=\"column\">\n\t\t\t<div class=\"elementor-widget-wrap elementor-element-populated\">\n\t\t\t\t\t\t<div class=\"elementor-element elementor-element-763d9929 elementor-widget elementor-widget-spacer\" data-id=\"763d9929\" data-element_type=\"widget\" data-e-type=\"widget\" data-widget_type=\"spacer.default\">\n\t\t\t\t<div class=\"elementor-widget-container\">\n\t\t\t\t\t\t\t<div class=\"elementor-spacer\">\n\t\t\t<div class=\"elementor-spacer-inner\"><\/div>\n\t\t<\/div>\n\t\t\t\t\t\t<\/div>\n\t\t\t\t<\/div>\n\t\t\t\t\t<\/div>\n\t\t<\/div>\n\t\t\t\t\t<\/div>\n\t\t<\/section>\n\t\t\t\t<section class=\"elementor-section elementor-top-section elementor-element elementor-element-e80ca92 elementor-section-boxed elementor-section-height-default elementor-section-height-default\" data-id=\"e80ca92\" data-element_type=\"section\" data-e-type=\"section\" data-settings=\"{&quot;_ha_eqh_enable&quot;:false}\">\n\t\t\t\t\t\t<div class=\"elementor-container elementor-column-gap-default\">\n\t\t\t\t\t<div class=\"elementor-column elementor-col-50 elementor-top-column elementor-element elementor-element-14fc74b4\" data-id=\"14fc74b4\" data-element_type=\"column\" data-e-type=\"column\">\n\t\t\t<div class=\"elementor-widget-wrap elementor-element-populated\">\n\t\t\t\t\t\t<div class=\"elementor-element elementor-element-dc760b0 elementor-widget__width-initial elementor-widget elementor-widget-image\" data-id=\"dc760b0\" data-element_type=\"widget\" data-e-type=\"widget\" data-widget_type=\"image.default\">\n\t\t\t\t<div class=\"elementor-widget-container\">\n\t\t\t\t\t\t\t\t\t\t\t\t\t\t\t<img fetchpriority=\"high\" decoding=\"async\" width=\"800\" height=\"705\" src=\"https:\/\/faro.ib-caddy.com\/\/wp-content\/uploads\/faro\/\/2025\/04\/FARO-Blink-Left-Front-Angle-1024x902.png\" class=\"attachment-large size-large wp-image-1656\" alt=\"\" srcset=\"https:\/\/faro.ib-caddy.com\/\/wp-content\/uploads\/faro\/2025\/04\/FARO-Blink-Left-Front-Angle-1024x902.png 1024w, https:\/\/faro.ib-caddy.com\/\/wp-content\/uploads\/faro\/2025\/04\/FARO-Blink-Left-Front-Angle-300x264.png 300w, https:\/\/faro.ib-caddy.com\/\/wp-content\/uploads\/faro\/2025\/04\/FARO-Blink-Left-Front-Angle-768x676.png 768w, https:\/\/faro.ib-caddy.com\/\/wp-content\/uploads\/faro\/2025\/04\/FARO-Blink-Left-Front-Angle-1536x1353.png 1536w, https:\/\/faro.ib-caddy.com\/\/wp-content\/uploads\/faro\/2025\/04\/FARO-Blink-Left-Front-Angle-2048x1803.png 2048w, https:\/\/faro.ib-caddy.com\/\/wp-content\/uploads\/faro\/2025\/04\/FARO-Blink-Left-Front-Angle-14x12.png 14w\" sizes=\"(max-width: 800px) 100vw, 800px\" \/>\t\t\t\t\t\t\t\t\t\t\t\t\t\t\t<\/div>\n\t\t\t\t<\/div>\n\t\t\t\t\t<\/div>\n\t\t<\/div>\n\t\t\t\t<div class=\"elementor-column elementor-col-50 elementor-top-column elementor-element elementor-element-9361961\" data-id=\"9361961\" data-element_type=\"column\" data-e-type=\"column\">\n\t\t\t<div class=\"elementor-widget-wrap elementor-element-populated\">\n\t\t\t\t\t\t<div class=\"elementor-element elementor-element-12d842a6 elementor-widget__width-initial elementor-widget elementor-widget-text-editor\" data-id=\"12d842a6\" data-element_type=\"widget\" data-e-type=\"widget\" data-widget_type=\"text-editor.default\">\n\t\t\t\t<div class=\"elementor-widget-container\">\n\t\t\t\t\t\t\t\t\t<h3><b>Blink<\/b><\/h3><p>\u00a0<\/p><p><b style=\"font-size: 1rem;\">Slikovni laserski skener \u2013 poenostavljeno zajemanje resni\u010dnosti<\/b><\/p><p>FARO Blink\u2122 slikovni laserski skener na novo definira zajemanje 3D resni\u010dnosti z neprimerljivo hitrostjo, natan\u010dnostjo in lahkotnostjo. Zasnovan za strokovnjake v razli\u010dnih panogah, Blink preoblikuje na\u010din dokumentiranja, analiziranja in sodelovanja v okoljih resni\u010dnega sveta \u2013 ni potrebno strokovno znanje.<\/p><p><b>Klju\u010dne zna\u010dilnosti:<\/b><\/p><ul style=\"margin-top: 0cm;\" type=\"disc\"><li><b>Upravljanje z enim dotikom<\/b>: Za\u010dnite skenirati s pritiskom enega gumba.<\/li><li><b>Voden potek dela<\/b>: Povratne informacije v realnem \u010dasu zagotavljajo natan\u010dne rezultate, tudi za za\u010detnike.<\/li><li><b>Takoj\u0161nji vizualni predogled<\/b>: Preglejte skeniranje na mestu prek aplikacije Stream, da se izognete napakam.<\/li><li><b>Avtomatizirana obdelava<\/b>: Samoporavnano skenov v oblake to\u010dk, s \u010dimer odpravi potrebo ro\u010dne registracije.<\/li><li><b>Integracija v oblaku<\/b>: Prenesite, ozna\u010dite in delite podatke brez te\u017eav s FARO Sphere\u00ae XG.<\/li><li><b>Izhodni podatki visoke lo\u010dljivosti<\/b>: Posnemite podrobne panorame in natan\u010dne podatke 3D.<\/li><\/ul><p><b>\u00a0<\/b><\/p><p><b>Zakaj izbrati Blink?<\/b><br \/>Blink demokratizira 3D skeniranje z intuitivnim dizajnom in nagrajenimi inovacijami. Njegova preprostost omogo\u010da gradbenim vodjem, nadzornikom, upravljavcem objektov in oblikovalcem, da poenostavijo delovne tokove, zmanj\u0161ajo stro\u0161ke in izbolj\u0161ajo sodelovanje. Povezljivost v oblaku v realnem \u010dasu skrbi za sinhronizacijo ekip, medtem ko avtomatizirana orodja prihranijo ure ro\u010dnega truda. Blink, ki je prejel nagrado Red Dot Design Award in New York Design Awards, zdru\u017euje vrhunsko tehnologijo z uporabniku prijazno funkcionalnostjo.<\/p><p><b>Idealen za<\/b><\/p><ul style=\"margin-top: 0cm;\" type=\"disc\"><li><b>Gradbeni\u0161tvo<\/b>: Brez te\u017eav spremljajte napredek in dokumentirajte razmere na delovi\u0161\u010du.<\/li><li><b>Geodezijo<\/b>: Hitro zajemanje geoprostorskih podatkov z laboratorijsko natan\u010dnostjo.<\/li><li><b>Upravljanje objektov<\/b>: Vzdr\u017eevanje digitalnih dvoj\u010dkov sredstev in infrastrukture.<\/li><li><b>Arhitekturo in BIM<\/b>: Integrirajte skeniranje iz resni\u010dnega sveta v delovne tokove na\u010drtovanja.<\/li><li><b>Javno varnost<\/b>: Natan\u010dna rekonstrukcija prizorov za preiskave ali usposabljanje.<\/li><\/ul><p style=\"border: 0px solid #e5e7eb; scrollbar-color: auto; scrollbar-width: auto; --tw-border-spacing-x: 0; --tw-border-spacing-y: 0; --tw-translate-x: 0; --tw-translate-y: 0; --tw-rotate: 0; --tw-skew-x: 0; --tw-skew-y: 0; --tw-scale-x: 1; --tw-scale-y: 1; --tw-scroll-snap-strictness: proximity; --tw-ring-offset-width: 0px; --tw-ring-offset-color: #fff; --tw-ring-color: rgb(59 130 246\/0.5); --tw-ring-offset-shadow: 0 0 #0000; --tw-ring-shadow: 0 0 #0000; --tw-shadow: 0 0 #0000; --tw-shadow-colored: 0 0 #0000; margin: 0px; color: oklch(0.304 0.04 213.681); font-family: fkGroteskNeue, 'fkGroteskNeue Fallback', ui-sans-serif, system-ui, -apple-system, BlinkMacSystemFont, 'Segoe UI', Roboto, 'Helvetica Neue', Arial, 'Noto Sans', sans-serif, 'Apple Color Emoji', 'Segoe UI Emoji', 'Segoe UI Symbol', 'Noto Color Emoji'; background-color: oklch(0.99 0.004 106.471);\">\u00a0<\/p><p><b>Preoblikujte svoj delovni tok<\/b><br \/>Od delovi\u0161\u010da do vpogledov v nekaj minutah, FARO Blink\u2122 naredi 3D zajem realnosti dostopen vsem. Izkusite prihodnost skeniranja \u2013 kjer se enostavnost sre\u010da s profesionalnimi rezultati.<\/p><p><span style=\"font-family: var( --e-global-typography-text-font-family ), Sans-serif; font-weight: var( --e-global-typography-text-font-weight ); font-size: 1rem;\">\u00a0<\/span><\/p>\t\t\t\t\t\t\t\t<\/div>\n\t\t\t\t<\/div>\n\t\t\t\t\t<\/div>\n\t\t<\/div>\n\t\t\t\t\t<\/div>\n\t\t<\/section>\n\t\t\t\t<section class=\"elementor-section elementor-top-section elementor-element elementor-element-8300a05 elementor-section-boxed elementor-section-height-default elementor-section-height-default\" data-id=\"8300a05\" data-element_type=\"section\" data-e-type=\"section\" data-settings=\"{&quot;_ha_eqh_enable&quot;:false}\">\n\t\t\t\t\t\t<div class=\"elementor-container elementor-column-gap-default\">\n\t\t\t\t\t<div class=\"elementor-column elementor-col-100 elementor-top-column elementor-element elementor-element-d6604d1\" data-id=\"d6604d1\" data-element_type=\"column\" data-e-type=\"column\">\n\t\t\t<div class=\"elementor-widget-wrap elementor-element-populated\">\n\t\t\t\t\t\t<div class=\"elementor-element elementor-element-17cbfc8 elementor-align-right elementor-widget__width-auto elementor-widget elementor-widget-button\" data-id=\"17cbfc8\" data-element_type=\"widget\" data-e-type=\"widget\" data-widget_type=\"button.default\">\n\t\t\t\t<div class=\"elementor-widget-container\">\n\t\t\t\t\t\t\t\t\t<div class=\"elementor-button-wrapper\">\n\t\t\t\t\t<a class=\"elementor-button elementor-button-link elementor-size-sm\" href=\"https:\/\/faro.ib-caddy.com\/\/wp-content\/uploads\/faro\/\/2025\/04\/11816_Brochure_Blink_AECO_Ltr_AM_ENG_ib.pdf\" target=\"_blank\">\n\t\t\t\t\t\t<span class=\"elementor-button-content-wrapper\">\n\t\t\t\t\t\t\t\t\t<span class=\"elementor-button-text\">PRENESITE SPECIFIKACIJE<\/span>\n\t\t\t\t\t<\/span>\n\t\t\t\t\t<\/a>\n\t\t\t\t<\/div>\n\t\t\t\t\t\t\t\t<\/div>\n\t\t\t\t<\/div>\n\t\t\t\t\t<\/div>\n\t\t<\/div>\n\t\t\t\t\t<\/div>\n\t\t<\/section>\n\t\t\t\t<section class=\"elementor-section elementor-top-section elementor-element elementor-element-47bb69b elementor-section-boxed elementor-section-height-default elementor-section-height-default\" data-id=\"47bb69b\" data-element_type=\"section\" data-e-type=\"section\" data-settings=\"{&quot;_ha_eqh_enable&quot;:false}\">\n\t\t\t\t\t\t<div class=\"elementor-container elementor-column-gap-default\">\n\t\t\t\t\t<div class=\"elementor-column elementor-col-100 elementor-top-column elementor-element elementor-element-e360763\" data-id=\"e360763\" data-element_type=\"column\" data-e-type=\"column\">\n\t\t\t<div class=\"elementor-widget-wrap elementor-element-populated\">\n\t\t\t\t\t\t<div class=\"elementor-element elementor-element-724079a elementor-widget elementor-widget-spacer\" data-id=\"724079a\" data-element_type=\"widget\" data-e-type=\"widget\" data-widget_type=\"spacer.default\">\n\t\t\t\t<div class=\"elementor-widget-container\">\n\t\t\t\t\t\t\t<div class=\"elementor-spacer\">\n\t\t\t<div class=\"elementor-spacer-inner\"><\/div>\n\t\t<\/div>\n\t\t\t\t\t\t<\/div>\n\t\t\t\t<\/div>\n\t\t\t\t\t<\/div>\n\t\t<\/div>\n\t\t\t\t\t<\/div>\n\t\t<\/section>\n\t\t\t\t<\/div>","protected":false},"excerpt":{"rendered":"<p>Blink\u2122 FARO\u00ae Blink\u2122 Imaging Laser Scanner is a reality capture solution designed for simplicity and accessibility. It brings high-quality visualization and automated workflows into the hands of designers, builders, surveyors, and operators, helping teams capture, view, and share data seamlessly, regardless of expertise. With Blink, anyone can take control of reality capture on-site and move [&hellip;]<\/p>","protected":false},"author":9,"featured_media":0,"parent":0,"menu_order":0,"comment_status":"closed","ping_status":"closed","template":"","meta":{"footnotes":""},"class_list":["post-1662","page","type-page","status-publish","hentry"],"_links":{"self":[{"href":"https:\/\/faro.ib-caddy.com\/sl\/wp-json\/wp\/v2\/pages\/1662","targetHints":{"allow":["GET"]}}],"collection":[{"href":"https:\/\/faro.ib-caddy.com\/sl\/wp-json\/wp\/v2\/pages"}],"about":[{"href":"https:\/\/faro.ib-caddy.com\/sl\/wp-json\/wp\/v2\/types\/page"}],"author":[{"embeddable":true,"href":"https:\/\/faro.ib-caddy.com\/sl\/wp-json\/wp\/v2\/users\/9"}],"replies":[{"embeddable":true,"href":"https:\/\/faro.ib-caddy.com\/sl\/wp-json\/wp\/v2\/comments?post=1662"}],"version-history":[{"count":16,"href":"https:\/\/faro.ib-caddy.com\/sl\/wp-json\/wp\/v2\/pages\/1662\/revisions"}],"predecessor-version":[{"id":1690,"href":"https:\/\/faro.ib-caddy.com\/sl\/wp-json\/wp\/v2\/pages\/1662\/revisions\/1690"}],"wp:attachment":[{"href":"https:\/\/faro.ib-caddy.com\/sl\/wp-json\/wp\/v2\/media?parent=1662"}],"curies":[{"name":"wp","href":"https:\/\/api.w.org\/{rel}","templated":true}]}}