{"id":172,"date":"2021-03-22T15:12:40","date_gmt":"2021-03-22T15:12:40","guid":{"rendered":"https:\/\/www.ib-caddy.com\/ibwp-faro-dev\/?page_id=172"},"modified":"2021-03-26T14:01:17","modified_gmt":"2021-03-26T14:01:17","slug":"scanplan","status":"publish","type":"page","link":"https:\/\/faro.ib-caddy.com\/sl\/scanplan\/","title":{"rendered":"ScanPlan"},"content":{"rendered":"<div data-elementor-type=\"wp-page\" data-elementor-id=\"172\" class=\"elementor elementor-172\" data-elementor-settings=\"{&quot;ha_cmc_init_switcher&quot;:&quot;no&quot;}\" data-elementor-post-type=\"page\">\n\t\t\t\t\t\t<section class=\"elementor-section elementor-top-section elementor-element elementor-element-18765a2d elementor-section-boxed elementor-section-height-default elementor-section-height-default\" data-id=\"18765a2d\" data-element_type=\"section\" data-e-type=\"section\" data-settings=\"{&quot;background_background&quot;:&quot;classic&quot;,&quot;_ha_eqh_enable&quot;:false}\">\n\t\t\t\t\t\t<div class=\"elementor-container elementor-column-gap-default\">\n\t\t\t\t\t<div class=\"elementor-column elementor-col-50 elementor-top-column elementor-element elementor-element-74991c81\" data-id=\"74991c81\" data-element_type=\"column\" data-e-type=\"column\">\n\t\t\t<div class=\"elementor-widget-wrap elementor-element-populated\">\n\t\t\t\t\t\t<div class=\"elementor-element elementor-element-19dfdb41 elementor-widget elementor-widget-spacer\" data-id=\"19dfdb41\" data-element_type=\"widget\" data-e-type=\"widget\" data-widget_type=\"spacer.default\">\n\t\t\t\t<div class=\"elementor-widget-container\">\n\t\t\t\t\t\t\t<div class=\"elementor-spacer\">\n\t\t\t<div class=\"elementor-spacer-inner\"><\/div>\n\t\t<\/div>\n\t\t\t\t\t\t<\/div>\n\t\t\t\t<\/div>\n\t\t\t\t<div class=\"elementor-element elementor-element-6c41aa74 elementor-widget elementor-widget-text-editor\" data-id=\"6c41aa74\" data-element_type=\"widget\" data-e-type=\"widget\" data-widget_type=\"text-editor.default\">\n\t\t\t\t<div class=\"elementor-widget-container\">\n\t\t\t\t\t\t\t\t\t<h1>ScanPlan<\/h1><p>Strokovnjaki, ki se ukvarjajo z arhitekturo, gradbeni\u0161tvom, in\u017eeniringom in javno varnostjo, imajo izziv, da z manj ljudmi zberejo ogromno informacij. Bistveno bolj pomembno je hitro in natan\u010dno zajeti tlorise z ustrezno tehnologijo. S ScanPlan \u2122 FARO\u00ae zdru\u017euje hitrost in natan\u010dnost ter \u0161tevilne druge funkcije za poenostavitev vsakodnevnih 2D delovnih tokov.<\/p>\t\t\t\t\t\t\t\t<\/div>\n\t\t\t\t<\/div>\n\t\t\t\t<div class=\"elementor-element elementor-element-7e795d96 elementor-widget elementor-widget-spacer\" data-id=\"7e795d96\" data-element_type=\"widget\" data-e-type=\"widget\" data-widget_type=\"spacer.default\">\n\t\t\t\t<div class=\"elementor-widget-container\">\n\t\t\t\t\t\t\t<div class=\"elementor-spacer\">\n\t\t\t<div class=\"elementor-spacer-inner\"><\/div>\n\t\t<\/div>\n\t\t\t\t\t\t<\/div>\n\t\t\t\t<\/div>\n\t\t\t\t\t<\/div>\n\t\t<\/div>\n\t\t\t\t<div class=\"elementor-column elementor-col-50 elementor-top-column elementor-element elementor-element-43de45\" data-id=\"43de45\" data-element_type=\"column\" data-e-type=\"column\">\n\t\t\t<div class=\"elementor-widget-wrap elementor-element-populated\">\n\t\t\t\t\t\t<div class=\"elementor-element elementor-element-2d22b79d elementor-widget elementor-widget-video\" data-id=\"2d22b79d\" data-element_type=\"widget\" data-e-type=\"widget\" data-settings=\"{&quot;youtube_url&quot;:&quot;https:\\\/\\\/youtu.be\\\/7nrgMXCU6zo&quot;,&quot;video_type&quot;:&quot;youtube&quot;,&quot;controls&quot;:&quot;yes&quot;}\" data-widget_type=\"video.default\">\n\t\t\t\t<div class=\"elementor-widget-container\">\n\t\t\t\t\t\t\t<div class=\"elementor-wrapper elementor-open-inline\">\n\t\t\t<div class=\"elementor-video\"><\/div>\t\t<\/div>\n\t\t\t\t\t\t<\/div>\n\t\t\t\t<\/div>\n\t\t\t\t\t<\/div>\n\t\t<\/div>\n\t\t\t\t\t<\/div>\n\t\t<\/section>\n\t\t\t\t<section class=\"elementor-section elementor-top-section elementor-element elementor-element-e51a79d elementor-section-boxed elementor-section-height-default elementor-section-height-default\" data-id=\"e51a79d\" data-element_type=\"section\" data-e-type=\"section\" data-settings=\"{&quot;_ha_eqh_enable&quot;:false}\">\n\t\t\t\t\t\t<div class=\"elementor-container elementor-column-gap-default\">\n\t\t\t\t\t<div class=\"elementor-column elementor-col-100 elementor-top-column elementor-element elementor-element-16033a6b\" data-id=\"16033a6b\" data-element_type=\"column\" data-e-type=\"column\">\n\t\t\t<div class=\"elementor-widget-wrap elementor-element-populated\">\n\t\t\t\t\t\t<div class=\"elementor-element elementor-element-2e74eda3 elementor-widget elementor-widget-spacer\" data-id=\"2e74eda3\" data-element_type=\"widget\" data-e-type=\"widget\" data-widget_type=\"spacer.default\">\n\t\t\t\t<div class=\"elementor-widget-container\">\n\t\t\t\t\t\t\t<div class=\"elementor-spacer\">\n\t\t\t<div class=\"elementor-spacer-inner\"><\/div>\n\t\t<\/div>\n\t\t\t\t\t\t<\/div>\n\t\t\t\t<\/div>\n\t\t\t\t\t<\/div>\n\t\t<\/div>\n\t\t\t\t\t<\/div>\n\t\t<\/section>\n\t\t\t\t<section class=\"elementor-section elementor-top-section elementor-element elementor-element-75e8d426 elementor-section-boxed elementor-section-height-default elementor-section-height-default\" data-id=\"75e8d426\" data-element_type=\"section\" data-e-type=\"section\" data-settings=\"{&quot;_ha_eqh_enable&quot;:false}\">\n\t\t\t\t\t\t<div class=\"elementor-container elementor-column-gap-default\">\n\t\t\t\t\t<div class=\"elementor-column elementor-col-50 elementor-top-column elementor-element elementor-element-64682f1b\" data-id=\"64682f1b\" data-element_type=\"column\" data-e-type=\"column\">\n\t\t\t<div class=\"elementor-widget-wrap elementor-element-populated\">\n\t\t\t\t\t\t<div class=\"elementor-element elementor-element-34542d39 elementor-widget elementor-widget-image\" data-id=\"34542d39\" data-element_type=\"widget\" data-e-type=\"widget\" data-widget_type=\"image.default\">\n\t\t\t\t<div class=\"elementor-widget-container\">\n\t\t\t\t\t\t\t\t\t\t\t\t\t\t\t<img fetchpriority=\"high\" decoding=\"async\" width=\"400\" height=\"400\" src=\"https:\/\/faro.ib-caddy.com\/\/wp-content\/uploads\/faro\/\/2021\/03\/bim-scanplan.jpg\" class=\"attachment-large size-large wp-image-112\" alt=\"\" srcset=\"https:\/\/faro.ib-caddy.com\/\/wp-content\/uploads\/faro\/2021\/03\/bim-scanplan.jpg 400w, https:\/\/faro.ib-caddy.com\/\/wp-content\/uploads\/faro\/2021\/03\/bim-scanplan-300x300.jpg 300w, https:\/\/faro.ib-caddy.com\/\/wp-content\/uploads\/faro\/2021\/03\/bim-scanplan-150x150.jpg 150w, https:\/\/faro.ib-caddy.com\/\/wp-content\/uploads\/faro\/2021\/03\/bim-scanplan-12x12.jpg 12w\" sizes=\"(max-width: 400px) 100vw, 400px\" \/>\t\t\t\t\t\t\t\t\t\t\t\t\t\t\t<\/div>\n\t\t\t\t<\/div>\n\t\t\t\t\t<\/div>\n\t\t<\/div>\n\t\t\t\t<div class=\"elementor-column elementor-col-50 elementor-top-column elementor-element elementor-element-3807bc8f\" data-id=\"3807bc8f\" data-element_type=\"column\" data-e-type=\"column\">\n\t\t\t<div class=\"elementor-widget-wrap elementor-element-populated\">\n\t\t\t\t\t\t<div class=\"elementor-element elementor-element-1d733bf elementor-widget elementor-widget-text-editor\" data-id=\"1d733bf\" data-element_type=\"widget\" data-e-type=\"widget\" data-widget_type=\"text-editor.default\">\n\t\t\t\t<div class=\"elementor-widget-container\">\n\t\t\t\t\t\t\t\t\t<h3 class=\"no-margin\"><strong>ScanPlan<\/strong><\/h3><h5 class=\"no-margin\">Ro\u010dna, 2D re\u0161itev za kartiranje zajema tlorise v realnem \u010dasu<\/h5><p>S ScanPlan \u2122 FARO\u00ae zdru\u017euje hitrost in natan\u010dnost ter \u0161tevilne druge funkcije za poenostavitev vsakodnevnih 2D delovnih tokov. FARO ScanPlan, inovativna ro\u010dna naprava, ki omogo\u010da hitro merjenje in dokumentiranje tlorisov stavb v 2D. Preprosto sprehodite se skozi zgradbo in usmerite ScanPlan na stene. Med hojo se tloris sproti ustvari na pametnem telefonu (Android ali iPhone). Pretvorite 2D zemljevide v popolne tlorise z izvozom zajetih podatkov ScanPlan v datoteko DXF ali uporabite programsko opremo za diagramiranje 2D FARO Zone.<\/p>\t\t\t\t\t\t\t\t<\/div>\n\t\t\t\t<\/div>\n\t\t\t\t\t<\/div>\n\t\t<\/div>\n\t\t\t\t\t<\/div>\n\t\t<\/section>\n\t\t\t\t<section class=\"elementor-section elementor-top-section elementor-element elementor-element-7bdedd13 elementor-section-boxed elementor-section-height-default elementor-section-height-default\" data-id=\"7bdedd13\" data-element_type=\"section\" data-e-type=\"section\" data-settings=\"{&quot;_ha_eqh_enable&quot;:false}\">\n\t\t\t\t\t\t<div class=\"elementor-container elementor-column-gap-default\">\n\t\t\t\t\t<div class=\"elementor-column elementor-col-100 elementor-top-column elementor-element elementor-element-2a005ffb\" data-id=\"2a005ffb\" data-element_type=\"column\" data-e-type=\"column\">\n\t\t\t<div class=\"elementor-widget-wrap elementor-element-populated\">\n\t\t\t\t\t\t<div class=\"elementor-element elementor-element-bbc1546 elementor-align-right elementor-widget__width-auto elementor-widget elementor-widget-button\" data-id=\"bbc1546\" data-element_type=\"widget\" data-e-type=\"widget\" data-widget_type=\"button.default\">\n\t\t\t\t<div class=\"elementor-widget-container\">\n\t\t\t\t\t\t\t\t\t<div class=\"elementor-button-wrapper\">\n\t\t\t\t\t<a class=\"elementor-button elementor-button-link elementor-size-sm\" href=\"https:\/\/faro.ib-caddy.com\/\/wp-content\/uploads\/faro\/\/2021\/03\/FARO-ScanPlan-TechSheet.pdf\" target=\"_blank\">\n\t\t\t\t\t\t<span class=\"elementor-button-content-wrapper\">\n\t\t\t\t\t\t\t\t\t<span class=\"elementor-button-text\">PRENESITE SPECIFIKACIJE<\/span>\n\t\t\t\t\t<\/span>\n\t\t\t\t\t<\/a>\n\t\t\t\t<\/div>\n\t\t\t\t\t\t\t\t<\/div>\n\t\t\t\t<\/div>\n\t\t\t\t\t<\/div>\n\t\t<\/div>\n\t\t\t\t\t<\/div>\n\t\t<\/section>\n\t\t\t\t<\/div>","protected":false},"excerpt":{"rendered":"<p>ScanPlan Professionals working in architecture, construction, engineering and public safety have the challenge of gathering vast amounts of information with fewer people. It is that much more critical to capture floor plans with the proper technology quickly and accurately. With the ScanPlan\u2122 FARO\u00ae combines speed and precision and many more features to streamline everyday 2D [&hellip;]<\/p>","protected":false},"author":8,"featured_media":0,"parent":0,"menu_order":0,"comment_status":"closed","ping_status":"closed","template":"","meta":{"footnotes":""},"class_list":["post-172","page","type-page","status-publish","hentry"],"_links":{"self":[{"href":"https:\/\/faro.ib-caddy.com\/sl\/wp-json\/wp\/v2\/pages\/172","targetHints":{"allow":["GET"]}}],"collection":[{"href":"https:\/\/faro.ib-caddy.com\/sl\/wp-json\/wp\/v2\/pages"}],"about":[{"href":"https:\/\/faro.ib-caddy.com\/sl\/wp-json\/wp\/v2\/types\/page"}],"author":[{"embeddable":true,"href":"https:\/\/faro.ib-caddy.com\/sl\/wp-json\/wp\/v2\/users\/8"}],"replies":[{"embeddable":true,"href":"https:\/\/faro.ib-caddy.com\/sl\/wp-json\/wp\/v2\/comments?post=172"}],"version-history":[{"count":4,"href":"https:\/\/faro.ib-caddy.com\/sl\/wp-json\/wp\/v2\/pages\/172\/revisions"}],"predecessor-version":[{"id":451,"href":"https:\/\/faro.ib-caddy.com\/sl\/wp-json\/wp\/v2\/pages\/172\/revisions\/451"}],"wp:attachment":[{"href":"https:\/\/faro.ib-caddy.com\/sl\/wp-json\/wp\/v2\/media?parent=172"}],"curies":[{"name":"wp","href":"https:\/\/api.w.org\/{rel}","templated":true}]}}