{"id":176,"date":"2021-03-22T15:13:09","date_gmt":"2021-03-22T15:13:09","guid":{"rendered":"https:\/\/www.ib-caddy.com\/ibwp-faro-dev\/?page_id=176"},"modified":"2021-03-26T14:00:38","modified_gmt":"2021-03-26T14:00:38","slug":"focus-swift","status":"publish","type":"page","link":"https:\/\/faro.ib-caddy.com\/sl\/focus-swift\/","title":{"rendered":"Focus Swift"},"content":{"rendered":"<div data-elementor-type=\"wp-page\" data-elementor-id=\"176\" class=\"elementor elementor-176\" data-elementor-settings=\"{&quot;ha_cmc_init_switcher&quot;:&quot;no&quot;}\" data-elementor-post-type=\"page\">\n\t\t\t\t\t\t<section class=\"elementor-section elementor-top-section elementor-element elementor-element-3d0ec3e7 elementor-section-boxed elementor-section-height-default elementor-section-height-default\" data-id=\"3d0ec3e7\" data-element_type=\"section\" data-e-type=\"section\" data-settings=\"{&quot;background_background&quot;:&quot;classic&quot;,&quot;_ha_eqh_enable&quot;:false}\">\n\t\t\t\t\t\t<div class=\"elementor-container elementor-column-gap-default\">\n\t\t\t\t\t<div class=\"elementor-column elementor-col-50 elementor-top-column elementor-element elementor-element-31bcfa84\" data-id=\"31bcfa84\" data-element_type=\"column\" data-e-type=\"column\">\n\t\t\t<div class=\"elementor-widget-wrap elementor-element-populated\">\n\t\t\t\t\t\t<div class=\"elementor-element elementor-element-30b8be57 elementor-widget elementor-widget-spacer\" data-id=\"30b8be57\" data-element_type=\"widget\" data-e-type=\"widget\" data-widget_type=\"spacer.default\">\n\t\t\t\t<div class=\"elementor-widget-container\">\n\t\t\t\t\t\t\t<div class=\"elementor-spacer\">\n\t\t\t<div class=\"elementor-spacer-inner\"><\/div>\n\t\t<\/div>\n\t\t\t\t\t\t<\/div>\n\t\t\t\t<\/div>\n\t\t\t\t<div class=\"elementor-element elementor-element-519eae9a elementor-widget elementor-widget-text-editor\" data-id=\"519eae9a\" data-element_type=\"widget\" data-e-type=\"widget\" data-widget_type=\"text-editor.default\">\n\t\t\t\t<div class=\"elementor-widget-container\">\n\t\t\t\t\t\t\t\t\t<h1>Focus Swift<\/h1><p>Focus Swift je prva popolnoma integrirana 3D-re\u0161itev za mobilno preslikavo v zaprtih prostorih in je idealna za uporabnike, ki \u017eelijo zagotoviti najhitrej\u0161e in natan\u010dnej\u0161e skeniranje.<\/p>\t\t\t\t\t\t\t\t<\/div>\n\t\t\t\t<\/div>\n\t\t\t\t<div class=\"elementor-element elementor-element-525f9d23 elementor-widget elementor-widget-spacer\" data-id=\"525f9d23\" data-element_type=\"widget\" data-e-type=\"widget\" data-widget_type=\"spacer.default\">\n\t\t\t\t<div class=\"elementor-widget-container\">\n\t\t\t\t\t\t\t<div class=\"elementor-spacer\">\n\t\t\t<div class=\"elementor-spacer-inner\"><\/div>\n\t\t<\/div>\n\t\t\t\t\t\t<\/div>\n\t\t\t\t<\/div>\n\t\t\t\t\t<\/div>\n\t\t<\/div>\n\t\t\t\t<div class=\"elementor-column elementor-col-50 elementor-top-column elementor-element elementor-element-316ac5cd\" data-id=\"316ac5cd\" data-element_type=\"column\" data-e-type=\"column\">\n\t\t\t<div class=\"elementor-widget-wrap elementor-element-populated\">\n\t\t\t\t\t\t<div class=\"elementor-element elementor-element-52e8f95f elementor-widget elementor-widget-video\" data-id=\"52e8f95f\" data-element_type=\"widget\" data-e-type=\"widget\" data-settings=\"{&quot;youtube_url&quot;:&quot;https:\\\/\\\/youtu.be\\\/MWd8N24wxKw&quot;,&quot;video_type&quot;:&quot;youtube&quot;,&quot;controls&quot;:&quot;yes&quot;}\" data-widget_type=\"video.default\">\n\t\t\t\t<div class=\"elementor-widget-container\">\n\t\t\t\t\t\t\t<div class=\"elementor-wrapper elementor-open-inline\">\n\t\t\t<div class=\"elementor-video\"><\/div>\t\t<\/div>\n\t\t\t\t\t\t<\/div>\n\t\t\t\t<\/div>\n\t\t\t\t\t<\/div>\n\t\t<\/div>\n\t\t\t\t\t<\/div>\n\t\t<\/section>\n\t\t\t\t<section class=\"elementor-section elementor-top-section elementor-element elementor-element-5b64c233 elementor-section-boxed elementor-section-height-default elementor-section-height-default\" data-id=\"5b64c233\" data-element_type=\"section\" data-e-type=\"section\" data-settings=\"{&quot;_ha_eqh_enable&quot;:false}\">\n\t\t\t\t\t\t<div class=\"elementor-container elementor-column-gap-default\">\n\t\t\t\t\t<div class=\"elementor-column elementor-col-100 elementor-top-column elementor-element elementor-element-5d1d9214\" data-id=\"5d1d9214\" data-element_type=\"column\" data-e-type=\"column\">\n\t\t\t<div class=\"elementor-widget-wrap elementor-element-populated\">\n\t\t\t\t\t\t<div class=\"elementor-element elementor-element-6de69a4 elementor-widget elementor-widget-spacer\" data-id=\"6de69a4\" data-element_type=\"widget\" data-e-type=\"widget\" data-widget_type=\"spacer.default\">\n\t\t\t\t<div class=\"elementor-widget-container\">\n\t\t\t\t\t\t\t<div class=\"elementor-spacer\">\n\t\t\t<div class=\"elementor-spacer-inner\"><\/div>\n\t\t<\/div>\n\t\t\t\t\t\t<\/div>\n\t\t\t\t<\/div>\n\t\t\t\t\t<\/div>\n\t\t<\/div>\n\t\t\t\t\t<\/div>\n\t\t<\/section>\n\t\t\t\t<section class=\"elementor-section elementor-top-section elementor-element elementor-element-1908cf21 elementor-section-boxed elementor-section-height-default elementor-section-height-default\" data-id=\"1908cf21\" data-element_type=\"section\" data-e-type=\"section\" data-settings=\"{&quot;_ha_eqh_enable&quot;:false}\">\n\t\t\t\t\t\t<div class=\"elementor-container elementor-column-gap-default\">\n\t\t\t\t\t<div class=\"elementor-column elementor-col-50 elementor-top-column elementor-element elementor-element-1be4201e\" data-id=\"1be4201e\" data-element_type=\"column\" data-e-type=\"column\">\n\t\t\t<div class=\"elementor-widget-wrap elementor-element-populated\">\n\t\t\t\t\t\t<div class=\"elementor-element elementor-element-4b2565ad elementor-widget elementor-widget-image\" data-id=\"4b2565ad\" data-element_type=\"widget\" data-e-type=\"widget\" data-widget_type=\"image.default\">\n\t\t\t\t<div class=\"elementor-widget-container\">\n\t\t\t\t\t\t\t\t\t\t\t\t\t\t\t<img fetchpriority=\"high\" decoding=\"async\" width=\"400\" height=\"400\" src=\"https:\/\/faro.ib-caddy.com\/\/wp-content\/uploads\/faro\/\/2021\/03\/focus-swift.jpg\" class=\"attachment-large size-large wp-image-178\" alt=\"\" srcset=\"https:\/\/faro.ib-caddy.com\/\/wp-content\/uploads\/faro\/2021\/03\/focus-swift.jpg 400w, https:\/\/faro.ib-caddy.com\/\/wp-content\/uploads\/faro\/2021\/03\/focus-swift-300x300.jpg 300w, https:\/\/faro.ib-caddy.com\/\/wp-content\/uploads\/faro\/2021\/03\/focus-swift-150x150.jpg 150w, https:\/\/faro.ib-caddy.com\/\/wp-content\/uploads\/faro\/2021\/03\/focus-swift-12x12.jpg 12w\" sizes=\"(max-width: 400px) 100vw, 400px\" \/>\t\t\t\t\t\t\t\t\t\t\t\t\t\t\t<\/div>\n\t\t\t\t<\/div>\n\t\t\t\t\t<\/div>\n\t\t<\/div>\n\t\t\t\t<div class=\"elementor-column elementor-col-50 elementor-top-column elementor-element elementor-element-277f64e1\" data-id=\"277f64e1\" data-element_type=\"column\" data-e-type=\"column\">\n\t\t\t<div class=\"elementor-widget-wrap elementor-element-populated\">\n\t\t\t\t\t\t<div class=\"elementor-element elementor-element-77fd74b8 elementor-widget elementor-widget-text-editor\" data-id=\"77fd74b8\" data-element_type=\"widget\" data-e-type=\"widget\" data-widget_type=\"text-editor.default\">\n\t\t\t\t<div class=\"elementor-widget-container\">\n\t\t\t\t\t\t\t\t\t<h3 class=\"no-margin\"><strong>Focus Swift<\/strong><\/h3><h5 class=\"no-margin\">Notranja 3D mobilna re\u0161itev za preslikavo<\/h5><p>Focus Swift je prva popolnoma integrirana mobilna re\u0161itev za kartiranje v zaprtih prostorih in je zasnovana tako, da z minimalnim \u010dasom in naporom opravi naloge zajemanja velikih povr\u0161in. Je inovativen izdelek, ki hitreje prina\u0161a kakovostne podatke in zagotavlja najbolj natan\u010dne meritve, kjer koli je to potrebno. Kot \u017ee ime pove, je Swift hiter. Odvisno od zahtev glede natan\u010dnosti je inovativna naprava sposobna zajeti mobilna skeniranja velikih kompleksnih povr\u0161in do 10-krat hitreje kot tradicionalna stati\u010dna skeniranja. Uporabniki lahko tudi neposredno uvozijo v kateri koli CAD sistem z mo\u017enostmi 3D oblaka to\u010dk, hkrati pa poenostavijo svoje modeliranje z avtomatiziranimi procesi in optimizirajo svoje skeniranje v BIM potek dela. Lahek in prenosljiv Swift je idealen za notranje preglede tovarn, poslovnih stavb, bolni\u0161nic in trgovin. Njegova intuitivna in enostavna funkcionalnost zdru\u017euje najbolj\u0161e od FARO Focus Laser Scanner s FARO's ScanPlan 2D mapper in revolucionarno programsko opremo za lasersko skeniranje SCENE.<\/p><p>S ScanPlan \u2122 FARO\u00ae zdru\u017euje hitrost in natan\u010dnost ter \u0161tevilne druge funkcije za poenostavitev vsakodnevnih 2D delovnih tokov. FARO ScanPlan, inovativna ro\u010dna naprava, ki omogo\u010da hitro merjenje in dokumentiranje tlorisov stavb v 2D. Preprosto sprehodite se skozi zgradbo in usmerite ScanPlan na stene. Med hojo se tloris sproti ustvari na pametnem telefonu (Android ali iPhone). Pretvorite 2D zemljevide v popolne tlorise z izvozom zajetih podatkov ScanPlan v datoteko DXF ali uporabite programsko opremo za diagramiranje 2D FARO Zone.<\/p>\t\t\t\t\t\t\t\t<\/div>\n\t\t\t\t<\/div>\n\t\t\t\t\t<\/div>\n\t\t<\/div>\n\t\t\t\t\t<\/div>\n\t\t<\/section>\n\t\t\t\t<section class=\"elementor-section elementor-top-section elementor-element elementor-element-eb51f36 elementor-section-boxed elementor-section-height-default elementor-section-height-default\" data-id=\"eb51f36\" data-element_type=\"section\" data-e-type=\"section\" data-settings=\"{&quot;_ha_eqh_enable&quot;:false}\">\n\t\t\t\t\t\t<div class=\"elementor-container elementor-column-gap-default\">\n\t\t\t\t\t<div class=\"elementor-column elementor-col-100 elementor-top-column elementor-element elementor-element-4f9cffbb\" data-id=\"4f9cffbb\" data-element_type=\"column\" data-e-type=\"column\">\n\t\t\t<div class=\"elementor-widget-wrap elementor-element-populated\">\n\t\t\t\t\t\t<div class=\"elementor-element elementor-element-5247247d elementor-align-right elementor-widget__width-auto elementor-widget elementor-widget-button\" data-id=\"5247247d\" data-element_type=\"widget\" data-e-type=\"widget\" data-widget_type=\"button.default\">\n\t\t\t\t<div class=\"elementor-widget-container\">\n\t\t\t\t\t\t\t\t\t<div class=\"elementor-button-wrapper\">\n\t\t\t\t\t<a class=\"elementor-button elementor-button-link elementor-size-sm\" href=\"https:\/\/faro.ib-caddy.com\/\/wp-content\/uploads\/faro\/\/2021\/03\/FARO-FocusSwift-TechSheet.pdf\" target=\"_blank\">\n\t\t\t\t\t\t<span class=\"elementor-button-content-wrapper\">\n\t\t\t\t\t\t\t\t\t<span class=\"elementor-button-text\">PRENESITE SPECIFIKACIJE<\/span>\n\t\t\t\t\t<\/span>\n\t\t\t\t\t<\/a>\n\t\t\t\t<\/div>\n\t\t\t\t\t\t\t\t<\/div>\n\t\t\t\t<\/div>\n\t\t\t\t\t<\/div>\n\t\t<\/div>\n\t\t\t\t\t<\/div>\n\t\t<\/section>\n\t\t\t\t<\/div>","protected":false},"excerpt":{"rendered":"<p>Focus Swift The Focus Swift is the first fully integrated indoor 3D mobile mapping solution and is ideal for users who want to ensure the fastest and most accurate scans. Focus Swift Indoor 3D mobile mapping solution The Focus Swift is the first fully integrated indoor mobile mapping solution and is designed to accomplish large-area [&hellip;]<\/p>","protected":false},"author":8,"featured_media":0,"parent":0,"menu_order":0,"comment_status":"closed","ping_status":"closed","template":"","meta":{"footnotes":""},"class_list":["post-176","page","type-page","status-publish","hentry"],"_links":{"self":[{"href":"https:\/\/faro.ib-caddy.com\/sl\/wp-json\/wp\/v2\/pages\/176","targetHints":{"allow":["GET"]}}],"collection":[{"href":"https:\/\/faro.ib-caddy.com\/sl\/wp-json\/wp\/v2\/pages"}],"about":[{"href":"https:\/\/faro.ib-caddy.com\/sl\/wp-json\/wp\/v2\/types\/page"}],"author":[{"embeddable":true,"href":"https:\/\/faro.ib-caddy.com\/sl\/wp-json\/wp\/v2\/users\/8"}],"replies":[{"embeddable":true,"href":"https:\/\/faro.ib-caddy.com\/sl\/wp-json\/wp\/v2\/comments?post=176"}],"version-history":[{"count":3,"href":"https:\/\/faro.ib-caddy.com\/sl\/wp-json\/wp\/v2\/pages\/176\/revisions"}],"predecessor-version":[{"id":449,"href":"https:\/\/faro.ib-caddy.com\/sl\/wp-json\/wp\/v2\/pages\/176\/revisions\/449"}],"wp:attachment":[{"href":"https:\/\/faro.ib-caddy.com\/sl\/wp-json\/wp\/v2\/media?parent=176"}],"curies":[{"name":"wp","href":"https:\/\/api.w.org\/{rel}","templated":true}]}}