{"id":203,"date":"2021-03-23T13:10:58","date_gmt":"2021-03-23T13:10:58","guid":{"rendered":"https:\/\/www.ib-caddy.com\/ibwp-faro-dev\/?page_id=203"},"modified":"2025-02-03T13:50:57","modified_gmt":"2025-02-03T13:50:57","slug":"cam2","status":"publish","type":"page","link":"https:\/\/faro.ib-caddy.com\/sl\/cam2\/","title":{"rendered":"CAM2"},"content":{"rendered":"<div data-elementor-type=\"wp-page\" data-elementor-id=\"203\" class=\"elementor elementor-203\" data-elementor-settings=\"{&quot;ha_cmc_init_switcher&quot;:&quot;no&quot;}\" data-elementor-post-type=\"page\">\n\t\t\t\t\t\t<section class=\"elementor-section elementor-top-section elementor-element elementor-element-205d8534 elementor-section-boxed elementor-section-height-default elementor-section-height-default\" data-id=\"205d8534\" data-element_type=\"section\" data-e-type=\"section\" data-settings=\"{&quot;background_background&quot;:&quot;classic&quot;,&quot;_ha_eqh_enable&quot;:false}\">\n\t\t\t\t\t\t<div class=\"elementor-container elementor-column-gap-default\">\n\t\t\t\t\t<div class=\"elementor-column elementor-col-50 elementor-top-column elementor-element elementor-element-44e13ea0\" data-id=\"44e13ea0\" data-element_type=\"column\" data-e-type=\"column\">\n\t\t\t<div class=\"elementor-widget-wrap elementor-element-populated\">\n\t\t\t\t\t\t<div class=\"elementor-element elementor-element-5bdf4fe1 elementor-widget elementor-widget-spacer\" data-id=\"5bdf4fe1\" data-element_type=\"widget\" data-e-type=\"widget\" data-widget_type=\"spacer.default\">\n\t\t\t\t<div class=\"elementor-widget-container\">\n\t\t\t\t\t\t\t<div class=\"elementor-spacer\">\n\t\t\t<div class=\"elementor-spacer-inner\"><\/div>\n\t\t<\/div>\n\t\t\t\t\t\t<\/div>\n\t\t\t\t<\/div>\n\t\t\t\t<div class=\"elementor-element elementor-element-6f92d590 elementor-widget elementor-widget-text-editor\" data-id=\"6f92d590\" data-element_type=\"widget\" data-e-type=\"widget\" data-widget_type=\"text-editor.default\">\n\t\t\t\t<div class=\"elementor-widget-container\">\n\t\t\t\t\t\t\t\t\t<h1>FARO CAM2<\/h1><p class=\"translation-block\"><strong> FARO CAM2 <sup> \u00ae <\/sup> <\/strong> je najpametnej\u0161a programska platforma za 3D merjenje na svetu. Zasnovan z mislijo na uporabnika, ponuja najbolj\u0161o integrirano strojno izku\u0161njo FARO in zagotavlja, da lahko vsi operaterji hitro in enostavno izpolnijo svoje merilne naloge in zajamejo uporabne podatke s pomo\u010djo intuitivnega uporabni\u0161kega vmesnika in slikovno vodenih avtomatiziranih delovnih tokov.<\/p>\t\t\t\t\t\t\t\t<\/div>\n\t\t\t\t<\/div>\n\t\t\t\t<div class=\"elementor-element elementor-element-1a872a01 elementor-widget elementor-widget-spacer\" data-id=\"1a872a01\" data-element_type=\"widget\" data-e-type=\"widget\" data-widget_type=\"spacer.default\">\n\t\t\t\t<div class=\"elementor-widget-container\">\n\t\t\t\t\t\t\t<div class=\"elementor-spacer\">\n\t\t\t<div class=\"elementor-spacer-inner\"><\/div>\n\t\t<\/div>\n\t\t\t\t\t\t<\/div>\n\t\t\t\t<\/div>\n\t\t\t\t\t<\/div>\n\t\t<\/div>\n\t\t\t\t<div class=\"elementor-column elementor-col-50 elementor-top-column elementor-element elementor-element-125b67f\" data-id=\"125b67f\" data-element_type=\"column\" data-e-type=\"column\">\n\t\t\t<div class=\"elementor-widget-wrap elementor-element-populated\">\n\t\t\t\t\t\t<div class=\"elementor-element elementor-element-77afe3d elementor-widget elementor-widget-video\" data-id=\"77afe3d\" data-element_type=\"widget\" data-e-type=\"widget\" data-settings=\"{&quot;youtube_url&quot;:&quot;https:\\\/\\\/www.youtube.com\\\/watch?v=ZouCbz5XMpI&quot;,&quot;video_type&quot;:&quot;youtube&quot;,&quot;controls&quot;:&quot;yes&quot;}\" data-widget_type=\"video.default\">\n\t\t\t\t<div class=\"elementor-widget-container\">\n\t\t\t\t\t\t\t<div class=\"elementor-wrapper elementor-open-inline\">\n\t\t\t<div class=\"elementor-video\"><\/div>\t\t<\/div>\n\t\t\t\t\t\t<\/div>\n\t\t\t\t<\/div>\n\t\t\t\t\t<\/div>\n\t\t<\/div>\n\t\t\t\t\t<\/div>\n\t\t<\/section>\n\t\t\t\t<section class=\"elementor-section elementor-top-section elementor-element elementor-element-6f3b31ff elementor-section-boxed elementor-section-height-default elementor-section-height-default\" data-id=\"6f3b31ff\" data-element_type=\"section\" data-e-type=\"section\" data-settings=\"{&quot;_ha_eqh_enable&quot;:false}\">\n\t\t\t\t\t\t<div class=\"elementor-container elementor-column-gap-default\">\n\t\t\t\t\t<div class=\"elementor-column elementor-col-100 elementor-top-column elementor-element elementor-element-631bd121\" data-id=\"631bd121\" data-element_type=\"column\" data-e-type=\"column\">\n\t\t\t<div class=\"elementor-widget-wrap elementor-element-populated\">\n\t\t\t\t\t\t<div class=\"elementor-element elementor-element-5a60aecf elementor-widget elementor-widget-spacer\" data-id=\"5a60aecf\" data-element_type=\"widget\" data-e-type=\"widget\" data-widget_type=\"spacer.default\">\n\t\t\t\t<div class=\"elementor-widget-container\">\n\t\t\t\t\t\t\t<div class=\"elementor-spacer\">\n\t\t\t<div class=\"elementor-spacer-inner\"><\/div>\n\t\t<\/div>\n\t\t\t\t\t\t<\/div>\n\t\t\t\t<\/div>\n\t\t\t\t\t<\/div>\n\t\t<\/div>\n\t\t\t\t\t<\/div>\n\t\t<\/section>\n\t\t\t\t<section class=\"elementor-section elementor-top-section elementor-element elementor-element-28c3554 elementor-section-boxed elementor-section-height-default elementor-section-height-default\" data-id=\"28c3554\" data-element_type=\"section\" data-e-type=\"section\" data-settings=\"{&quot;_ha_eqh_enable&quot;:false}\">\n\t\t\t\t\t\t<div class=\"elementor-container elementor-column-gap-default\">\n\t\t\t\t\t<div class=\"elementor-column elementor-col-100 elementor-top-column elementor-element elementor-element-23572dfe\" data-id=\"23572dfe\" data-element_type=\"column\" data-e-type=\"column\">\n\t\t\t<div class=\"elementor-widget-wrap elementor-element-populated\">\n\t\t\t\t\t\t<section class=\"elementor-section elementor-inner-section elementor-element elementor-element-2c68ad9 elementor-section-full_width elementor-section-height-default elementor-section-height-default\" data-id=\"2c68ad9\" data-element_type=\"section\" data-e-type=\"section\" data-settings=\"{&quot;_ha_eqh_enable&quot;:false}\">\n\t\t\t\t\t\t<div class=\"elementor-container elementor-column-gap-default\">\n\t\t\t\t\t<div class=\"elementor-column elementor-col-50 elementor-inner-column elementor-element elementor-element-2f8e244\" data-id=\"2f8e244\" data-element_type=\"column\" data-e-type=\"column\">\n\t\t\t<div class=\"elementor-widget-wrap elementor-element-populated\">\n\t\t\t\t\t\t<div class=\"elementor-element elementor-element-9a12ec1 elementor-widget elementor-widget-image\" data-id=\"9a12ec1\" data-element_type=\"widget\" data-e-type=\"widget\" data-widget_type=\"image.default\">\n\t\t\t\t<div class=\"elementor-widget-container\">\n\t\t\t\t\t\t\t\t\t\t\t\t\t\t\t<img fetchpriority=\"high\" decoding=\"async\" width=\"800\" height=\"600\" src=\"https:\/\/faro.ib-caddy.com\/\/wp-content\/uploads\/faro\/\/2025\/01\/CMO10628_Web_ProductPage_Gallery_CAM2_3DM-1-1024x768.jpg\" class=\"attachment-large size-large wp-image-1249\" alt=\"\" srcset=\"https:\/\/faro.ib-caddy.com\/\/wp-content\/uploads\/faro\/2025\/01\/CMO10628_Web_ProductPage_Gallery_CAM2_3DM-1-1024x768.jpg 1024w, https:\/\/faro.ib-caddy.com\/\/wp-content\/uploads\/faro\/2025\/01\/CMO10628_Web_ProductPage_Gallery_CAM2_3DM-1-300x225.jpg 300w, https:\/\/faro.ib-caddy.com\/\/wp-content\/uploads\/faro\/2025\/01\/CMO10628_Web_ProductPage_Gallery_CAM2_3DM-1-768x576.jpg 768w, https:\/\/faro.ib-caddy.com\/\/wp-content\/uploads\/faro\/2025\/01\/CMO10628_Web_ProductPage_Gallery_CAM2_3DM-1-16x12.jpg 16w, https:\/\/faro.ib-caddy.com\/\/wp-content\/uploads\/faro\/2025\/01\/CMO10628_Web_ProductPage_Gallery_CAM2_3DM-1.jpg 1440w\" sizes=\"(max-width: 800px) 100vw, 800px\" \/>\t\t\t\t\t\t\t\t\t\t\t\t\t\t\t<\/div>\n\t\t\t\t<\/div>\n\t\t\t\t\t<\/div>\n\t\t<\/div>\n\t\t\t\t<div class=\"elementor-column elementor-col-50 elementor-inner-column elementor-element elementor-element-87cc4f2\" data-id=\"87cc4f2\" data-element_type=\"column\" data-e-type=\"column\">\n\t\t\t<div class=\"elementor-widget-wrap elementor-element-populated\">\n\t\t\t\t\t\t<div class=\"elementor-element elementor-element-31db7483 elementor-widget elementor-widget-text-editor\" data-id=\"31db7483\" data-element_type=\"widget\" data-e-type=\"widget\" data-widget_type=\"text-editor.default\">\n\t\t\t\t<div class=\"elementor-widget-container\">\n\t\t\t\t\t\t\t\t\t<h3 class=\"no-margin\"><strong>CAM2<\/strong><\/h3><h5 class=\"no-margin\">Najpametnej\u0161a 3D merilna platforma na svetu<\/h5><p class=\"translation-block\">CAM2\u00ae je zmogljiva, intuitivna, modularna programska re\u0161itev, ki uporabnikom omogo\u010da vse funkcionalnosti, potrebne za izvajanje 3D meritev, v all-in-one programskem ekosistemu. Zasnovana je za podporo uporabnikom pri izvajanju nalog zagotavljanja kakovosti in in\u0161pekcijskih pregledov. CAM2 vklju\u010duje pet razli\u010dnih programskih re\u0161itev, od katerih je vsaka prilagojena specifi\u010dnim potrebam kontrole v proizvodnji.<\/p><p>Ta stopnja modularnosti omogo\u010da uporabnikom, da se izognejo te\u017eavam, povezanim z nakupom dodatnih programov, ki presegajo njihove potreb. CAM2 poenostavi aplikacije industrijske metrologije za kontrole dimenzij, vstopno kontrolo in kontrolo prvih izdelkov, primerjave izdelkov s CAD modeli, meritve sestavov, ponavljajo\u010de se meritve delov ter geometrijsko dimenzioniranje in toleriranje (GD&amp;T). Izbolj\u0161a in pove\u010duje u\u010dinkovitost merilnih postopkov ter zagotavlja u\u010dinkovito povezavo med zagotavljanjem kakovosti in proizvodnimi operacijami, hkrati pa ponuja mo\u010dan nabor orodij za popoln nadzor in optimizacijo proizvodnih procesov.<\/p>\t\t\t\t\t\t\t\t<\/div>\n\t\t\t\t<\/div>\n\t\t\t\t<div class=\"elementor-element elementor-element-1ea99dc4 elementor-align-left elementor-widget__width-auto elementor-widget elementor-widget-button\" data-id=\"1ea99dc4\" data-element_type=\"widget\" data-e-type=\"widget\" data-widget_type=\"button.default\">\n\t\t\t\t<div class=\"elementor-widget-container\">\n\t\t\t\t\t\t\t\t\t<div class=\"elementor-button-wrapper\">\n\t\t\t\t\t<a class=\"elementor-button elementor-button-link elementor-size-sm\" href=\"https:\/\/faro.ib-caddy.com\/\/wp-content\/uploads\/faro\/\/2021\/08\/TechSheet_CAM2_Software_EN.pdf\" target=\"_blank\">\n\t\t\t\t\t\t<span class=\"elementor-button-content-wrapper\">\n\t\t\t\t\t\t\t\t\t<span class=\"elementor-button-text\">PRENESITE SPECIFIKACIJE<\/span>\n\t\t\t\t\t<\/span>\n\t\t\t\t\t<\/a>\n\t\t\t\t<\/div>\n\t\t\t\t\t\t\t\t<\/div>\n\t\t\t\t<\/div>\n\t\t\t\t<div class=\"elementor-element elementor-element-2acd99a elementor-align-right elementor-widget__width-auto elementor-widget elementor-widget-button\" data-id=\"2acd99a\" data-element_type=\"widget\" data-e-type=\"widget\" data-widget_type=\"button.default\">\n\t\t\t\t<div class=\"elementor-widget-container\">\n\t\t\t\t\t\t\t\t\t<div class=\"elementor-button-wrapper\">\n\t\t\t\t\t<a class=\"elementor-button elementor-button-link elementor-size-sm\" href=\"https:\/\/faro.ib-caddy.com\/sl\/web-demo\/\">\n\t\t\t\t\t\t<span class=\"elementor-button-content-wrapper\">\n\t\t\t\t\t\t\t\t\t<span class=\"elementor-button-text\">BEZPLA\u010cEN PREIZKUS<\/span>\n\t\t\t\t\t<\/span>\n\t\t\t\t\t<\/a>\n\t\t\t\t<\/div>\n\t\t\t\t\t\t\t\t<\/div>\n\t\t\t\t<\/div>\n\t\t\t\t\t<\/div>\n\t\t<\/div>\n\t\t\t\t\t<\/div>\n\t\t<\/section>\n\t\t\t\t\t<\/div>\n\t\t<\/div>\n\t\t\t\t\t<\/div>\n\t\t<\/section>\n\t\t\t\t<section class=\"elementor-section elementor-top-section elementor-element elementor-element-72a2c5e elementor-section-boxed elementor-section-height-default elementor-section-height-default\" data-id=\"72a2c5e\" data-element_type=\"section\" data-e-type=\"section\" data-settings=\"{&quot;_ha_eqh_enable&quot;:false}\">\n\t\t\t\t\t\t<div class=\"elementor-container elementor-column-gap-default\">\n\t\t\t\t\t<div class=\"elementor-column elementor-col-100 elementor-top-column elementor-element elementor-element-7694fe1\" data-id=\"7694fe1\" data-element_type=\"column\" data-e-type=\"column\">\n\t\t\t<div class=\"elementor-widget-wrap elementor-element-populated\">\n\t\t\t\t\t\t<div class=\"elementor-element elementor-element-9a1be72 elementor-widget elementor-widget-spacer\" data-id=\"9a1be72\" data-element_type=\"widget\" data-e-type=\"widget\" data-widget_type=\"spacer.default\">\n\t\t\t\t<div class=\"elementor-widget-container\">\n\t\t\t\t\t\t\t<div class=\"elementor-spacer\">\n\t\t\t<div class=\"elementor-spacer-inner\"><\/div>\n\t\t<\/div>\n\t\t\t\t\t\t<\/div>\n\t\t\t\t<\/div>\n\t\t\t\t<div class=\"elementor-element elementor-element-60f937b elementor-widget elementor-widget-heading\" data-id=\"60f937b\" data-element_type=\"widget\" data-e-type=\"widget\" data-widget_type=\"heading.default\">\n\t\t\t\t<div class=\"elementor-widget-container\">\n\t\t\t\t\t<h1 class=\"elementor-heading-title elementor-size-default\">Paketi programa CAM2<\/h1>\t\t\t\t<\/div>\n\t\t\t\t<\/div>\n\t\t\t\t\t<\/div>\n\t\t<\/div>\n\t\t\t\t\t<\/div>\n\t\t<\/section>\n\t\t\t\t<section class=\"elementor-section elementor-top-section elementor-element elementor-element-47c7811 elementor-section-boxed elementor-section-height-default elementor-section-height-default\" data-id=\"47c7811\" data-element_type=\"section\" data-e-type=\"section\" data-settings=\"{&quot;_ha_eqh_enable&quot;:false}\">\n\t\t\t\t\t\t<div class=\"elementor-container elementor-column-gap-default\">\n\t\t\t\t\t<div class=\"elementor-column elementor-col-33 elementor-top-column elementor-element elementor-element-8ba342f\" data-id=\"8ba342f\" data-element_type=\"column\" data-e-type=\"column\">\n\t\t\t<div class=\"elementor-widget-wrap elementor-element-populated\">\n\t\t\t\t\t\t<div class=\"elementor-element elementor-element-756c64e elementor-widget elementor-widget-text-editor\" data-id=\"756c64e\" data-element_type=\"widget\" data-e-type=\"widget\" data-widget_type=\"text-editor.default\">\n\t\t\t\t<div class=\"elementor-widget-container\">\n\t\t\t\t\t\t\t\t\t<h3 class=\"card__title\">CAM2 Probe Essentials<\/h3><div class=\"card__description\">Programska oprema, zasnovana za enostavne in zanesljive meritve z napravami FARO Gage in FARO Arm. Osredoto\u010da se na preprostost in u\u010dinkovitost ter omogo\u010da natan\u010dne meritve brez zapletenosti naprednih orodij. Idealna je za mala podjetja in nove uporabnike, saj poenostavlja nadzor kakovosti, izbolj\u0161uje natan\u010dnost in pove\u010duje produktivnost z intuitivnim in uporabniku prijaznim vmesnikom.<\/div><div>\u00a0<\/div>\t\t\t\t\t\t\t\t<\/div>\n\t\t\t\t<\/div>\n\t\t\t\t\t<\/div>\n\t\t<\/div>\n\t\t\t\t<div class=\"elementor-column elementor-col-33 elementor-top-column elementor-element elementor-element-1630453\" data-id=\"1630453\" data-element_type=\"column\" data-e-type=\"column\">\n\t\t\t<div class=\"elementor-widget-wrap elementor-element-populated\">\n\t\t\t\t\t\t<div class=\"elementor-element elementor-element-aa43ce8 elementor-widget elementor-widget-text-editor\" data-id=\"aa43ce8\" data-element_type=\"widget\" data-e-type=\"widget\" data-widget_type=\"text-editor.default\">\n\t\t\t\t<div class=\"elementor-widget-container\">\n\t\t\t\t\t\t\t\t\t<h3 class=\"card__title\">CAM2 Probe Professional<\/h3><div class=\"card__description\">Celovita programska oprema z naprednimi funkcijami za natan\u010dne preglede in meritve. S CAD in\u0161pekcijo, GDT, programiranjem QuickTool in brezhibno integracijo s FARO RPM (Real-Time Production Monitoring) za vpogled v SPC v realnem \u010dasu, Probe Professional pomaga proizvajalcem optimizirati kakovost, izbolj\u0161ati natan\u010dnost in spodbujati stalne izbolj\u0161ave na podlagi podatkovno vodenih odlo\u010ditev. Probe Professional podpira FARO Gage, FARO Arm in FARO Vantage Laser Tracker.<\/div>\t\t\t\t\t\t\t\t<\/div>\n\t\t\t\t<\/div>\n\t\t\t\t\t<\/div>\n\t\t<\/div>\n\t\t\t\t<div class=\"elementor-column elementor-col-33 elementor-top-column elementor-element elementor-element-0b9e993\" data-id=\"0b9e993\" data-element_type=\"column\" data-e-type=\"column\">\n\t\t\t<div class=\"elementor-widget-wrap elementor-element-populated\">\n\t\t\t\t\t\t<div class=\"elementor-element elementor-element-0b2c2d5 elementor-widget elementor-widget-text-editor\" data-id=\"0b2c2d5\" data-element_type=\"widget\" data-e-type=\"widget\" data-widget_type=\"text-editor.default\">\n\t\t\t\t<div class=\"elementor-widget-container\">\n\t\t\t\t\t\t\t\t\t<h3 class=\"card__title\">CAM2 Scan Professional<\/h3><div class=\"card__description\">FARO Scan Professional je napredna programska oprema za prenosne CMM-meritve, zasnovana za ro\u010dni skener FARO Leap ST. Omogo\u010da hitro in natan\u010dno zajemanje oblakov to\u010dk ter zagotavlja zanesljivo poravnavo s CAD-modeli, natan\u010dno ekstrakcijo gradnikov, zmogljiva orodja za analizo in celovito poro\u010danje. Ta re\u0161itev optimizira in\u0161pekcijske postopke in nadzor kakovosti, pove\u010duje u\u010dinkovitost ter natan\u010dnost ter uporabnikom omogo\u010da sprejemanje odlo\u010ditev na podlagi podatkov za izbolj\u0161anje kakovosti izdelkov.<\/div>\t\t\t\t\t\t\t\t<\/div>\n\t\t\t\t<\/div>\n\t\t\t\t\t<\/div>\n\t\t<\/div>\n\t\t\t\t\t<\/div>\n\t\t<\/section>\n\t\t\t\t<section class=\"elementor-section elementor-top-section elementor-element elementor-element-31b9bb8 elementor-section-boxed elementor-section-height-default elementor-section-height-default\" data-id=\"31b9bb8\" data-element_type=\"section\" data-e-type=\"section\" data-settings=\"{&quot;_ha_eqh_enable&quot;:false}\">\n\t\t\t\t\t\t<div class=\"elementor-container elementor-column-gap-default\">\n\t\t\t\t\t<div class=\"elementor-column elementor-col-25 elementor-top-column elementor-element elementor-element-d3709e5 elementor-hidden-tablet elementor-hidden-mobile\" data-id=\"d3709e5\" data-element_type=\"column\" data-e-type=\"column\">\n\t\t\t<div class=\"elementor-widget-wrap\">\n\t\t\t\t\t\t\t<\/div>\n\t\t<\/div>\n\t\t\t\t<div class=\"elementor-column elementor-col-25 elementor-top-column elementor-element elementor-element-a74caac\" data-id=\"a74caac\" data-element_type=\"column\" data-e-type=\"column\">\n\t\t\t<div class=\"elementor-widget-wrap elementor-element-populated\">\n\t\t\t\t\t\t<div class=\"elementor-element elementor-element-820ff6d elementor-widget elementor-widget-text-editor\" data-id=\"820ff6d\" data-element_type=\"widget\" data-e-type=\"widget\" data-widget_type=\"text-editor.default\">\n\t\t\t\t<div class=\"elementor-widget-container\">\n\t\t\t\t\t\t\t\t\t<h3 class=\"card__title\">CAM2 Expert<\/h3><div class=\"card__description\">To je vodilna razli\u010dica programske opreme CAM2, ki zdru\u017euje zmogljivosti CAM2 Probe Professional in CAM2 Scan Professional. Zdru\u017eljiva je z napravami FARO Gage, FaroArm, FAROBlue Laser Line Probe, FARO Laser Tracker, FARO 6Probe, FARO 8-Axis in ro\u010dnim skenerjem FARO Leap ST. Kot vrhunska programska re\u0161itev Expert omogo\u010da enostavno in intuitivno upravljanje nalog zagotavljanja kakovosti in 3D in\u0161pekcije za FARO merilne in skenirne naprave.<\/div>\t\t\t\t\t\t\t\t<\/div>\n\t\t\t\t<\/div>\n\t\t\t\t\t<\/div>\n\t\t<\/div>\n\t\t\t\t<div class=\"elementor-column elementor-col-25 elementor-top-column elementor-element elementor-element-7fa2a8a\" data-id=\"7fa2a8a\" data-element_type=\"column\" data-e-type=\"column\">\n\t\t\t<div class=\"elementor-widget-wrap elementor-element-populated\">\n\t\t\t\t\t\t<div class=\"elementor-element elementor-element-b45b9c6 elementor-widget elementor-widget-text-editor\" data-id=\"b45b9c6\" data-element_type=\"widget\" data-e-type=\"widget\" data-widget_type=\"text-editor.default\">\n\t\t\t\t<div class=\"elementor-widget-container\">\n\t\t\t\t\t\t\t\t\t<h3 class=\"card__title\">CAM2 Analyst<\/h3><div class=\"card__description\">Omogo\u010da uporabnikom odpiranje, pregledovanje in analizo CAM2 in\u0161pekcijskih datotek ter ustvarjanje QuickTools programov za avtomatizacijo pregledov. S tem izbolj\u0161uje u\u010dinkovitost, poenostavlja delovne procese in optimizira nadzor kakovosti, kar prispeva k ve\u010dji produktivnosti. Idealen je za naloge programiranja in analize brez povezave. Poleg programiranja in\u0161pekcijskih postopkov in analize v primerjavi s CAD-modelom je Analyst odli\u010dna re\u0161itev tudi za pregled rezultatov meritev.<\/div>\t\t\t\t\t\t\t\t<\/div>\n\t\t\t\t<\/div>\n\t\t\t\t\t<\/div>\n\t\t<\/div>\n\t\t\t\t<div class=\"elementor-column elementor-col-25 elementor-top-column elementor-element elementor-element-048f203 elementor-hidden-tablet elementor-hidden-mobile\" data-id=\"048f203\" data-element_type=\"column\" data-e-type=\"column\">\n\t\t\t<div class=\"elementor-widget-wrap\">\n\t\t\t\t\t\t\t<\/div>\n\t\t<\/div>\n\t\t\t\t\t<\/div>\n\t\t<\/section>\n\t\t\t\t<section class=\"elementor-section elementor-top-section elementor-element elementor-element-1073b22 elementor-section-boxed elementor-section-height-default elementor-section-height-default\" data-id=\"1073b22\" data-element_type=\"section\" data-e-type=\"section\" data-settings=\"{&quot;_ha_eqh_enable&quot;:false}\">\n\t\t\t\t\t\t<div class=\"elementor-container elementor-column-gap-default\">\n\t\t\t\t\t<div class=\"elementor-column elementor-col-100 elementor-top-column elementor-element elementor-element-572ff67\" data-id=\"572ff67\" data-element_type=\"column\" data-e-type=\"column\">\n\t\t\t<div class=\"elementor-widget-wrap elementor-element-populated\">\n\t\t\t\t\t\t<div class=\"elementor-element elementor-element-fc080d6 elementor-align-center elementor-widget__width-initial elementor-widget elementor-widget-button\" data-id=\"fc080d6\" data-element_type=\"widget\" data-e-type=\"widget\" data-widget_type=\"button.default\">\n\t\t\t\t<div class=\"elementor-widget-container\">\n\t\t\t\t\t\t\t\t\t<div class=\"elementor-button-wrapper\">\n\t\t\t\t\t<a class=\"elementor-button elementor-button-link elementor-size-sm\" href=\"https:\/\/faro.ib-caddy.com\/sl\/web-demo\/\">\n\t\t\t\t\t\t<span class=\"elementor-button-content-wrapper\">\n\t\t\t\t\t\t\t\t\t<span class=\"elementor-button-text\">BEZPLA\u010cEN PREIZKUS<\/span>\n\t\t\t\t\t<\/span>\n\t\t\t\t\t<\/a>\n\t\t\t\t<\/div>\n\t\t\t\t\t\t\t\t<\/div>\n\t\t\t\t<\/div>\n\t\t\t\t\t<\/div>\n\t\t<\/div>\n\t\t\t\t\t<\/div>\n\t\t<\/section>\n\t\t\t\t<\/div>","protected":false},"excerpt":{"rendered":"<p>FARO CAM2 FARO CAM2\u00ae\u00a0is the world\u2019s smartest 3D measurement software platform. Designed with the user in mind, it offers the best integrated FARO hardware experience and ensures that any operators can quickly and easily accomplish their measurement tasks and capture actionable data through its intuitive user interface and image-guided, automated measurement workflows. CAM2 The World\u2019s [&hellip;]<\/p>","protected":false},"author":8,"featured_media":0,"parent":0,"menu_order":0,"comment_status":"closed","ping_status":"closed","template":"","meta":{"footnotes":""},"class_list":["post-203","page","type-page","status-publish","hentry"],"_links":{"self":[{"href":"https:\/\/faro.ib-caddy.com\/sl\/wp-json\/wp\/v2\/pages\/203","targetHints":{"allow":["GET"]}}],"collection":[{"href":"https:\/\/faro.ib-caddy.com\/sl\/wp-json\/wp\/v2\/pages"}],"about":[{"href":"https:\/\/faro.ib-caddy.com\/sl\/wp-json\/wp\/v2\/types\/page"}],"author":[{"embeddable":true,"href":"https:\/\/faro.ib-caddy.com\/sl\/wp-json\/wp\/v2\/users\/8"}],"replies":[{"embeddable":true,"href":"https:\/\/faro.ib-caddy.com\/sl\/wp-json\/wp\/v2\/comments?post=203"}],"version-history":[{"count":59,"href":"https:\/\/faro.ib-caddy.com\/sl\/wp-json\/wp\/v2\/pages\/203\/revisions"}],"predecessor-version":[{"id":1484,"href":"https:\/\/faro.ib-caddy.com\/sl\/wp-json\/wp\/v2\/pages\/203\/revisions\/1484"}],"wp:attachment":[{"href":"https:\/\/faro.ib-caddy.com\/sl\/wp-json\/wp\/v2\/media?parent=203"}],"curies":[{"name":"wp","href":"https:\/\/api.w.org\/{rel}","templated":true}]}}