{"id":273,"date":"2021-03-24T14:31:42","date_gmt":"2021-03-24T14:31:42","guid":{"rendered":"https:\/\/www.ib-caddy.com\/ibwp-faro-dev\/?page_id=273"},"modified":"2022-09-28T06:22:37","modified_gmt":"2022-09-28T06:22:37","slug":"web-demo","status":"publish","type":"page","link":"https:\/\/faro.ib-caddy.com\/sl\/web-demo\/","title":{"rendered":"BEZPLA\u010cEN PREIZKUS"},"content":{"rendered":"<div data-elementor-type=\"wp-page\" data-elementor-id=\"273\" class=\"elementor elementor-273\" data-elementor-settings=\"{&quot;ha_cmc_init_switcher&quot;:&quot;no&quot;}\" data-elementor-post-type=\"page\">\n\t\t\t\t\t\t<section class=\"elementor-section elementor-top-section elementor-element elementor-element-4e6ff57c elementor-section-boxed elementor-section-height-default elementor-section-height-default\" data-id=\"4e6ff57c\" data-element_type=\"section\" data-e-type=\"section\" data-settings=\"{&quot;_ha_eqh_enable&quot;:false}\">\n\t\t\t\t\t\t<div class=\"elementor-container elementor-column-gap-wider\">\n\t\t\t\t\t<div class=\"elementor-column elementor-col-50 elementor-top-column elementor-element elementor-element-3b8d09f8\" data-id=\"3b8d09f8\" data-element_type=\"column\" data-e-type=\"column\">\n\t\t\t<div class=\"elementor-widget-wrap elementor-element-populated\">\n\t\t\t\t\t\t<div class=\"elementor-element elementor-element-3b5b130b elementor-widget elementor-widget-text-editor\" data-id=\"3b5b130b\" data-element_type=\"widget\" data-e-type=\"widget\" data-widget_type=\"text-editor.default\">\n\t\t\t\t<div class=\"elementor-widget-container\">\n\t\t\t\t\t\t\t\t\t<h2>\u017delite preizkusiti programske izdelke FARO?<\/h2>\t\t\t\t\t\t\t\t<\/div>\n\t\t\t\t<\/div>\n\t\t\t\t<div class=\"elementor-element elementor-element-1d9cf3ee elementor-widget elementor-widget-text-editor\" data-id=\"1d9cf3ee\" data-element_type=\"widget\" data-e-type=\"widget\" data-widget_type=\"text-editor.default\">\n\t\t\t\t<div class=\"elementor-widget-container\">\n\t\t\t\t\t\t\t\t\t<p>Izpolnite obrazec na va\u0161i desni in prejmite dostop do <strong>FARO<\/strong> <strong>software<\/strong> programs to try out.<\/p><p><span style=\"font-size: 1rem;\">Lahko nas kontaktirate tudi neposredno po telefonu na\u00a0<\/span><span style=\"font-size: 1rem; font-weight: bolder;\">+386 1 566 12 55<\/span><span style=\"font-size: 1rem;\">\u00a0 ali nam po\u0161ljite e-sporo\u010dilo na<\/span> <span style=\"font-size: 1rem; font-weight: bolder;\">info@ib-caddy.si<\/span><span style=\"font-size: 1rem;\">. Na\u0161 delovni \u010das je vsak delovni dan od <b>8:00 <\/b>do <b>16:00<\/b>.<\/span><\/p>\t\t\t\t\t\t\t\t<\/div>\n\t\t\t\t<\/div>\n\t\t\t\t\t<\/div>\n\t\t<\/div>\n\t\t\t\t<div class=\"elementor-column elementor-col-50 elementor-top-column elementor-element elementor-element-1e779764\" data-id=\"1e779764\" data-element_type=\"column\" data-e-type=\"column\">\n\t\t\t<div class=\"elementor-widget-wrap elementor-element-populated\">\n\t\t\t\t\t\t<div class=\"elementor-element elementor-element-d810606 elementor-widget elementor-widget-spacer\" data-id=\"d810606\" data-element_type=\"widget\" data-e-type=\"widget\" data-widget_type=\"spacer.default\">\n\t\t\t\t<div class=\"elementor-widget-container\">\n\t\t\t\t\t\t\t<div class=\"elementor-spacer\">\n\t\t\t<div class=\"elementor-spacer-inner\"><\/div>\n\t\t<\/div>\n\t\t\t\t\t\t<\/div>\n\t\t\t\t<\/div>\n\t\t\t\t<div class=\"elementor-element elementor-element-5c6d7dc0 elementor-button-align-stretch elementor-widget elementor-widget-form\" data-id=\"5c6d7dc0\" data-element_type=\"widget\" data-e-type=\"widget\" data-settings=\"{&quot;button_width&quot;:&quot;50&quot;,&quot;step_next_label&quot;:&quot;Next&quot;,&quot;step_previous_label&quot;:&quot;Previous&quot;,&quot;step_type&quot;:&quot;number_text&quot;,&quot;step_icon_shape&quot;:&quot;circle&quot;}\" data-widget_type=\"form.default\">\n\t\t\t\t<div class=\"elementor-widget-container\">\n\t\t\t\t\t\t\t<form class=\"elementor-form\" method=\"post\" id=\"farotrial\" name=\"FARO Software free tiral\" aria-label=\"FARO Software free tiral\" action=\"\">\n\t\t\t<input type=\"hidden\" name=\"post_id\" value=\"273\"\/>\n\t\t\t<input type=\"hidden\" name=\"form_id\" value=\"5c6d7dc0\"\/>\n\t\t\t<input type=\"hidden\" name=\"referer_title\" value=\"FREE TRIAL - FARO by IB-CADDY\" \/>\n\n\t\t\t\t\t\t\t<input type=\"hidden\" name=\"queried_id\" value=\"273\"\/>\n\t\t\t\n\t\t\t<div class=\"elementor-form-fields-wrapper elementor-labels-above\">\n\t\t\t\t\t\t\t\t<div class=\"elementor-field-type-checkbox elementor-field-group elementor-column elementor-field-group-software elementor-col-100\">\n\t\t\t\t\t\t\t\t\t\t\t\t<label for=\"form-field-software\" class=\"elementor-field-label\">\n\t\t\t\t\t\t\t\tIzberite programsko opremo, ki bi jo radi preizkusili:\t\t\t\t\t\t\t<\/label>\n\t\t\t\t\t\t<div class=\"elementor-field-subgroup\"><span class=\"elementor-field-option\"><input type=\"checkbox\" value=\"SCENE\" id=\"form-field-software-0\" name=\"form_fields[software][]\"> <label for=\"form-field-software-0\">SCENE<\/label><\/span><span class=\"elementor-field-option\"><input type=\"checkbox\" value=\"Cam2\" id=\"form-field-software-1\" name=\"form_fields[software][]\"> <label for=\"form-field-software-1\">CAM2<\/label><\/span><span class=\"elementor-field-option\"><input type=\"checkbox\" value=\"BuildIT \" id=\"form-field-software-2\" name=\"form_fields[software][]\"> <label for=\"form-field-software-2\">BuildIT <\/label><\/span><span class=\"elementor-field-option\"><input type=\"checkbox\" value=\"RevEng\" id=\"form-field-software-3\" name=\"form_fields[software][]\"> <label for=\"form-field-software-3\">RevEng<\/label><\/span><span class=\"elementor-field-option\"><input type=\"checkbox\" value=\"AsBuilt\" id=\"form-field-software-4\" name=\"form_fields[software][]\"> <label for=\"form-field-software-4\">AsBuilt<\/label><\/span><\/div>\t\t\t\t<\/div>\n\t\t\t\t\t\t\t\t<div class=\"elementor-field-type-text elementor-field-group elementor-column elementor-field-group-name elementor-col-100 elementor-field-required\">\n\t\t\t\t\t\t\t\t\t\t\t\t\t<input size=\"1\" type=\"text\" name=\"form_fields[name]\" id=\"form-field-name\" class=\"elementor-field elementor-size-xs  elementor-field-textual\" placeholder=\"IME IN PRIIMEK*\" required=\"required\">\n\t\t\t\t\t\t\t\t\t\t\t<\/div>\n\t\t\t\t\t\t\t\t<div class=\"elementor-field-type-email elementor-field-group elementor-column elementor-field-group-email elementor-col-100 elementor-field-required\">\n\t\t\t\t\t\t\t\t\t\t\t\t\t<input size=\"1\" type=\"email\" name=\"form_fields[email]\" id=\"form-field-email\" class=\"elementor-field elementor-size-xs  elementor-field-textual\" placeholder=\"E-MAIL NASLOV*\" required=\"required\">\n\t\t\t\t\t\t\t\t\t\t\t<\/div>\n\t\t\t\t\t\t\t\t<div class=\"elementor-field-type-tel elementor-field-group elementor-column elementor-field-group-tel elementor-col-100 elementor-field-required\">\n\t\t\t\t\t\t\t<input size=\"1\" type=\"tel\" name=\"form_fields[tel]\" id=\"form-field-tel\" class=\"elementor-field elementor-size-xs  elementor-field-textual\" placeholder=\"TELEFONSKA \u0160T.*\" required=\"required\" pattern=\"[0-9()#&amp;+*-=.]+\" title=\"Sprejemajo se lahko samo \u0161tevilke in znaki telefona (#, -, * itd.).\" data-no-translation-title=\"\">\n\n\t\t\t\t\t\t<\/div>\n\t\t\t\t\t\t\t\t<div class=\"elementor-field-type-text elementor-field-group elementor-column elementor-field-group-company elementor-col-100\">\n\t\t\t\t\t\t\t\t\t\t\t\t\t<input size=\"1\" type=\"text\" name=\"form_fields[company]\" id=\"form-field-company\" class=\"elementor-field elementor-size-xs  elementor-field-textual\" placeholder=\"PODJETJE\">\n\t\t\t\t\t\t\t\t\t\t\t<\/div>\n\t\t\t\t\t\t\t\t<div class=\"elementor-field-type-text elementor-field-group elementor-column elementor-field-group-address elementor-col-100 elementor-field-required\">\n\t\t\t\t\t\t\t\t\t\t\t\t\t<input size=\"1\" type=\"text\" name=\"form_fields[address]\" id=\"form-field-address\" class=\"elementor-field elementor-size-xs  elementor-field-textual\" placeholder=\"NASLOV*\" required=\"required\">\n\t\t\t\t\t\t\t\t\t\t\t<\/div>\n\t\t\t\t\t\t\t\t<div class=\"elementor-field-type-select elementor-field-group elementor-column elementor-field-group-country elementor-col-100 elementor-field-required\">\n\t\t\t\t\t\t\t<div class=\"elementor-field elementor-select-wrapper remove-before\">\n\t\t\t<div class=\"select-caret-down-wrapper\">\n\t\t\t\t<i aria-hidden=\"true\" class=\"eicon-caret-down\"><\/i>\t\t\t<\/div>\n\t\t\t<select name=\"form_fields[country]\" id=\"form-field-country\" class=\"elementor-field-textual elementor-size-xs\" required=\"required\">\n\t\t\t\t\t\t\t\t\t<option value=\"COUNTRY*\">DR\u017dAVA*<\/option>\n\t\t\t\t\t\t\t\t\t<option value=\"Afghanistan\">Afghanistan<\/option>\n\t\t\t\t\t\t\t\t\t<option value=\"Albania\">Albania<\/option>\n\t\t\t\t\t\t\t\t\t<option value=\"Algeria\">Algeria<\/option>\n\t\t\t\t\t\t\t\t\t<option value=\"Andorra\">Andorra<\/option>\n\t\t\t\t\t\t\t\t\t<option value=\"Angola\">Angola<\/option>\n\t\t\t\t\t\t\t\t\t<option value=\"Antigua and Barbuda\">Antigua and Barbuda<\/option>\n\t\t\t\t\t\t\t\t\t<option value=\"Argentina\">Argentina<\/option>\n\t\t\t\t\t\t\t\t\t<option value=\"Armenia\">Armenia<\/option>\n\t\t\t\t\t\t\t\t\t<option value=\"Aruba\">Aruba<\/option>\n\t\t\t\t\t\t\t\t\t<option value=\"Australia\">Australia<\/option>\n\t\t\t\t\t\t\t\t\t<option value=\"Austria\">Austria<\/option>\n\t\t\t\t\t\t\t\t\t<option value=\"Azerbaijan\">Azerbaijan<\/option>\n\t\t\t\t\t\t\t\t\t<option value=\"Bahamas, The\">Bahamas, The<\/option>\n\t\t\t\t\t\t\t\t\t<option value=\"Bahrain\">Bahrain<\/option>\n\t\t\t\t\t\t\t\t\t<option value=\"Bangladesh\">Bangladesh<\/option>\n\t\t\t\t\t\t\t\t\t<option value=\"Barbados\">Barbados<\/option>\n\t\t\t\t\t\t\t\t\t<option value=\"Belarus\">Belarus<\/option>\n\t\t\t\t\t\t\t\t\t<option value=\"Belgium\">Belgium<\/option>\n\t\t\t\t\t\t\t\t\t<option value=\"Belize\">Belize<\/option>\n\t\t\t\t\t\t\t\t\t<option value=\"Benin\">Benin<\/option>\n\t\t\t\t\t\t\t\t\t<option value=\"Bhutan\">Bhutan<\/option>\n\t\t\t\t\t\t\t\t\t<option value=\"Bolivia\">Bolivia<\/option>\n\t\t\t\t\t\t\t\t\t<option value=\"Bosnia and Herzegovina\">Bosnia and Herzegovina<\/option>\n\t\t\t\t\t\t\t\t\t<option value=\"Botswana\">Botswana<\/option>\n\t\t\t\t\t\t\t\t\t<option value=\"Brazil\">Brazil<\/option>\n\t\t\t\t\t\t\t\t\t<option value=\"Brunei\">Brunei<\/option>\n\t\t\t\t\t\t\t\t\t<option value=\"Bulgaria\">Bulgaria<\/option>\n\t\t\t\t\t\t\t\t\t<option value=\"Burkina Faso\">Burkina Faso<\/option>\n\t\t\t\t\t\t\t\t\t<option value=\"Burma\">Burma<\/option>\n\t\t\t\t\t\t\t\t\t<option value=\"Burundi\">Burundi<\/option>\n\t\t\t\t\t\t\t\t\t<option value=\"Cambodia\">Cambodia<\/option>\n\t\t\t\t\t\t\t\t\t<option value=\"Cameroon\">Cameroon<\/option>\n\t\t\t\t\t\t\t\t\t<option value=\"Canada\">Canada<\/option>\n\t\t\t\t\t\t\t\t\t<option value=\"Cabo Verde\">Cabo Verde<\/option>\n\t\t\t\t\t\t\t\t\t<option value=\"Central African Republic\">Central African Republic<\/option>\n\t\t\t\t\t\t\t\t\t<option value=\"Chad\">Chad<\/option>\n\t\t\t\t\t\t\t\t\t<option value=\"Chile\">Chile<\/option>\n\t\t\t\t\t\t\t\t\t<option value=\"China\">China<\/option>\n\t\t\t\t\t\t\t\t\t<option value=\"Colombia\">Colombia<\/option>\n\t\t\t\t\t\t\t\t\t<option value=\"Comoros\">Comoros<\/option>\n\t\t\t\t\t\t\t\t\t<option value=\"Congo, Democratic Republic of the\">Congo, Democratic Republic of the<\/option>\n\t\t\t\t\t\t\t\t\t<option value=\"Congo, Republic of the\">Congo, Republic of the<\/option>\n\t\t\t\t\t\t\t\t\t<option value=\"Costa Rica\">Costa Rica<\/option>\n\t\t\t\t\t\t\t\t\t<option value=\"Cote d&#039;Ivoire\">Cote d&#039;Ivoire<\/option>\n\t\t\t\t\t\t\t\t\t<option value=\"Croatia\">Croatia<\/option>\n\t\t\t\t\t\t\t\t\t<option value=\"Cuba\">Cuba<\/option>\n\t\t\t\t\t\t\t\t\t<option value=\"Curacao\">Curacao<\/option>\n\t\t\t\t\t\t\t\t\t<option value=\"Cyprus\">Cyprus<\/option>\n\t\t\t\t\t\t\t\t\t<option value=\"Czechia\">Czechia<\/option>\n\t\t\t\t\t\t\t\t\t<option value=\"Denmark\">Denmark<\/option>\n\t\t\t\t\t\t\t\t\t<option value=\"Djibouti\">Djibouti<\/option>\n\t\t\t\t\t\t\t\t\t<option value=\"Dominica\">Dominica<\/option>\n\t\t\t\t\t\t\t\t\t<option value=\"Dominican Republic\">Dominican Republic<\/option>\n\t\t\t\t\t\t\t\t\t<option value=\"East Timor (see Timor-Leste)\">East Timor (see Timor-Leste)<\/option>\n\t\t\t\t\t\t\t\t\t<option value=\"Ecuador\">Ecuador<\/option>\n\t\t\t\t\t\t\t\t\t<option value=\"Egypt\">Egypt<\/option>\n\t\t\t\t\t\t\t\t\t<option value=\"El Salvador\">El Salvador<\/option>\n\t\t\t\t\t\t\t\t\t<option value=\"Equatorial Guinea\">Equatorial Guinea<\/option>\n\t\t\t\t\t\t\t\t\t<option value=\"Eritrea\">Eritrea<\/option>\n\t\t\t\t\t\t\t\t\t<option value=\"Estonia\">Estonia<\/option>\n\t\t\t\t\t\t\t\t\t<option value=\"Ethiopia\">Ethiopia<\/option>\n\t\t\t\t\t\t\t\t\t<option value=\"Fiji\">Fiji<\/option>\n\t\t\t\t\t\t\t\t\t<option value=\"Finland\">Finland<\/option>\n\t\t\t\t\t\t\t\t\t<option value=\"France\">France<\/option>\n\t\t\t\t\t\t\t\t\t<option value=\"Gabon\">Gabon<\/option>\n\t\t\t\t\t\t\t\t\t<option value=\"Gambia, The\">Gambia, The<\/option>\n\t\t\t\t\t\t\t\t\t<option value=\"Georgia\">Georgia<\/option>\n\t\t\t\t\t\t\t\t\t<option value=\"Germany\">Germany<\/option>\n\t\t\t\t\t\t\t\t\t<option value=\"Ghana\">Ghana<\/option>\n\t\t\t\t\t\t\t\t\t<option value=\"Greece\">Greece<\/option>\n\t\t\t\t\t\t\t\t\t<option value=\"Grenada\">Grenada<\/option>\n\t\t\t\t\t\t\t\t\t<option value=\"Guatemala\">Guatemala<\/option>\n\t\t\t\t\t\t\t\t\t<option value=\"Guinea\">Guinea<\/option>\n\t\t\t\t\t\t\t\t\t<option value=\"Guinea-Bissau\">Guinea-Bissau<\/option>\n\t\t\t\t\t\t\t\t\t<option value=\"Guyana\">Guyana<\/option>\n\t\t\t\t\t\t\t\t\t<option value=\"Haiti\">Haiti<\/option>\n\t\t\t\t\t\t\t\t\t<option value=\"Holy See\">Holy See<\/option>\n\t\t\t\t\t\t\t\t\t<option value=\"Honduras\">Honduras<\/option>\n\t\t\t\t\t\t\t\t\t<option value=\"Hong Kong\">Hong Kong<\/option>\n\t\t\t\t\t\t\t\t\t<option value=\"Hungary\">Hungary<\/option>\n\t\t\t\t\t\t\t\t\t<option value=\"Iceland\">Iceland<\/option>\n\t\t\t\t\t\t\t\t\t<option value=\"India\">India<\/option>\n\t\t\t\t\t\t\t\t\t<option value=\"Indonesia\">Indonesia<\/option>\n\t\t\t\t\t\t\t\t\t<option value=\"Iran \">Iran <\/option>\n\t\t\t\t\t\t\t\t\t<option value=\"Iraq\">Iraq<\/option>\n\t\t\t\t\t\t\t\t\t<option value=\"Ireland\">Ireland<\/option>\n\t\t\t\t\t\t\t\t\t<option value=\"Israel\">Israel<\/option>\n\t\t\t\t\t\t\t\t\t<option value=\"Italy\">Italy<\/option>\n\t\t\t\t\t\t\t\t\t<option value=\"Jamaica\">Jamaica<\/option>\n\t\t\t\t\t\t\t\t\t<option value=\"Japan\">Japan<\/option>\n\t\t\t\t\t\t\t\t\t<option value=\"Jordan\">Jordan<\/option>\n\t\t\t\t\t\t\t\t\t<option value=\"Kazakhstan\">Kazakhstan<\/option>\n\t\t\t\t\t\t\t\t\t<option value=\"Kenya\">Kenya<\/option>\n\t\t\t\t\t\t\t\t\t<option value=\"Kiribati\">Kiribati<\/option>\n\t\t\t\t\t\t\t\t\t<option value=\"Korea, North\">Korea, North<\/option>\n\t\t\t\t\t\t\t\t\t<option value=\"Korea, South\">Korea, South<\/option>\n\t\t\t\t\t\t\t\t\t<option value=\"Kosovo\">Kosovo<\/option>\n\t\t\t\t\t\t\t\t\t<option value=\"Kuwait\">Kuwait<\/option>\n\t\t\t\t\t\t\t\t\t<option value=\"Kyrgyzstan\">Kyrgyzstan<\/option>\n\t\t\t\t\t\t\t\t\t<option value=\"Laos\">Laos<\/option>\n\t\t\t\t\t\t\t\t\t<option value=\"Latvia\">Latvia<\/option>\n\t\t\t\t\t\t\t\t\t<option value=\"Lebanon\">Lebanon<\/option>\n\t\t\t\t\t\t\t\t\t<option value=\"Lesotho\">Lesotho<\/option>\n\t\t\t\t\t\t\t\t\t<option value=\"Liberia\">Liberia<\/option>\n\t\t\t\t\t\t\t\t\t<option value=\"Libya\">Libya<\/option>\n\t\t\t\t\t\t\t\t\t<option value=\"Liechtenstein\">Liechtenstein<\/option>\n\t\t\t\t\t\t\t\t\t<option value=\"Lithuania\">Lithuania<\/option>\n\t\t\t\t\t\t\t\t\t<option value=\"Luxembourg\">Luxembourg<\/option>\n\t\t\t\t\t\t\t\t\t<option value=\"Macau\">Macau<\/option>\n\t\t\t\t\t\t\t\t\t<option value=\"Macedonia\">Macedonia<\/option>\n\t\t\t\t\t\t\t\t\t<option value=\"Madagascar\">Madagascar<\/option>\n\t\t\t\t\t\t\t\t\t<option value=\"Malawi\">Malawi<\/option>\n\t\t\t\t\t\t\t\t\t<option value=\"Malaysia\">Malaysia<\/option>\n\t\t\t\t\t\t\t\t\t<option value=\"Maldives\">Maldives<\/option>\n\t\t\t\t\t\t\t\t\t<option value=\"Mali\">Mali<\/option>\n\t\t\t\t\t\t\t\t\t<option value=\"Malta\">Malta<\/option>\n\t\t\t\t\t\t\t\t\t<option value=\"Marshall Islands\">Marshall Islands<\/option>\n\t\t\t\t\t\t\t\t\t<option value=\"Mauritania\">Mauritania<\/option>\n\t\t\t\t\t\t\t\t\t<option value=\"Mauritius\">Mauritius<\/option>\n\t\t\t\t\t\t\t\t\t<option value=\"Mexico\">Mexico<\/option>\n\t\t\t\t\t\t\t\t\t<option value=\"Micronesia\">Micronesia<\/option>\n\t\t\t\t\t\t\t\t\t<option value=\"Moldova\">Moldova<\/option>\n\t\t\t\t\t\t\t\t\t<option value=\"Monaco\">Monaco<\/option>\n\t\t\t\t\t\t\t\t\t<option value=\"Mongolia\">Mongolia<\/option>\n\t\t\t\t\t\t\t\t\t<option value=\"Montenegro\">Montenegro<\/option>\n\t\t\t\t\t\t\t\t\t<option value=\"Morocco\">Morocco<\/option>\n\t\t\t\t\t\t\t\t\t<option value=\"Mozambique\">Mozambique<\/option>\n\t\t\t\t\t\t\t\t\t<option value=\"Namibia\">Namibia<\/option>\n\t\t\t\t\t\t\t\t\t<option value=\"Nauru\">Nauru<\/option>\n\t\t\t\t\t\t\t\t\t<option value=\"Nepal\">Nepal<\/option>\n\t\t\t\t\t\t\t\t\t<option value=\"Netherlands\">Netherlands<\/option>\n\t\t\t\t\t\t\t\t\t<option value=\"New Zealand\">New Zealand<\/option>\n\t\t\t\t\t\t\t\t\t<option value=\"Nicaragua\">Nicaragua<\/option>\n\t\t\t\t\t\t\t\t\t<option value=\"Niger\">Niger<\/option>\n\t\t\t\t\t\t\t\t\t<option value=\"Nigeria\">Nigeria<\/option>\n\t\t\t\t\t\t\t\t\t<option value=\"North Korea\">North Korea<\/option>\n\t\t\t\t\t\t\t\t\t<option value=\"Norway\">Norway<\/option>\n\t\t\t\t\t\t\t\t\t<option value=\"Oman\">Oman<\/option>\n\t\t\t\t\t\t\t\t\t<option value=\"Pakistan\">Pakistan<\/option>\n\t\t\t\t\t\t\t\t\t<option value=\"Palau\">Palau<\/option>\n\t\t\t\t\t\t\t\t\t<option value=\"Palestinian Territories\">Palestinian Territories<\/option>\n\t\t\t\t\t\t\t\t\t<option value=\"Panama\">Panama<\/option>\n\t\t\t\t\t\t\t\t\t<option value=\"Papua New Guinea\">Papua New Guinea<\/option>\n\t\t\t\t\t\t\t\t\t<option value=\"Paraguay\">Paraguay<\/option>\n\t\t\t\t\t\t\t\t\t<option value=\"Peru\">Peru<\/option>\n\t\t\t\t\t\t\t\t\t<option value=\"Philippines\">Philippines<\/option>\n\t\t\t\t\t\t\t\t\t<option value=\"Poland\">Poland<\/option>\n\t\t\t\t\t\t\t\t\t<option value=\"Portugal\">Portugal<\/option>\n\t\t\t\t\t\t\t\t\t<option value=\"Qtar\">Qtar<\/option>\n\t\t\t\t\t\t\t\t\t<option value=\"Romania\">Romania<\/option>\n\t\t\t\t\t\t\t\t\t<option value=\"Russia\">Russia<\/option>\n\t\t\t\t\t\t\t\t\t<option value=\"Rwanda\">Rwanda<\/option>\n\t\t\t\t\t\t\t\t\t<option value=\"Saint Kitts and Nevis\">Saint Kitts and Nevis<\/option>\n\t\t\t\t\t\t\t\t\t<option value=\"Saint Lucia\">Saint Lucia<\/option>\n\t\t\t\t\t\t\t\t\t<option value=\"Saint Vincent and the Grenadines\">Saint Vincent and the Grenadines<\/option>\n\t\t\t\t\t\t\t\t\t<option value=\"Samoa\">Samoa<\/option>\n\t\t\t\t\t\t\t\t\t<option value=\"San Marino\">San Marino<\/option>\n\t\t\t\t\t\t\t\t\t<option value=\"Sao Tome and Principe\">Sao Tome and Principe<\/option>\n\t\t\t\t\t\t\t\t\t<option value=\"Saudi Arabia\">Saudi Arabia<\/option>\n\t\t\t\t\t\t\t\t\t<option value=\"Senegal\">Senegal<\/option>\n\t\t\t\t\t\t\t\t\t<option value=\"Serbia\">Serbia<\/option>\n\t\t\t\t\t\t\t\t\t<option value=\"Seychelles\">Seychelles<\/option>\n\t\t\t\t\t\t\t\t\t<option value=\"Sierra Leone\">Sierra Leone<\/option>\n\t\t\t\t\t\t\t\t\t<option value=\"Singapore\">Singapore<\/option>\n\t\t\t\t\t\t\t\t\t<option value=\"Sint Maarten\">Sint Maarten<\/option>\n\t\t\t\t\t\t\t\t\t<option value=\"Slovakia\">Slovakia<\/option>\n\t\t\t\t\t\t\t\t\t<option value=\"Slovenia\">Slovenia<\/option>\n\t\t\t\t\t\t\t\t\t<option value=\"Solomon Islands\">Solomon Islands<\/option>\n\t\t\t\t\t\t\t\t\t<option value=\"Somalia\">Somalia<\/option>\n\t\t\t\t\t\t\t\t\t<option value=\"South Africa\">South Africa<\/option>\n\t\t\t\t\t\t\t\t\t<option value=\"South Korea\">South Korea<\/option>\n\t\t\t\t\t\t\t\t\t<option value=\"South Sudan\">South Sudan<\/option>\n\t\t\t\t\t\t\t\t\t<option value=\"Spain\">Spain<\/option>\n\t\t\t\t\t\t\t\t\t<option value=\"Sri Lanka\">Sri Lanka<\/option>\n\t\t\t\t\t\t\t\t\t<option value=\"Sudan\">Sudan<\/option>\n\t\t\t\t\t\t\t\t\t<option value=\"Suriname\">Suriname<\/option>\n\t\t\t\t\t\t\t\t\t<option value=\"Swaziland\">Swaziland<\/option>\n\t\t\t\t\t\t\t\t\t<option value=\"Sweden\">Sweden<\/option>\n\t\t\t\t\t\t\t\t\t<option value=\"Switzerland\">Switzerland<\/option>\n\t\t\t\t\t\t\t\t\t<option value=\"Syria\">Syria<\/option>\n\t\t\t\t\t\t\t\t\t<option value=\"Taiwan\">Taiwan<\/option>\n\t\t\t\t\t\t\t\t\t<option value=\"Tajikistan\">Tajikistan<\/option>\n\t\t\t\t\t\t\t\t\t<option value=\"Tanzania\">Tanzania<\/option>\n\t\t\t\t\t\t\t\t\t<option value=\"Thailand\">Thailand<\/option>\n\t\t\t\t\t\t\t\t\t<option value=\"Timor-Leste\">Timor-Leste<\/option>\n\t\t\t\t\t\t\t\t\t<option value=\"Togo\">Togo<\/option>\n\t\t\t\t\t\t\t\t\t<option value=\"Tonga\">Tonga<\/option>\n\t\t\t\t\t\t\t\t\t<option value=\"Trinidad and Tobago\">Trinidad and Tobago<\/option>\n\t\t\t\t\t\t\t\t\t<option value=\"Tunisia\">Tunisia<\/option>\n\t\t\t\t\t\t\t\t\t<option value=\"Turkey\">Turkey<\/option>\n\t\t\t\t\t\t\t\t\t<option value=\"Turkmenistan\">Turkmenistan<\/option>\n\t\t\t\t\t\t\t\t\t<option value=\"Tuvalu\">Tuvalu<\/option>\n\t\t\t\t\t\t\t\t\t<option value=\"Uganda\">Uganda<\/option>\n\t\t\t\t\t\t\t\t\t<option value=\"Ukraine\">Ukraine<\/option>\n\t\t\t\t\t\t\t\t\t<option value=\"United Arab Emirates\">United Arab Emirates<\/option>\n\t\t\t\t\t\t\t\t\t<option value=\"United Kingdom\">United Kingdom<\/option>\n\t\t\t\t\t\t\t\t\t<option value=\"Uruguay\">Uruguay<\/option>\n\t\t\t\t\t\t\t\t\t<option value=\"Uzbekistan\">Uzbekistan<\/option>\n\t\t\t\t\t\t\t\t\t<option value=\"Vanuatu\">Vanuatu<\/option>\n\t\t\t\t\t\t\t\t\t<option value=\"Venezuela\">Venezuela<\/option>\n\t\t\t\t\t\t\t\t\t<option value=\"Vietnam\">Vietnam<\/option>\n\t\t\t\t\t\t\t\t\t<option value=\"Yemen\">Yemen<\/option>\n\t\t\t\t\t\t\t\t\t<option value=\"Zambia\">Zambia<\/option>\n\t\t\t\t\t\t\t\t\t<option value=\"Zimbabwe\">Zimbabwe<\/option>\n\t\t\t\t\t\t\t<\/select>\n\t\t<\/div>\n\t\t\t\t\t\t<\/div>\n\t\t\t\t\t\t\t\t<div class=\"elementor-field-type-text elementor-field-group elementor-column elementor-field-group-zip elementor-col-100 elementor-field-required\">\n\t\t\t\t\t\t\t\t\t\t\t\t\t<input size=\"1\" type=\"text\" name=\"form_fields[zip]\" id=\"form-field-zip\" class=\"elementor-field elementor-size-xs  elementor-field-textual\" placeholder=\"PO\u0160TNA \u0160T. IN MESTO*\" required=\"required\">\n\t\t\t\t\t\t\t\t\t\t\t<\/div>\n\t\t\t\t\t\t\t\t<div class=\"elementor-field-type-textarea elementor-field-group elementor-column elementor-field-group-reason elementor-col-100\">\n\t\t\t\t\t<textarea class=\"elementor-field-textual elementor-field  elementor-size-xs\" name=\"form_fields[reason]\" id=\"form-field-reason\" rows=\"4\" placeholder=\"VA\u0160 OPIS*s\"><\/textarea>\t\t\t\t<\/div>\n\t\t\t\t\t\t\t\t<div class=\"elementor-field-type-acceptance elementor-field-group elementor-column elementor-field-group-field_e462f22 elementor-col-100 elementor-field-required\">\n\t\t\t\t\t\t\t<div class=\"elementor-field-subgroup\">\n\t\t\t<span class=\"elementor-field-option\">\n\t\t\t\t<input type=\"checkbox\" name=\"form_fields[field_e462f22]\" id=\"form-field-field_e462f22\" class=\"elementor-field elementor-size-xs  elementor-acceptance-field\" required=\"required\">\n\t\t\t\t<label for=\"form-field-field_e462f22\">*IB-CADDY d.o.o. uporablja podane informacije, da ostane v stiku z Vami in vas obve\u0161\u010da o produktih, dogodkih in aktualnih akcijah. Podatkov ne posredujemo tretjim osebam in jih skrbno varujemo (ve\u010d na <a href=\"https:\/\/www.ib-caddy.com\/data-security.php\"><span style=\"color: rgb(84, 172, 210);\">Data security<\/span><\/a>). Prosimo potrdite, da ob\u010dasno lahko prejmete promocijsko elektronsko po\u0161to, kjer bo vedno tudi povezava do odjave.<\/label>\t\t\t<\/span>\n\t\t<\/div>\n\t\t\t\t\t\t<\/div>\n\t\t\t\t\t\t\t\t<div class=\"elementor-field-type-recaptcha_v3 elementor-field-group elementor-column elementor-field-group-field_dd39cde elementor-col-100 recaptcha_v3-inline\">\n\t\t\t\t\t<div class=\"elementor-field\" id=\"form-field-field_dd39cde\"><div class=\"elementor-g-recaptcha\" data-sitekey=\"6Lf0-qsaAAAAAK-OWHkstBs0HvuxbvxQUtv819Ku\" data-type=\"v3\" data-action=\"Form\" data-badge=\"inline\" data-size=\"invisible\"><\/div><\/div>\t\t\t\t<\/div>\n\t\t\t\t\t\t\t\t<div class=\"elementor-field-group elementor-column elementor-field-type-submit elementor-col-50 e-form__buttons\">\n\t\t\t\t\t<button class=\"elementor-button elementor-size-sm\" type=\"submit\">\n\t\t\t\t\t\t<span class=\"elementor-button-content-wrapper\">\n\t\t\t\t\t\t\t\t\t\t\t\t\t\t\t<span class=\"elementor-button-icon\">\n\t\t\t\t\t\t\t\t\t<i aria-hidden=\"true\" class=\"fas fa-file-download\"><\/i>\t\t\t\t\t\t\t\t\t\t\t\t\t\t\t\t\t<\/span>\n\t\t\t\t\t\t\t\t\t\t\t\t\t\t\t\t\t\t\t\t\t\t<span class=\"elementor-button-text\">PO\u0160LJI POVPRA\u0160EVANJE<\/span>\n\t\t\t\t\t\t\t\t\t\t\t\t\t<\/span>\n\t\t\t\t\t<\/button>\n\t\t\t\t<\/div>\n\t\t\t<\/div>\n\t\t<input type=\"hidden\" name=\"trp-form-language\" value=\"sl\"\/><\/form>\n\t\t\t\t\t\t<\/div>\n\t\t\t\t<\/div>\n\t\t\t\t<div class=\"elementor-element elementor-element-74f40b6 elementor-widget elementor-widget-text-editor\" data-id=\"74f40b6\" data-element_type=\"widget\" data-e-type=\"widget\" data-widget_type=\"text-editor.default\">\n\t\t\t\t<div class=\"elementor-widget-container\">\n\t\t\t\t\t\t\t\t\t<p>* OZNA\u010cENA POLJA SO OBVEZNA<\/p>\t\t\t\t\t\t\t\t<\/div>\n\t\t\t\t<\/div>\n\t\t\t\t\t<\/div>\n\t\t<\/div>\n\t\t\t\t\t<\/div>\n\t\t<\/section>\n\t\t\t\t<\/div>","protected":false},"excerpt":{"rendered":"<p>Want to try out FARO software products? Fill out the form on your right and recieve access to FARO software programs to try out. You can also contact us directly via phone at\u00a0+386 1 566 12 55\u00a0 or send us an e-mail to info@ib-caddy.si. Our work time is every working day from 8:00 to 16:00. [&hellip;]<\/p>","protected":false},"author":8,"featured_media":0,"parent":0,"menu_order":0,"comment_status":"closed","ping_status":"closed","template":"","meta":{"footnotes":""},"class_list":["post-273","page","type-page","status-publish","hentry"],"_links":{"self":[{"href":"https:\/\/faro.ib-caddy.com\/sl\/wp-json\/wp\/v2\/pages\/273","targetHints":{"allow":["GET"]}}],"collection":[{"href":"https:\/\/faro.ib-caddy.com\/sl\/wp-json\/wp\/v2\/pages"}],"about":[{"href":"https:\/\/faro.ib-caddy.com\/sl\/wp-json\/wp\/v2\/types\/page"}],"author":[{"embeddable":true,"href":"https:\/\/faro.ib-caddy.com\/sl\/wp-json\/wp\/v2\/users\/8"}],"replies":[{"embeddable":true,"href":"https:\/\/faro.ib-caddy.com\/sl\/wp-json\/wp\/v2\/comments?post=273"}],"version-history":[{"count":41,"href":"https:\/\/faro.ib-caddy.com\/sl\/wp-json\/wp\/v2\/pages\/273\/revisions"}],"predecessor-version":[{"id":964,"href":"https:\/\/faro.ib-caddy.com\/sl\/wp-json\/wp\/v2\/pages\/273\/revisions\/964"}],"wp:attachment":[{"href":"https:\/\/faro.ib-caddy.com\/sl\/wp-json\/wp\/v2\/media?parent=273"}],"curies":[{"name":"wp","href":"https:\/\/api.w.org\/{rel}","templated":true}]}}