{"id":785,"date":"2022-05-31T08:55:57","date_gmt":"2022-05-31T08:55:57","guid":{"rendered":"https:\/\/faro.ib-caddy.com\/?page_id=785"},"modified":"2022-06-02T12:56:09","modified_gmt":"2022-06-02T12:56:09","slug":"stream","status":"publish","type":"page","link":"https:\/\/faro.ib-caddy.com\/sl\/stream\/","title":{"rendered":"Stream"},"content":{"rendered":"<div data-elementor-type=\"wp-page\" data-elementor-id=\"785\" class=\"elementor elementor-785\" data-elementor-settings=\"{&quot;ha_cmc_init_switcher&quot;:&quot;no&quot;}\" data-elementor-post-type=\"page\">\n\t\t\t\t\t\t<section class=\"elementor-section elementor-top-section elementor-element elementor-element-3de2af24 elementor-section-boxed elementor-section-height-default elementor-section-height-default\" data-id=\"3de2af24\" data-element_type=\"section\" data-e-type=\"section\" data-settings=\"{&quot;background_background&quot;:&quot;classic&quot;,&quot;_ha_eqh_enable&quot;:false}\">\n\t\t\t\t\t\t<div class=\"elementor-container elementor-column-gap-default\">\n\t\t\t\t\t<div class=\"elementor-column elementor-col-100 elementor-top-column elementor-element elementor-element-6d632fb4\" data-id=\"6d632fb4\" data-element_type=\"column\" data-e-type=\"column\">\n\t\t\t<div class=\"elementor-widget-wrap elementor-element-populated\">\n\t\t\t\t\t\t<div class=\"elementor-element elementor-element-39e882f0 elementor-widget elementor-widget-spacer\" data-id=\"39e882f0\" data-element_type=\"widget\" data-e-type=\"widget\" data-widget_type=\"spacer.default\">\n\t\t\t\t<div class=\"elementor-widget-container\">\n\t\t\t\t\t\t\t<div class=\"elementor-spacer\">\n\t\t\t<div class=\"elementor-spacer-inner\"><\/div>\n\t\t<\/div>\n\t\t\t\t\t\t<\/div>\n\t\t\t\t<\/div>\n\t\t\t\t<div class=\"elementor-element elementor-element-e22755d elementor-widget elementor-widget-text-editor\" data-id=\"e22755d\" data-element_type=\"widget\" data-e-type=\"widget\" data-widget_type=\"text-editor.default\">\n\t\t\t\t<div class=\"elementor-widget-container\">\n\t\t\t\t\t\t\t\t\t<h1>FARO Stream<\/h1><p>Za uporabnike laserskega skenerja FARO Focus, ki \u017eelijo svoje podatke skeniranja nalo\u017eiti v Sphere, mobilna aplikacija FARO Stream zagotovi to povezavo. Omogo\u010da registracijo skenov na terenu, na va\u0161em mobilnem telefonu ali tablici.<\/p>\t\t\t\t\t\t\t\t<\/div>\n\t\t\t\t<\/div>\n\t\t\t\t<div class=\"elementor-element elementor-element-20ce0cc9 elementor-widget elementor-widget-spacer\" data-id=\"20ce0cc9\" data-element_type=\"widget\" data-e-type=\"widget\" data-widget_type=\"spacer.default\">\n\t\t\t\t<div class=\"elementor-widget-container\">\n\t\t\t\t\t\t\t<div class=\"elementor-spacer\">\n\t\t\t<div class=\"elementor-spacer-inner\"><\/div>\n\t\t<\/div>\n\t\t\t\t\t\t<\/div>\n\t\t\t\t<\/div>\n\t\t\t\t\t<\/div>\n\t\t<\/div>\n\t\t\t\t\t<\/div>\n\t\t<\/section>\n\t\t\t\t<section class=\"elementor-section elementor-top-section elementor-element elementor-element-b92fdfb elementor-section-boxed elementor-section-height-default elementor-section-height-default\" data-id=\"b92fdfb\" data-element_type=\"section\" data-e-type=\"section\" data-settings=\"{&quot;_ha_eqh_enable&quot;:false}\">\n\t\t\t\t\t\t<div class=\"elementor-container elementor-column-gap-default\">\n\t\t\t\t\t<div class=\"elementor-column elementor-col-100 elementor-top-column elementor-element elementor-element-dcde9c2\" data-id=\"dcde9c2\" data-element_type=\"column\" data-e-type=\"column\">\n\t\t\t<div class=\"elementor-widget-wrap elementor-element-populated\">\n\t\t\t\t\t\t<div class=\"elementor-element elementor-element-7538d9ba elementor-widget elementor-widget-spacer\" data-id=\"7538d9ba\" data-element_type=\"widget\" data-e-type=\"widget\" data-widget_type=\"spacer.default\">\n\t\t\t\t<div class=\"elementor-widget-container\">\n\t\t\t\t\t\t\t<div class=\"elementor-spacer\">\n\t\t\t<div class=\"elementor-spacer-inner\"><\/div>\n\t\t<\/div>\n\t\t\t\t\t\t<\/div>\n\t\t\t\t<\/div>\n\t\t\t\t\t<\/div>\n\t\t<\/div>\n\t\t\t\t\t<\/div>\n\t\t<\/section>\n\t\t\t\t<section class=\"elementor-section elementor-top-section elementor-element elementor-element-24718641 elementor-section-boxed elementor-section-height-default elementor-section-height-default\" data-id=\"24718641\" data-element_type=\"section\" data-e-type=\"section\" data-settings=\"{&quot;_ha_eqh_enable&quot;:false}\">\n\t\t\t\t\t\t<div class=\"elementor-container elementor-column-gap-default\">\n\t\t\t\t\t<div class=\"elementor-column elementor-col-50 elementor-top-column elementor-element elementor-element-b389e9c\" data-id=\"b389e9c\" data-element_type=\"column\" data-e-type=\"column\">\n\t\t\t<div class=\"elementor-widget-wrap elementor-element-populated\">\n\t\t\t\t\t\t<div class=\"elementor-element elementor-element-7181cb52 elementor-widget elementor-widget-text-editor\" data-id=\"7181cb52\" data-element_type=\"widget\" data-e-type=\"widget\" data-widget_type=\"text-editor.default\">\n\t\t\t\t<div class=\"elementor-widget-container\">\n\t\t\t\t\t\t\t\t\t<h3 class=\"no-margin\"><strong>Stream<\/strong><\/h3><h5 class=\"no-margin\">Povezava med FARO Focus Premium in Sphere Cloud platformo.<\/h5><p><strong>FARO Stream je mobilna aplikacija, ki vam omogo\u010da:<\/strong><\/p><ul><li><p class=\"translation-block\">Nadzorujte <strong>FARO Focus Premium<\/strong> laserski skener<\/p><\/li><li><p>Pre-registracijo zajetih podatkov direktno na terenu, kar zmanj\u0161a napake pri registraciji podatkov v pisarni<\/p><\/li><li><p>Zbiranje dopolnilnih podatkov kot so opombe, ozna\u010dene v skenu s slikovnimi ali datote\u010dnimi prilogami<\/p><\/li><li><p>Nalaganje zajetih podatkov neposredno v Sphere za takoj\u0161nje deljenje projekta s strankiami prek aplikacije WebShare ali Sync Agent aplikacijo za nadaljnjo obdelavo v SCENE ali As-Built Modeler<\/p><\/li><\/ul>\t\t\t\t\t\t\t\t<\/div>\n\t\t\t\t<\/div>\n\t\t\t\t\t<\/div>\n\t\t<\/div>\n\t\t\t\t<div class=\"elementor-column elementor-col-50 elementor-top-column elementor-element elementor-element-2a6a8dc2\" data-id=\"2a6a8dc2\" data-element_type=\"column\" data-e-type=\"column\">\n\t\t\t<div class=\"elementor-widget-wrap elementor-element-populated\">\n\t\t\t\t\t\t<div class=\"elementor-element elementor-element-7db4e59c elementor-widget elementor-widget-image\" data-id=\"7db4e59c\" data-element_type=\"widget\" data-e-type=\"widget\" data-widget_type=\"image.default\">\n\t\t\t\t<div class=\"elementor-widget-container\">\n\t\t\t\t\t\t\t\t\t\t\t\t\t\t\t<img decoding=\"async\" width=\"150\" height=\"150\" src=\"https:\/\/faro.ib-caddy.com\/\/wp-content\/uploads\/faro\/\/2022\/04\/stream-150x150.png\" class=\"attachment-thumbnail size-thumbnail wp-image-793\" alt=\"\" srcset=\"https:\/\/faro.ib-caddy.com\/\/wp-content\/uploads\/faro\/2022\/04\/stream-150x150.png 150w, https:\/\/faro.ib-caddy.com\/\/wp-content\/uploads\/faro\/2022\/04\/stream-12x12.png 12w, https:\/\/faro.ib-caddy.com\/\/wp-content\/uploads\/faro\/2022\/04\/stream-e1650008540123.png 90w\" sizes=\"(max-width: 150px) 100vw, 150px\" \/>\t\t\t\t\t\t\t\t\t\t\t\t\t\t\t<\/div>\n\t\t\t\t<\/div>\n\t\t\t\t\t<\/div>\n\t\t<\/div>\n\t\t\t\t\t<\/div>\n\t\t<\/section>\n\t\t\t\t<section class=\"elementor-section elementor-top-section elementor-element elementor-element-1237a1dd elementor-section-boxed elementor-section-height-default elementor-section-height-default\" data-id=\"1237a1dd\" data-element_type=\"section\" data-e-type=\"section\" data-settings=\"{&quot;_ha_eqh_enable&quot;:false}\">\n\t\t\t\t\t\t<div class=\"elementor-container elementor-column-gap-default\">\n\t\t\t\t\t<div class=\"elementor-column elementor-col-100 elementor-top-column elementor-element elementor-element-7c6a9cb3\" data-id=\"7c6a9cb3\" data-element_type=\"column\" data-e-type=\"column\">\n\t\t\t<div class=\"elementor-widget-wrap elementor-element-populated\">\n\t\t\t\t\t\t<div class=\"elementor-element elementor-element-38720c7b elementor-align-left elementor-widget__width-initial elementor-widget elementor-widget-button\" data-id=\"38720c7b\" data-element_type=\"widget\" data-e-type=\"widget\" data-widget_type=\"button.default\">\n\t\t\t\t<div class=\"elementor-widget-container\">\n\t\t\t\t\t\t\t\t\t<div class=\"elementor-button-wrapper\">\n\t\t\t\t\t<a class=\"elementor-button elementor-button-link elementor-size-sm\" href=\"https:\/\/faro.ib-caddy.com\/\/wp-content\/uploads\/faro\/\/2022\/05\/FARO_Stream_2022_flyer.pdf\">\n\t\t\t\t\t\t<span class=\"elementor-button-content-wrapper\">\n\t\t\t\t\t\t\t\t\t<span class=\"elementor-button-text\">PRENESITE SPECIFIKACIJE<\/span>\n\t\t\t\t\t<\/span>\n\t\t\t\t\t<\/a>\n\t\t\t\t<\/div>\n\t\t\t\t\t\t\t\t<\/div>\n\t\t\t\t<\/div>\n\t\t\t\t\t<\/div>\n\t\t<\/div>\n\t\t\t\t\t<\/div>\n\t\t<\/section>\n\t\t\t\t<section class=\"elementor-section elementor-top-section elementor-element elementor-element-289e1829 elementor-section-boxed elementor-section-height-default elementor-section-height-default\" data-id=\"289e1829\" data-element_type=\"section\" data-e-type=\"section\" data-settings=\"{&quot;_ha_eqh_enable&quot;:false}\">\n\t\t\t\t\t\t<div class=\"elementor-container elementor-column-gap-default\">\n\t\t\t\t\t<div class=\"elementor-column elementor-col-100 elementor-top-column elementor-element elementor-element-740c716\" data-id=\"740c716\" data-element_type=\"column\" data-e-type=\"column\">\n\t\t\t<div class=\"elementor-widget-wrap elementor-element-populated\">\n\t\t\t\t\t\t<div class=\"elementor-element elementor-element-355c1287 elementor-widget elementor-widget-spacer\" data-id=\"355c1287\" data-element_type=\"widget\" data-e-type=\"widget\" data-widget_type=\"spacer.default\">\n\t\t\t\t<div class=\"elementor-widget-container\">\n\t\t\t\t\t\t\t<div class=\"elementor-spacer\">\n\t\t\t<div class=\"elementor-spacer-inner\"><\/div>\n\t\t<\/div>\n\t\t\t\t\t\t<\/div>\n\t\t\t\t<\/div>\n\t\t\t\t\t<\/div>\n\t\t<\/div>\n\t\t\t\t\t<\/div>\n\t\t<\/section>\n\t\t\t\t<\/div>","protected":false},"excerpt":{"rendered":"<p>FARO Stream For FARO Focus laser scanner users who want to upload their scan data to Sphere, the FARO Stream mobile app provides these links. It allows you to register scans in the field, on your mobile phone or tablet. Stream Bridge between FARO Focus Premium and Sphere Cloud Platform FARO Stream is a mobile [&hellip;]<\/p>","protected":false},"author":8,"featured_media":0,"parent":0,"menu_order":0,"comment_status":"closed","ping_status":"closed","template":"","meta":{"footnotes":""},"class_list":["post-785","page","type-page","status-publish","hentry"],"_links":{"self":[{"href":"https:\/\/faro.ib-caddy.com\/sl\/wp-json\/wp\/v2\/pages\/785","targetHints":{"allow":["GET"]}}],"collection":[{"href":"https:\/\/faro.ib-caddy.com\/sl\/wp-json\/wp\/v2\/pages"}],"about":[{"href":"https:\/\/faro.ib-caddy.com\/sl\/wp-json\/wp\/v2\/types\/page"}],"author":[{"embeddable":true,"href":"https:\/\/faro.ib-caddy.com\/sl\/wp-json\/wp\/v2\/users\/8"}],"replies":[{"embeddable":true,"href":"https:\/\/faro.ib-caddy.com\/sl\/wp-json\/wp\/v2\/comments?post=785"}],"version-history":[{"count":11,"href":"https:\/\/faro.ib-caddy.com\/sl\/wp-json\/wp\/v2\/pages\/785\/revisions"}],"predecessor-version":[{"id":922,"href":"https:\/\/faro.ib-caddy.com\/sl\/wp-json\/wp\/v2\/pages\/785\/revisions\/922"}],"wp:attachment":[{"href":"https:\/\/faro.ib-caddy.com\/sl\/wp-json\/wp\/v2\/media?parent=785"}],"curies":[{"name":"wp","href":"https:\/\/api.w.org\/{rel}","templated":true}]}}